{"id":528886,"date":"2024-05-01T09:10:04","date_gmt":"2024-05-01T07:10:04","guid":{"rendered":"https:\/\/schuhewiebarfuss.at\/shop\/produkt\/groundies-flex-bf-damen-schwarz\/"},"modified":"2026-03-21T17:48:42","modified_gmt":"2026-03-21T16:48:42","slug":"groundies-flex-bf-damen-schwarz","status":"publish","type":"product","link":"https:\/\/schuhewiebarfuss.at\/shop\/produkt\/groundies-flex-bf-damen-schwarz\/","title":{"rendered":"Groundies Flex BF+ Damen Schwarz"},"content":{"rendered":"<p>Hier ist Name Programm: Unser Groundies\u00ae Minimal-Sneaker Flex Bf+ ist der minimalste, leichteste und feinf\u00fchligste Barfu\u00dfsneaker, der jemals unter dem Dach der Groundies Barfu\u00dfschmiede entstanden ist und dank des Barefoot+ Styles nun auch in einer extra weiten Passform erh\u00e4ltlich. Schwarz wie die Nacht, punktet dieser Barfu\u00dfschuh durch ein ausgekl\u00fcgeltes Obermaterial aus recyceltem PU und Bambus. Das atmungsaktive Innenfutter aus OnStream\u00ae Mikrofaser sorgt f\u00fcr ein angenehmes Fu\u00dfklima, selbst bei schwei\u00dftreibenden Aktivit\u00e4ten. F\u00fcr viel Komfort sorgen der fu\u00dffreundliche, anatomische Schnitt und unsere beliebte, feinf\u00fchlige GO1 Sohle.<\/p>\n<p>Besonderheiten<\/p>\n<p>    Groundies\u00ae Minimal Barfu\u00dfsneaker Flex Bf+<br \/>\n    Extra weite Zehenbox f\u00fcr besonders viel Platz im Zehenbereich<br \/>\n    Nullabsatz und neutrales Fu\u00dfbett<br \/>\n    Superleichtes Obermaterial aus Bambus-Viskose-Faser und recyceltem Polyamid<br \/>\n    Atmungsaktives Innenfutter aus OnSteam\u00ae Mikrofaser<br \/>\n    GO1 Sohle mit 3 mm Basis und 3,3 mm Profil<br \/>\n    Flexibel, rutsch- und abriebfest<br \/>\n    Designed in Germany. Made in Portugal<br \/>\n    Gr\u00f6\u00dfenhinweis: Dieses Modell f\u00e4llt gr\u00f6\u00dfengerecht aus<\/p>\n<p>Pflegehinweise<\/p>\n<p>Bitte verwende zum Reinigen deiner Groundies ein mit kaltem, klarem Wasser angefeuchtetes Tuch oder einen Schwamm. Besonders bei Leder- und Kunstleder-Modellen ist eine Impr\u00e4gnierung unbedingt empfehlenswert, um die Schuhe vor Feuchtigkeit, Verschmutzung und Umwelteinfl\u00fcssen zu sch\u00fctzen.<\/p>\n<p><b>Audio-Beschreibung<\/b><br \/><audio controls src=\"https:\/\/schuhewiebarfuss.at\/shop\/wp-content\/uploads\/lk\/9387_audio.wav\"><br \/>\n                                            Ihr Browser unterst\u00fctzt diese Audio-Ausgabe leider nicht.<br \/>\n                                            <\/ audio ><\/p>\n","protected":false},"excerpt":{"rendered":"<p>GROUNDIES\u00ae Flex BF+<\/p>\n<p>Obermaterial: Bambus-Viskose-Faser und recyceltem Polyamid<br \/>\nInnenfutter: OnSteam\u00ae aus atmungsaktiver Mikrofaser<br \/>\nSohle: GO1 Sohle<br \/>\nInnensohle:<br \/>\nAbsatz: Nullabsatz und neutrales Fu\u00dfbett<br \/>\nZehenbox: Anatomisch, extra breite Passform im Zehenbereich<br \/>\nFlexibel, rutsch- und abriebfest<\/p>\n","protected":false},"featured_media":529742,"comment_status":"open","ping_status":"closed","template":"","meta":[],"product_brand":[],"product_cat":[3121],"product_tag":[1362,1368,1373,1374,1375,1376,1377,2953,1450],"class_list":{"0":"post-528886","1":"product","2":"type-product","3":"status-publish","4":"has-post-thumbnail","6":"product_cat-sale","7":"product_tag-groesse-36","8":"product_tag-groesse-37","9":"product_tag-groesse-38","10":"product_tag-groesse-39","11":"product_tag-groesse-40","12":"product_tag-groesse-41","13":"product_tag-groesse-42","14":"product_tag-marke-groundies","15":"product_tag-sale","17":"first","18":"instock","19":"taxable","20":"shipping-taxable","21":"purchasable","22":"product-type-variable"},"_links":{"self":[{"href":"https:\/\/schuhewiebarfuss.at\/shop\/wp-json\/wp\/v2\/product\/528886","targetHints":{"allow":["GET"]}}],"collection":[{"href":"https:\/\/schuhewiebarfuss.at\/shop\/wp-json\/wp\/v2\/product"}],"about":[{"href":"https:\/\/schuhewiebarfuss.at\/shop\/wp-json\/wp\/v2\/types\/product"}],"replies":[{"embeddable":true,"href":"https:\/\/schuhewiebarfuss.at\/shop\/wp-json\/wp\/v2\/comments?post=528886"}],"wp:featuredmedia":[{"embeddable":true,"href":"https:\/\/schuhewiebarfuss.at\/shop\/wp-json\/wp\/v2\/media\/529742"}],"wp:attachment":[{"href":"https:\/\/schuhewiebarfuss.at\/shop\/wp-json\/wp\/v2\/media?parent=528886"}],"wp:term":[{"taxonomy":"product_brand","embeddable":true,"href":"https:\/\/schuhewiebarfuss.at\/shop\/wp-json\/wp\/v2\/product_brand?post=528886"},{"taxonomy":"product_cat","embeddable":true,"href":"https:\/\/schuhewiebarfuss.at\/shop\/wp-json\/wp\/v2\/product_cat?post=528886"},{"taxonomy":"product_tag","embeddable":true,"href":"https:\/\/schuhewiebarfuss.at\/shop\/wp-json\/wp\/v2\/product_tag?post=528886"}],"curies":[{"name":"wp","href":"https:\/\/api.w.org\/{rel}","templated":true}]}}