{"id":528278,"date":"2024-04-29T00:35:08","date_gmt":"2024-04-28T22:35:08","guid":{"rendered":"https:\/\/schuhewiebarfuss.at\/shop\/produkt\/trail-glove-7-k-a-c\/"},"modified":"2026-04-15T01:47:44","modified_gmt":"2026-04-14T23:47:44","slug":"trail-glove-7-k-a-c","status":"publish","type":"product","link":"https:\/\/schuhewiebarfuss.at\/shop\/produkt\/trail-glove-7-k-a-c\/","title":{"rendered":"Trail Glove 7 K A\/C"},"content":{"rendered":"<p>Das ist die kleine Ausf\u00fchrung des minimalistischen Erwachsenenschuhs f\u00fcr den Trail. Er folgt der nat\u00fcrlichen Fu\u00dfbewegung und bietet ein leichtes Barfu\u00dfgef\u00fchl und gleichzeitig Schutz. Das atmungsaktive Mesh erm\u00f6glicht eine Luftzirkulation, bietet eine Laufsohle mit Extra-Grip und die alternative Schlie\u00dfung erm\u00f6glicht einfaches An- und Ausziehen. Bonus: geruchshemmendes Futter.<\/p>\n<p>Merkmale:<\/p>\n<p>\u2022 Atmungsaktives, leichtes Obermaterial aus Synthetik und Mesh<br \/>\n\u2022 Alternativer Verschluss f\u00fcr leichtes An- und Ausziehen<br \/>\n\u2022 Futter aus recyceltem PET<br \/>\n\u2022 Geruchshemmendes Futter<br \/>\n\u2022 0 mm Sprengung nahe am Boden f\u00fcr ein Barfu\u00dfgef\u00fchl<br \/>\n\u2022 Nicht abf\u00e4rbende, besonders griffige Laufsohle f\u00fcr beste Bodenhaftung<\/p>\n<p><b>Audio-Beschreibung<\/b><br \/><audio controls src=\"https:\/\/schuhewiebarfuss.at\/shop\/wp-content\/uploads\/lk\/6304_audio.wav\"><br \/>\n                                            Ihr Browser unterst\u00fctzt diese Audio-Ausgabe leider nicht.<br \/>\n                                            <\/ audio ><\/p>\n","protected":false},"excerpt":{"rendered":"<p>Merrell TRAIL GLOVE 7 A\/C Kinder<\/p>\n<p>Obermaterial: Mesh<br \/>\nVerschluss: Schn\u00fcrsenkel und Klettverschluss<br \/>\nForm: vorn breit geschnitten. Zehen haben gute Bewegungsfreiheit<br \/>\nLaufsohle: Gummi<\/p>\n","protected":false},"featured_media":784324,"comment_status":"open","ping_status":"closed","template":"","meta":[],"product_brand":[],"product_cat":[847],"product_tag":[1479,1426,1371,1570,2629,1481,1408,1398,1399,1400,1401,1402,1403,1404,2468],"class_list":{"0":"post-528278","1":"product","2":"type-product","3":"status-publish","4":"has-post-thumbnail","6":"product_cat-wanderschuhe-4","7":"product_tag-farbe-blau","8":"product_tag-farbe-dunkelblau","9":"product_tag-farbe-grau","10":"product_tag-farbe-gruen","11":"product_tag-farbe-lila","12":"product_tag-farbe-pink","13":"product_tag-farbe-schwarz","14":"product_tag-groesse-29","15":"product_tag-groesse-30","16":"product_tag-groesse-31","17":"product_tag-groesse-32","18":"product_tag-groesse-33","19":"product_tag-groesse-34","20":"product_tag-groesse-35","21":"product_tag-marke-merrell","23":"first","24":"instock","25":"taxable","26":"shipping-taxable","27":"purchasable","28":"product-type-variable"},"_links":{"self":[{"href":"https:\/\/schuhewiebarfuss.at\/shop\/wp-json\/wp\/v2\/product\/528278","targetHints":{"allow":["GET"]}}],"collection":[{"href":"https:\/\/schuhewiebarfuss.at\/shop\/wp-json\/wp\/v2\/product"}],"about":[{"href":"https:\/\/schuhewiebarfuss.at\/shop\/wp-json\/wp\/v2\/types\/product"}],"replies":[{"embeddable":true,"href":"https:\/\/schuhewiebarfuss.at\/shop\/wp-json\/wp\/v2\/comments?post=528278"}],"wp:featuredmedia":[{"embeddable":true,"href":"https:\/\/schuhewiebarfuss.at\/shop\/wp-json\/wp\/v2\/media\/784324"}],"wp:attachment":[{"href":"https:\/\/schuhewiebarfuss.at\/shop\/wp-json\/wp\/v2\/media?parent=528278"}],"wp:term":[{"taxonomy":"product_brand","embeddable":true,"href":"https:\/\/schuhewiebarfuss.at\/shop\/wp-json\/wp\/v2\/product_brand?post=528278"},{"taxonomy":"product_cat","embeddable":true,"href":"https:\/\/schuhewiebarfuss.at\/shop\/wp-json\/wp\/v2\/product_cat?post=528278"},{"taxonomy":"product_tag","embeddable":true,"href":"https:\/\/schuhewiebarfuss.at\/shop\/wp-json\/wp\/v2\/product_tag?post=528278"}],"curies":[{"name":"wp","href":"https:\/\/api.w.org\/{rel}","templated":true}]}}