{"id":516162,"date":"2024-04-19T15:47:45","date_gmt":"2024-04-19T13:47:45","guid":{"rendered":"https:\/\/schuhewiebarfuss.at\/shop\/produkt\/affenzahn-dream-grau-gelb\/"},"modified":"2026-04-15T01:51:17","modified_gmt":"2026-04-14T23:51:17","slug":"affenzahn-dream","status":"publish","type":"product","link":"https:\/\/schuhewiebarfuss.at\/shop\/produkt\/affenzahn-dream\/","title":{"rendered":"Affenzahn Dream"},"content":{"rendered":"<p>Abgestimmtes Design: Das farbenfrohe Design der Affenzahn Dream-Schuhe ist optimal auf gr\u00f6\u00dfere Kinder abgestimmt. Ohne die typischen Affenzahn-Tiere, daf\u00fcr aber mindestens genauso bunt.<br \/>\nKinderleichter Verschluss: Schnelles An- und Ausziehen leicht gemacht! Mit diesem Klettverschluss sitzen die Schuhe fest am Fu\u00df und lassen sich kinderleicht schlie\u00dfen und \u00f6ffnen!<br \/>\nReflektierend: Die Schuhe sind mit Reflektoren ausgestattet, welche das Licht bei Dunkelheit reflektieren.<br \/>\nD\u00fcnne, flexible Sohle: Die Sohle der Affenzahn Schuhe ist nur so dick wie n\u00f6tig. Sie ist nicht ged\u00e4mpft, damit Kinder den Untergrund trotz Schuhen sp\u00fcren k\u00f6nnen.<br \/>\nGenug Platz zum Wachsen: Die Naturform der Schuhe bietet genung Platz f\u00fcr die Zehen. Die F\u00fc\u00dfe werden nicht eingeengt und k\u00f6nnen sich somit gesund entwickeln.<\/p>\n<p>F\u00fcr das Ober- und Futtermaterial verwendet Affenzahn 100% bluesign\u00ae zertifiziertes Polyester. Hier wird sehr darauf geachtet, die Umweltbelastung so gering wie m\u00f6glich zu halten.<br \/>\nDieser Schuh ist zu 100% aus veganen Materialien hergestellt. Das ist nicht nur gut f\u00fcr die Natur, es f\u00fchlt sich auch spitze an!<br \/>\nDie Innensohle besteht zu 30% aus Algen-Schaum von BLOOM\u2122, welche den weltweit ersten, mit Algen versetzten EVA-Schaum f\u00fcr die Schuhindustrie entwickelt haben.<br \/>\nDas recycelte Polyester im Innenfutter spart ca. 50% Energie, ungef\u00e4hr 70% CO2-Emissionen und reduziert das Abwasser um ca. 20% im Vergleich zu herk\u00f6mmlichem Polyester.<\/p>\n<p>Obermaterial: 100% bluesign\u00ae zertifiziertes Polyester<br \/>\nFuttermaterial: 100% recyceltes Polyester<br \/>\nSohle: 70% synthetisches Gummi, 30% nat\u00fcrliches Gummi<br \/>\nInnensohle: Bloom Foam\u00ae (EVA Schaum mit 30% Algenanteil)<br \/>\nVegan<br \/>\nGewicht: ca. 369 g<br \/>\nNat\u00fcrliche Materialien sind langlebig und einzigartig, daher kann es zu Unterschieden in der Verarbeitung kommen.<\/p>\n<p>Unsere Empfehlung: Schuhe h\u00e4ndisch reinigen. Weitere Pflegehinweise hier: https:\/\/www.affenzahn.com\/de\/blog\/schuhe-reinigen<\/p>\n<p>Innensohle &#8211; L\u00e4nge\/Breite (mm):<\/p>\n<p>Gr\u00f6\u00dfe: 33 &#8211; ideale Fu\u00dfl\u00e4nge: 206 mm &#8211; Fersen-Zehenbereich: 203-209 mm &#8211; Fu\u00dfbreite: 78 mm<br \/>\nGr\u00f6\u00dfe: 34 &#8211; ideale Fu\u00dfl\u00e4nge: 213 mm &#8211; Fersen-Zehenbereich: 210-216 mm &#8211; Fu\u00dfbreite: 80 mm<br \/>\nGr\u00f6\u00dfe: 35 &#8211; ideale Fu\u00dfl\u00e4nge: 220 mm &#8211; Fersen-Zehenbereich: 217-223 mm &#8211; Fu\u00dfbreite: 82 mm<br \/>\nGr\u00f6\u00dfe: 36 &#8211; ideale Fu\u00dfl\u00e4nge: 226 mm &#8211; Fersen-Zehenbereich: 224-229 mm &#8211; Fu\u00dfbreite: 82 mm<br \/>\nGr\u00f6\u00dfe: 37 &#8211; ideale Fu\u00dfl\u00e4nge: 232 mm &#8211; Fersen-Zehenbereich: 230-235 mm &#8211; Fu\u00dfbreite: 84 mm<\/p>\n<p><b>Audio-Beschreibung<\/b><br \/><audio controls src=\"https:\/\/schuhewiebarfuss.at\/shop\/wp-content\/uploads\/lk\/9474_audio.wav\"><br \/>\n                                            Ihr Browser unterst\u00fctzt diese Audio-Ausgabe leider nicht.<br \/>\n                                            <\/ audio ><\/p>\n","protected":false},"excerpt":{"rendered":"<p> Sneaker Vegan Dream<\/p>\n<p>F\u00fcr die gr\u00f6\u00dferen Entdecker ist der niedrig geschnittene, vegane Dream Sneaker perfekt f\u00fcr das Barfu\u00df-Gef\u00fchl. Er ist atmungsaktiv und bringt Farbe ins Spiel.<br \/>\nDieser Schuh ist vegan.<\/p>\n<p>Obermaterial: 100% zertifizierte Bio-Baumwolle<br \/>\nFuttermaterial: 100% zertifizierte Bio-Baumwolle<br \/>\nSohle: 70% synthetisches Gummi, 30% nat\u00fcrliches Gummi<br \/>\nInnensohle: Bloom Foam\u00ae (EVA Schaum mit 30% Algenanteil)<br \/>\nGewicht: ca. 369 g<\/p>\n","protected":false},"featured_media":516161,"comment_status":"open","ping_status":"closed","template":"","meta":[],"product_brand":[],"product_cat":[842],"product_tag":[1479,1427,1481,1402,1403,1404,1362,1368,2975],"class_list":{"0":"post-516162","1":"product","2":"type-product","3":"status-publish","4":"has-post-thumbnail","6":"product_cat-freizeit","7":"product_tag-farbe-blau","8":"product_tag-farbe-gelb","9":"product_tag-farbe-pink","10":"product_tag-groesse-33","11":"product_tag-groesse-34","12":"product_tag-groesse-35","13":"product_tag-groesse-36","14":"product_tag-groesse-37","15":"product_tag-marke-affenzahn","17":"first","18":"instock","19":"taxable","20":"shipping-taxable","21":"purchasable","22":"product-type-variable"},"_links":{"self":[{"href":"https:\/\/schuhewiebarfuss.at\/shop\/wp-json\/wp\/v2\/product\/516162","targetHints":{"allow":["GET"]}}],"collection":[{"href":"https:\/\/schuhewiebarfuss.at\/shop\/wp-json\/wp\/v2\/product"}],"about":[{"href":"https:\/\/schuhewiebarfuss.at\/shop\/wp-json\/wp\/v2\/types\/product"}],"replies":[{"embeddable":true,"href":"https:\/\/schuhewiebarfuss.at\/shop\/wp-json\/wp\/v2\/comments?post=516162"}],"wp:featuredmedia":[{"embeddable":true,"href":"https:\/\/schuhewiebarfuss.at\/shop\/wp-json\/wp\/v2\/media\/516161"}],"wp:attachment":[{"href":"https:\/\/schuhewiebarfuss.at\/shop\/wp-json\/wp\/v2\/media?parent=516162"}],"wp:term":[{"taxonomy":"product_brand","embeddable":true,"href":"https:\/\/schuhewiebarfuss.at\/shop\/wp-json\/wp\/v2\/product_brand?post=516162"},{"taxonomy":"product_cat","embeddable":true,"href":"https:\/\/schuhewiebarfuss.at\/shop\/wp-json\/wp\/v2\/product_cat?post=516162"},{"taxonomy":"product_tag","embeddable":true,"href":"https:\/\/schuhewiebarfuss.at\/shop\/wp-json\/wp\/v2\/product_tag?post=516162"}],"curies":[{"name":"wp","href":"https:\/\/api.w.org\/{rel}","templated":true}]}}