{"id":513536,"date":"2024-04-15T19:35:39","date_gmt":"2024-04-15T17:35:39","guid":{"rendered":"https:\/\/schuhewiebarfuss.at\/shop\/produkt\/affenzahn-trail\/"},"modified":"2026-03-01T14:32:15","modified_gmt":"2026-03-01T13:32:15","slug":"affenzahn-trail","status":"publish","type":"product","link":"https:\/\/schuhewiebarfuss.at\/shop\/produkt\/affenzahn-trail\/","title":{"rendered":"Affenzahn Trail"},"content":{"rendered":"<p>Wasserdicht und atmungsaktiv: Dank der speziellen AffenTex Membran kommt keine Feuchtigkeit von au\u00dfen in die Schuhe und die F\u00fc\u00dfe bleiben auch nach dem Pf\u00fctzenspringen trocken und warm.<br \/>\nSuper leicht: So leicht und so bequem! Man k\u00f6nnte meinen, man hat gar keine Schuhe an.<br \/>\nSchnellschn\u00fcrsystem: Das clevere Schnellschn\u00fcrsystem besteht aus einem Gummiband und Knopf mit passendem Tieraufdruck, damit der Schuh gut sitzt.<br \/>\nReflektierend: Die Schuhe sind mit Reflektoren ausgestattet, welche das Licht bei Dunkelheit reflektieren.<br \/>\nD\u00fcnne, flexible Sohle: Die Sohle der Affenzahn Schuhe ist nur so dick wie n\u00f6tig. Sie ist nicht ged\u00e4mpft, damit Kinder den Untergrund trotz Schuhen sp\u00fcren k\u00f6nnen.<br \/>\nRecht-Links unterscheiden: Clever gemacht! So kommt es garantiert nicht mehr zu entenf\u00fc\u00dfen. Einfach hinten auf das Tierpuzzle achten und in die Schuhe schl\u00fcpfen.<br \/>\nRutschfest: Die Affenzahn Sohle bietet extra Halt f\u00fcr Kinderf\u00fc\u00dfe und hinterl\u00e4sst ein super Motiv. Damit gewinnt man sicher jedes Wettrennen, versprochen!<br \/>\nGenug Platz zum Wachsen: Die Naturform der Schuhe bietet genung Platz f\u00fcr die Zehen. Die F\u00fc\u00dfe werden nicht eingeengt und k\u00f6nnen sich somit gesund entwickeln.<\/p>\n<p>Das Obermaterial besteht haupts\u00e4chlich aus ECONYL\u00ae-Garn, einem zu 100% regenerierten Nylon aus Pre- und Post-Consumer-Abf\u00e4llen, wie Fischernetzen und anderen Nylonabf\u00e4llen.<br \/>\nF\u00fcr das Ober- und Futtermaterial verwendet Affenzahn teilweise bluesign\u00ae-zertifiziertes Polyester. Hier wird sehr darauf geachtet, die Umweltbelastung so gering wie m\u00f6glich zu halten.<br \/>\nDas recycelte Polyester im Innenfutter spart ca. 50% Energie, ungef\u00e4hr 70% CO2-Emissionen und reduziert das Abwasser um ca. 20% im Vergleich zu herk\u00f6mmlichem Polyester.<br \/>\nDieser Schuh ist zu 100% aus veganen Materialien hergestellt. Das ist nicht nur gut f\u00fcr die Natur, es f\u00fchlt sich auch spitze an!<br \/>\nDie Innensohle besteht zu 30% aus Algen-Schaum von BLOOM\u2122, welche den weltweit ersten, mit Algen versetzten EVA-Schaum f\u00fcr die Schuhindustrie entwickelt haben.<\/p>\n<p>Obermaterial aus bluesign\u00ae-zertifizierten regenerierten Nylonfasern (ECONYL\u00ae) und Mikrofaser Polyester<br \/>\nFuttermaterial mit recyceltem Polyester<br \/>\nKaltfutter<br \/>\n100% wasserdichte AffenTex Membran<br \/>\nLaufsohle: 30% nat\u00fcrliches Gummi, 70% synthetisches Gummi<br \/>\nInnensohle: 30% pflanzliches Material (BLOOM\u2122 foam), 70% Schaum<br \/>\nFest vern\u00e4hte Innensohle<br \/>\nVegan<br \/>\nGewicht: ca. 184 g<\/p>\n<p>Unsere Empfehlung: Schuhe h\u00e4ndisch reinigen. Weitere Pflegehinweise hier: https:\/\/www.affenzahn.com\/de\/blog\/schuhe-reinigen<\/p>\n<p>Innensohle &#8211; L\u00e4nge\/Breite (mm):<\/p>\n<p>Gr\u00f6\u00dfe: 26 &#8211; ideale Fu\u00dfl\u00e4nge: 159 mm &#8211; Fersen-Zehenbereich: 157-162 mm &#8211; Fu\u00dfbreite: 66 mm<br \/>\nGr\u00f6\u00dfe: 27 &#8211; ideale Fu\u00dfl\u00e4nge: 166 mm &#8211; Fersen-Zehenbereich: 163-169 mm &#8211; Fu\u00dfbreite: 67 mm<br \/>\nGr\u00f6\u00dfe: 28 &#8211; ideale Fu\u00dfl\u00e4nge: 173 mm &#8211; Fersen-Zehenbereich: 170-176 mm &#8211; Fu\u00dfbreite: 69 mm<br \/>\nGr\u00f6\u00dfe: 29 &#8211; ideale Fu\u00dfl\u00e4nge: 179 mm &#8211; Fersen-Zehenbereich: 177-182 mm &#8211; Fu\u00dfbreite: 70 mm<br \/>\nGr\u00f6\u00dfe: 30 &#8211; ideale Fu\u00dfl\u00e4nge: 185 mm &#8211; Fersen-Zehenbereich: 183-188 mm &#8211; Fu\u00dfbreite: 71 mm<br \/>\nGr\u00f6\u00dfe: 31 &#8211; ideale Fu\u00dfl\u00e4nge: 192 mm &#8211; Fersen-Zehenbereich: 189-195 mm &#8211; Fu\u00dfbreite: 73 mm<br \/>\nGr\u00f6\u00dfe: 32 &#8211; ideale Fu\u00dfl\u00e4nge: 199 mm &#8211; Fersen-Zehenbereich: 196-202 mm &#8211; Fu\u00dfbreite: 75 mm<\/p>\n<p><b>Audio-Beschreibung<\/b><br \/><audio controls src=\"https:\/\/schuhewiebarfuss.at\/shop\/wp-content\/uploads\/lk\/9473_audio.wav\"><br \/>\n                                            Ihr Browser unterst\u00fctzt diese Audio-Ausgabe leider nicht.<br \/>\n                                            <\/ audio ><\/p>\n","protected":false},"excerpt":{"rendered":"<p>\u00dcbergangsschuh Vegan Trail<\/p>\n<p>Mit dem wasserdichten Barfu\u00dfschuh Trail steht Outdoor Abenteuern in der \u00dcbergangszeit nichts im Wege! Der Trail hat ein cleveres Schnellschn\u00fcrsystem aus Gummiband und Knopf mit passendem Tieraufdruck und zus\u00e4tzliche Reflektorfl\u00e4chen.<br \/>\nDieser Schuh ist Vegan.<\/p>\n<p>Obermaterial: bluesign\u00ae-zertifiziertes und regeneriertes Nylonfasern (ECONYL\u00ae) und Mikrofaser Polyester<br \/>\nFuttermaterial: mit recyceltem Polyester, Kaltfutter<br \/>\nMembran: 100% wasserdichte AffenTex Membran<br \/>\nLaufsohle: 30% nat\u00fcrliches Gummi, 70% synthetisches Gummi<br \/>\nInnensohle: 30% pflanzliches Material (BLOOM\u2122 foam), 70% Schaum<br \/>\nInnensohle: Fest vern\u00e4hte Innensohle<br \/>\nGewicht: ca. 184 g<\/p>\n","protected":false},"featured_media":513828,"comment_status":"open","ping_status":"closed","template":"","meta":[],"product_brand":[],"product_cat":[847],"product_tag":[1479,1570,1395,1396,1397,1398,1399,1400,1401,2975],"class_list":{"0":"post-513536","1":"product","2":"type-product","3":"status-publish","4":"has-post-thumbnail","6":"product_cat-wanderschuhe-4","7":"product_tag-farbe-blau","8":"product_tag-farbe-gruen","9":"product_tag-groesse-26","10":"product_tag-groesse-27","11":"product_tag-groesse-28","12":"product_tag-groesse-29","13":"product_tag-groesse-30","14":"product_tag-groesse-31","15":"product_tag-groesse-32","16":"product_tag-marke-affenzahn","18":"first","19":"instock","20":"taxable","21":"shipping-taxable","22":"purchasable","23":"product-type-variable"},"_links":{"self":[{"href":"https:\/\/schuhewiebarfuss.at\/shop\/wp-json\/wp\/v2\/product\/513536","targetHints":{"allow":["GET"]}}],"collection":[{"href":"https:\/\/schuhewiebarfuss.at\/shop\/wp-json\/wp\/v2\/product"}],"about":[{"href":"https:\/\/schuhewiebarfuss.at\/shop\/wp-json\/wp\/v2\/types\/product"}],"replies":[{"embeddable":true,"href":"https:\/\/schuhewiebarfuss.at\/shop\/wp-json\/wp\/v2\/comments?post=513536"}],"wp:featuredmedia":[{"embeddable":true,"href":"https:\/\/schuhewiebarfuss.at\/shop\/wp-json\/wp\/v2\/media\/513828"}],"wp:attachment":[{"href":"https:\/\/schuhewiebarfuss.at\/shop\/wp-json\/wp\/v2\/media?parent=513536"}],"wp:term":[{"taxonomy":"product_brand","embeddable":true,"href":"https:\/\/schuhewiebarfuss.at\/shop\/wp-json\/wp\/v2\/product_brand?post=513536"},{"taxonomy":"product_cat","embeddable":true,"href":"https:\/\/schuhewiebarfuss.at\/shop\/wp-json\/wp\/v2\/product_cat?post=513536"},{"taxonomy":"product_tag","embeddable":true,"href":"https:\/\/schuhewiebarfuss.at\/shop\/wp-json\/wp\/v2\/product_tag?post=513536"}],"curies":[{"name":"wp","href":"https:\/\/api.w.org\/{rel}","templated":true}]}}