{"id":513381,"date":"2024-04-15T18:02:16","date_gmt":"2024-04-15T16:02:16","guid":{"rendered":"https:\/\/schuhewiebarfuss.at\/shop\/produkt\/affenzahn-buddy\/"},"modified":"2026-04-15T02:01:12","modified_gmt":"2026-04-15T00:01:12","slug":"affenzahn-buddy","status":"publish","type":"product","link":"https:\/\/schuhewiebarfuss.at\/shop\/produkt\/affenzahn-buddy\/","title":{"rendered":"Affenzahn Buddy"},"content":{"rendered":"<p>D\u00fcnne, flexible Sohle: Die Sohle der Affenzahn Schuhe ist nur so dick wie n\u00f6tig. Sie ist nicht ged\u00e4mpft, damit Kinder den Untergrund trotz Schuhen sp\u00fcren k\u00f6nnen.<br \/>\nSuper leicht: So leicht und so bequem! Man k\u00f6nnte meinen, man hat gar keine Schuhe an.<br \/>\nKinderleichter Verschluss: Schnelles An- und Ausziehen leicht gemacht! Mit diesem Klettverschluss sitzen die Schuhe fest am Fu\u00df und lassen sich kinderleicht schlie\u00dfen und \u00f6ffnen!<br \/>\nRecht-Links unterscheiden: Clever gemacht! So kommt es garantiert nicht mehr zu entenf\u00fc\u00dfen. Einfach hinten auf das Tierpuzzle achten und in die Schuhe schl\u00fcpfen.<br \/>\nReflektierend: Die Schuhe sind mit Reflektoren ausgestattet, welche das Licht bei Dunkelheit reflektieren.<br \/>\nGenug Platz zum Wachsen: Die Naturform der Schuhe bietet genung Platz f\u00fcr die Zehen. Die F\u00fc\u00dfe werden nicht eingeengt und k\u00f6nnen sich somit gesund entwickeln.<br \/>\nFest vern\u00e4hte Sohle: Die Sohle im Schuh ist fest vern\u00e4ht, damit sich kein Sand und kleine Steinchen darunter sammeln k\u00f6nnen.<\/p>\n<p>Affenzahn ist Mitglied der Leather Working Group. Das bedeutet, dass sie bei ihren Schuhen darauf achten, Leder aus verantwortungsvoller Herstellung zu verwenden. Mehr Informationen unter www.leatherworkinggroup.com.<br \/>\nDieser Schuh ist zu 100% aus veganen Materialien hergestellt. Das ist nicht nur gut f\u00fcr die Natur, es f\u00fchlt sich auch spitze an!<br \/>\nDie Innensohle besteht zu 30% aus Algen-Schaum von BLOOM\u2122, welche den weltweit ersten, mit Algen versetzten EVA-Schaum f\u00fcr die Schuhindustrie entwickelt haben.<\/p>\n<p>Obermaterial mit glattem Rindsleder, Rauhleder<br \/>\nFuttermaterial mit pflanzlich gegerbtem und ungef\u00e4rbtem Kalbsleder (ohne Membran)<br \/>\nSohle aus 70% synthetischem Gummi und 30% nat\u00fcrlichem Gummi<br \/>\nInnensohle: pflanzliches Material (BLOOM\u2122? foam) und synthetischer Schaum<br \/>\nGewicht: ca. 240 g<br \/>\nNat\u00fcrliche Materialien sind langlebig und einzigartig, daher kann es zu Unterschieden in der Verarbeitung kommen.<\/p>\n<p>Unsere Empfehlung: Schuhe h\u00e4ndisch reinigen. Weitere Pflegehinweise hier: https:\/\/www.affenzahn.com\/de\/blog\/schuhe-reinigen<\/p>\n<p>Innensohle &#8211; L\u00e4nge\/Breite (mm): AFFENZAHN TABELLE<\/p>\n<p>Gr\u00f6\u00dfe: 21 &#8211; ideale Fu\u00dfl\u00e4nge: 126 mm &#8211; Fersen-Zehenbereich: 123-129 mm &#8211; Fu\u00dfbreite: 59 mm<br \/>\nGr\u00f6\u00dfe: 22 &#8211; ideale Fu\u00dfl\u00e4nge: 133 mm &#8211; Fersen-Zehenbereich: 130-136 mm &#8211; Fu\u00dfbreite: 60 mm<br \/>\nGr\u00f6\u00dfe: 23 &#8211; ideale Fu\u00dfl\u00e4nge: 139 mm &#8211; Fersen-Zehenbereich: 137-142 mm &#8211; Fu\u00dfbreite: 61 mm<br \/>\nGr\u00f6\u00dfe: 24 &#8211; ideale Fu\u00dfl\u00e4nge: 145 mm &#8211; Fersen-Zehenbereich: 143-148 mm &#8211; Fu\u00dfbreite: 63 mm<br \/>\nGr\u00f6\u00dfe: 25 &#8211; ideale Fu\u00dfl\u00e4nge: 153 mm &#8211; Fersen-Zehenbereich: 149-156 mm &#8211; Fu\u00dfbreite: 64 mm<br \/>\nGr\u00f6\u00dfe: 26 &#8211; ideale Fu\u00dfl\u00e4nge: 159 mm &#8211; Fersen-Zehenbereich: 157-162 mm &#8211; Fu\u00dfbreite: 66 mm<br \/>\nGr\u00f6\u00dfe: 27 &#8211; ideale Fu\u00dfl\u00e4nge: 166 mm &#8211; Fersen-Zehenbereich: 163-169 mm &#8211; Fu\u00dfbreite: 67 mm<br \/>\nGr\u00f6\u00dfe: 28 &#8211; ideale Fu\u00dfl\u00e4nge: 173 mm &#8211; Fersen-Zehenbereich: 170-176 mm &#8211; Fu\u00dfbreite: 69 mm<br \/>\nGr\u00f6\u00dfe: 29 &#8211; ideale Fu\u00dfl\u00e4nge: 179 mm &#8211; Fersen-Zehenbereich: 177-182 mm &#8211; Fu\u00dfbreite: 70 mm<br \/>\nGr\u00f6\u00dfe: 30 &#8211; ideale Fu\u00dfl\u00e4nge: 185 mm &#8211; Fersen-Zehenbereich: 183-188 mm &#8211; Fu\u00dfbreite: 71 mm<br \/>\nGr\u00f6\u00dfe: 31 &#8211; ideale Fu\u00dfl\u00e4nge: 192 mm &#8211; Fersen-Zehenbereich: 189-195 mm &#8211; Fu\u00dfbreite: 73 mm<br \/>\nGr\u00f6\u00dfe: 32 &#8211; ideale Fu\u00dfl\u00e4nge: 199 mm &#8211; Fersen-Zehenbereich: 196-202 mm &#8211; Fu\u00dfbreite: 75 mm<\/p>\n<p><b>Audio-Beschreibung<\/b><br \/><audio controls src=\"https:\/\/schuhewiebarfuss.at\/shop\/wp-content\/uploads\/lk\/9477_audio.wav\"><br \/>\n                                            Ihr Browser unterst\u00fctzt diese Audio-Ausgabe leider nicht.<br \/>\n                                            <\/ audio ><\/p>\n","protected":false},"excerpt":{"rendered":"<p>Barfu\u00dfschuh Leder Buddy<\/p>\n<p>Super weicher, atmungsaktiver Barfu\u00dfschuh aus Leder aus verantwortungsvoller Herstellung mit einfachem Klettverschluss, perfekt f\u00fcr die \u00dcbergangszeit.<\/p>\n<p>Obermaterial: glattes Rindsleder, Rauhleder<br \/>\nFuttermaterial: pflanzlich gegerbtes und ungef\u00e4rbtes Kalbsleder<br \/>\nSohle: 70% synthetischem Gummi und 30% nat\u00fcrlichem Gummi<br \/>\nInnensohle: pflanzliches Material (BLOOM\u2122? foam) und synthetischer Schaum<br \/>\nGewicht: ca. 240 g<\/p>\n","protected":false},"featured_media":516841,"comment_status":"open","ping_status":"closed","template":"","meta":[],"product_brand":[],"product_cat":[845],"product_tag":[1479,1426,1462,1371,1570,1481,1390,1391,1392,1393,1394,1395,1396,1397,1398,1399,1400,1401,2975],"class_list":{"0":"post-513381","1":"product","2":"type-product","3":"status-publish","4":"has-post-thumbnail","6":"product_cat-lifestyle-1","7":"product_tag-farbe-blau","8":"product_tag-farbe-dunkelblau","9":"product_tag-farbe-dunkelgrau","10":"product_tag-farbe-grau","11":"product_tag-farbe-gruen","12":"product_tag-farbe-pink","13":"product_tag-groesse-21","14":"product_tag-groesse-22","15":"product_tag-groesse-23","16":"product_tag-groesse-24","17":"product_tag-groesse-25","18":"product_tag-groesse-26","19":"product_tag-groesse-27","20":"product_tag-groesse-28","21":"product_tag-groesse-29","22":"product_tag-groesse-30","23":"product_tag-groesse-31","24":"product_tag-groesse-32","25":"product_tag-marke-affenzahn","27":"first","28":"instock","29":"taxable","30":"shipping-taxable","31":"purchasable","32":"product-type-variable"},"_links":{"self":[{"href":"https:\/\/schuhewiebarfuss.at\/shop\/wp-json\/wp\/v2\/product\/513381","targetHints":{"allow":["GET"]}}],"collection":[{"href":"https:\/\/schuhewiebarfuss.at\/shop\/wp-json\/wp\/v2\/product"}],"about":[{"href":"https:\/\/schuhewiebarfuss.at\/shop\/wp-json\/wp\/v2\/types\/product"}],"replies":[{"embeddable":true,"href":"https:\/\/schuhewiebarfuss.at\/shop\/wp-json\/wp\/v2\/comments?post=513381"}],"wp:featuredmedia":[{"embeddable":true,"href":"https:\/\/schuhewiebarfuss.at\/shop\/wp-json\/wp\/v2\/media\/516841"}],"wp:attachment":[{"href":"https:\/\/schuhewiebarfuss.at\/shop\/wp-json\/wp\/v2\/media?parent=513381"}],"wp:term":[{"taxonomy":"product_brand","embeddable":true,"href":"https:\/\/schuhewiebarfuss.at\/shop\/wp-json\/wp\/v2\/product_brand?post=513381"},{"taxonomy":"product_cat","embeddable":true,"href":"https:\/\/schuhewiebarfuss.at\/shop\/wp-json\/wp\/v2\/product_cat?post=513381"},{"taxonomy":"product_tag","embeddable":true,"href":"https:\/\/schuhewiebarfuss.at\/shop\/wp-json\/wp\/v2\/product_tag?post=513381"}],"curies":[{"name":"wp","href":"https:\/\/api.w.org\/{rel}","templated":true}]}}