{"id":500386,"date":"2024-04-13T17:01:37","date_gmt":"2024-04-13T15:01:37","guid":{"rendered":"https:\/\/schuhewiebarfuss.at\/shop\/produkt\/plus12socks-unisex-leinen-tencel-sneaker\/"},"modified":"2026-03-19T08:10:26","modified_gmt":"2026-03-19T07:10:26","slug":"plus12socks-unisex-leinen-tencel-sneaker","status":"publish","type":"product","link":"https:\/\/schuhewiebarfuss.at\/shop\/produkt\/plus12socks-unisex-leinen-tencel-sneaker\/","title":{"rendered":"Plus12socks Unisex: Leinen Tencel Sneaker"},"content":{"rendered":"<p>Auf der Suche nach einem sommerlichen Material f\u00fcr Sneakersocken haben wir uns eine Kombination aus Tencel und Leinen gew\u00fcnscht.<\/p>\n<p>Das lie\u00df sich leider nicht finden, aber unser Garnhersteller fand die Idee spannend und hat speziell f\u00fcr uns etwas gezaubert. Leinen ist etwas widerspenstig, aber wunderbar k\u00fchl und Tencel \u00fcberrascht durch seine Weichheit und die hohe Atmungsaktivit\u00e4t. Das perfekte Duo!<\/p>\n<p><b>Audio-Beschreibung<\/b><br \/><audio controls src=\"https:\/\/schuhewiebarfuss.at\/shop\/wp-content\/uploads\/lk\/5626_audio.wav\"><br \/>\n                                            Ihr Browser unterst\u00fctzt diese Audio-Ausgabe leider nicht.<br \/>\n                                            <\/ audio ><\/p>\n","protected":false},"excerpt":{"rendered":"<p>60% Tencel, 17% Leinen, 22% Polyamid, 1% Elasthan<br \/>\nPolsterung: glatt (leicht und luftig)<br \/>\nSchaftl\u00e4nge: Sneaker<\/p>\n","protected":false},"featured_media":500385,"comment_status":"open","ping_status":"closed","template":"","meta":[],"product_brand":[],"product_cat":[2813],"product_tag":[1603,1604,1606,1607,2467],"class_list":{"0":"post-500386","1":"product","2":"type-product","3":"status-publish","4":"has-post-thumbnail","6":"product_cat-unisex-leinen","7":"product_tag-groesse-36-38","8":"product_tag-groesse-39-41","9":"product_tag-groesse-42-44","10":"product_tag-groesse-45-47","11":"product_tag-marke-plus12socks","13":"first","14":"instock","15":"taxable","16":"shipping-taxable","17":"purchasable","18":"product-type-variable"},"_links":{"self":[{"href":"https:\/\/schuhewiebarfuss.at\/shop\/wp-json\/wp\/v2\/product\/500386","targetHints":{"allow":["GET"]}}],"collection":[{"href":"https:\/\/schuhewiebarfuss.at\/shop\/wp-json\/wp\/v2\/product"}],"about":[{"href":"https:\/\/schuhewiebarfuss.at\/shop\/wp-json\/wp\/v2\/types\/product"}],"replies":[{"embeddable":true,"href":"https:\/\/schuhewiebarfuss.at\/shop\/wp-json\/wp\/v2\/comments?post=500386"}],"wp:featuredmedia":[{"embeddable":true,"href":"https:\/\/schuhewiebarfuss.at\/shop\/wp-json\/wp\/v2\/media\/500385"}],"wp:attachment":[{"href":"https:\/\/schuhewiebarfuss.at\/shop\/wp-json\/wp\/v2\/media?parent=500386"}],"wp:term":[{"taxonomy":"product_brand","embeddable":true,"href":"https:\/\/schuhewiebarfuss.at\/shop\/wp-json\/wp\/v2\/product_brand?post=500386"},{"taxonomy":"product_cat","embeddable":true,"href":"https:\/\/schuhewiebarfuss.at\/shop\/wp-json\/wp\/v2\/product_cat?post=500386"},{"taxonomy":"product_tag","embeddable":true,"href":"https:\/\/schuhewiebarfuss.at\/shop\/wp-json\/wp\/v2\/product_tag?post=500386"}],"curies":[{"name":"wp","href":"https:\/\/api.w.org\/{rel}","templated":true}]}}