{"id":490330,"date":"2024-04-12T17:40:40","date_gmt":"2024-04-12T15:40:40","guid":{"rendered":"https:\/\/schuhewiebarfuss.at\/shop\/produkt\/baribal\/"},"modified":"2026-03-01T19:26:45","modified_gmt":"2026-03-01T18:26:45","slug":"baribal","status":"publish","type":"product","link":"https:\/\/schuhewiebarfuss.at\/shop\/produkt\/baribal\/","title":{"rendered":"Baribal"},"content":{"rendered":"<p>Robuste Winterboots gesucht? Kein Problem mit unserem baribalSTYLE! Dank unserer rutschfesten Wintersohle mit starkem Profil, sind auch Schnee und N\u00e4sse kein Problem! Dennoch ist die Sohle nat\u00fcrlich weich, d\u00fcnn und flexibel, sodass die F\u00fc\u00dfe uneingeschr\u00e4nkt in Bewegung bleiben k\u00f6nnen. Das Nubuk-Leder in gedeckten, herbstlichen Farben, sieht einfach wundersch\u00f6n aus und das Futter aus mulesingfreier Wolle h\u00e4lt kleine F\u00fc\u00dfe auch im Winter wunderbar warm. Auch der baribalSTYLE ist nat\u00fcrlich mit einer TEX-Membran ausgestattet, sodass man sich auch um nasse F\u00fc\u00dfe keinen Sorgen machen muss.   ? Bitte beachte: WIr empfehlen den baribalSTYLE eine Nummer gr\u00f6\u00dfer zu bestellen, da durch das Futter und dicke Socken, die oft in Winterschuhen getragen werden, etwas mehr Platz ben\u00f6tigt wird.  <\/p>\n<p>Materialdetails:<\/p>\n<p>Obermaterial: Leder (Nubuk)<br \/>\nInnenfutter: Wolle (mulesing free)<br \/>\nSohle: TR-Profilsohle<br \/>\nInnensohle: Wolle (mulesing free), herausnehmbar<br \/>\nAbsatz: Nullabsatz, keine H\u00f6hendifferenz zwischen Ferse und Vorderfu\u00df<br \/>\nVerschluss: Schn\u00fcrsenkel und Rei\u00dfverschluss<br \/>\nBesonderheiten: wasserfest (TEX-Membran)<br \/>\nPassform: Mittel<br \/>\nHergestellt in Portugal<\/p>\n<p>Material &amp; Pflegehinweis:<br \/>\nBioleder kann gewissen Merkmale wie Insektenstiche, Kratzer oder leichte Farbunterschiede aufweisen, welche aber zum einmaligen und nat\u00fcrlichen Charakter geh\u00f6ren. Jeder einzelne Schuh ist ein handgefertigtes Unikat, welcher die Handschrift des\/der Mitarbeiter*in tr\u00e4gt. Socken k\u00f6nnen sich bei starkem Schwitzen verf\u00e4rben. Um eine lange Haltbarkeit unseres Bioleders zu gew\u00e4hrleisten, ist ein guter Schutz vor N\u00e4sse und Feuchtigkeit essentiell.<\/p>\n<p>Bitte wasche deinen Schuh nicht in der Waschmaschine und s\u00e4ubere ihn nur mit einem geeigneten Reinigungsmittel. Wir empfehlen die Innensohle regelm\u00e4\u00dfig zum L\u00fcften aus dem Schuh zu nehmen und Staun\u00e4sse somit zu vermeiden. F\u00fcr optimale Produkteigenschaften sollten unsere Schuhe vor dem Einsatz impr\u00e4gniert werden, dies ist vor allem bei Schuhen mit Textilanteil wichtig.<\/p>\n<p><b>Audio-Beschreibung<\/b><br \/><audio controls src=\"https:\/\/schuhewiebarfuss.at\/shop\/wp-content\/uploads\/lk\/7361_audio.wav\"><br \/>\n                                            Ihr Browser unterst\u00fctzt diese Audio-Ausgabe leider nicht.<br \/>\n                                            <\/ audio ><\/p>\n","protected":false},"excerpt":{"rendered":"<p>bLifestyle BARIBAL<\/p>\n<p>Unser beliebter Winterstiefel f\u00fcr kalte Tage.<br \/>\nMit rutschfester Sohle &amp; absoluter Bewegungsfreiheit, sicher in jedes Abenteuer starten!<\/p>\n<p>Obermaterial: Leder<br \/>\nInnenfutter: Wolle<br \/>\nSohle: TR-Profilsohle<br \/>\nInnensohle: Wolle<br \/>\nAbsatz: Nullabsatz<br \/>\nVerschluss: Schn\u00fcrsenkel und Rei\u00dfverschluss<br \/>\nBesonderheiten: wasserfest, flexibel<\/p>\n","protected":false},"featured_media":682256,"comment_status":"open","ping_status":"closed","template":"","meta":[],"product_brand":[],"product_cat":[3121],"product_tag":[2866,2884,2639,2872,3003,1385,1390,1391,1392,1393,1394,1395,1396,1397,1398,1399,1400,1401,1402,1403,1404,2447,1450],"class_list":{"0":"post-490330","1":"product","2":"type-product","3":"status-publish","4":"has-post-thumbnail","6":"product_cat-sale","7":"product_tag-farbe-duene","8":"product_tag-farbe-haselnuss","9":"product_tag-farbe-olive","10":"product_tag-farbe-sand","11":"product_tag-farbe-sand-neu","12":"product_tag-groesse-20","13":"product_tag-groesse-21","14":"product_tag-groesse-22","15":"product_tag-groesse-23","16":"product_tag-groesse-24","17":"product_tag-groesse-25","18":"product_tag-groesse-26","19":"product_tag-groesse-27","20":"product_tag-groesse-28","21":"product_tag-groesse-29","22":"product_tag-groesse-30","23":"product_tag-groesse-31","24":"product_tag-groesse-32","25":"product_tag-groesse-33","26":"product_tag-groesse-34","27":"product_tag-groesse-35","28":"product_tag-marke-blifestyle","29":"product_tag-sale","31":"first","32":"instock","33":"taxable","34":"shipping-taxable","35":"purchasable","36":"product-type-variable"},"_links":{"self":[{"href":"https:\/\/schuhewiebarfuss.at\/shop\/wp-json\/wp\/v2\/product\/490330","targetHints":{"allow":["GET"]}}],"collection":[{"href":"https:\/\/schuhewiebarfuss.at\/shop\/wp-json\/wp\/v2\/product"}],"about":[{"href":"https:\/\/schuhewiebarfuss.at\/shop\/wp-json\/wp\/v2\/types\/product"}],"replies":[{"embeddable":true,"href":"https:\/\/schuhewiebarfuss.at\/shop\/wp-json\/wp\/v2\/comments?post=490330"}],"wp:featuredmedia":[{"embeddable":true,"href":"https:\/\/schuhewiebarfuss.at\/shop\/wp-json\/wp\/v2\/media\/682256"}],"wp:attachment":[{"href":"https:\/\/schuhewiebarfuss.at\/shop\/wp-json\/wp\/v2\/media?parent=490330"}],"wp:term":[{"taxonomy":"product_brand","embeddable":true,"href":"https:\/\/schuhewiebarfuss.at\/shop\/wp-json\/wp\/v2\/product_brand?post=490330"},{"taxonomy":"product_cat","embeddable":true,"href":"https:\/\/schuhewiebarfuss.at\/shop\/wp-json\/wp\/v2\/product_cat?post=490330"},{"taxonomy":"product_tag","embeddable":true,"href":"https:\/\/schuhewiebarfuss.at\/shop\/wp-json\/wp\/v2\/product_tag?post=490330"}],"curies":[{"name":"wp","href":"https:\/\/api.w.org\/{rel}","templated":true}]}}