{"id":489424,"date":"2024-04-12T13:51:02","date_gmt":"2024-04-12T11:51:02","guid":{"rendered":"https:\/\/schuhewiebarfuss.at\/shop\/produkt\/urban-schwarz\/"},"modified":"2026-02-28T18:19:38","modified_gmt":"2026-02-28T17:19:38","slug":"urban-schwarz","status":"publish","type":"product","link":"https:\/\/schuhewiebarfuss.at\/shop\/produkt\/urban-schwarz\/","title":{"rendered":"Urban Schwarz"},"content":{"rendered":"<p>Barfu\u00df in der Stadt. Alle Vorteile von Freet und smart genug f\u00fcr den t\u00e4glichen Gebrauch. Urban verf\u00fcgt \u00fcber ein MicroF-Obermaterial, das geschmeidiger ist und ein \u201ematteres\u201c Finish hat. \u00dcber dem Spann ist die Passform etwas gro\u00dfz\u00fcgiger.<\/p>\n<p>Das schicke Obermaterial aus sogenanntem MicroF wirkt wie Leder, ist es aber nicht. Deshalb ist der Schuh auch f\u00fcr Veganer geeignet.<\/p>\n<p> Die ConnectComfort PORON\u00ae Zwischensohle unterst\u00fctzt die Sto\u00dfd\u00e4mpfung und gew\u00e4hrleistet gleichzeitig eine hervorragende Bodenverbindung<\/p>\n<p><b>Audio-Beschreibung<\/b><br \/><audio controls src=\"https:\/\/schuhewiebarfuss.at\/shop\/wp-content\/uploads\/lk\/5221_audio.wav\"><br \/>\n                                            Ihr Browser unterst\u00fctzt diese Audio-Ausgabe leider nicht.<br \/>\n                                            <\/ audio ><\/p>\n","protected":false},"excerpt":{"rendered":"<p>Atmungsaktives, strapazierf\u00e4higes, wasserabweisendes Obermaterial aus unserem fortschrittlichen Mikrofasermaterial \u2013 MicroF2<br \/>\nFreet 5in1 asymmetrischer Vorfu\u00df f\u00fcr eine nat\u00fcrliche Fu\u00dfform, die eine nat\u00fcrliche Spreizung der Zehen erm\u00f6glicht<br \/>\nKonventionelle Spitze<br \/>\nMultiGrip2 Performance-Au\u00dfensohle f\u00fcr Grip und Strapazierf\u00e4higkeit auf Trails und Pflaster<br \/>\nSchwarz<br \/>\nVegan<\/p>\n","protected":false},"featured_media":489423,"comment_status":"open","ping_status":"closed","template":"","meta":[],"product_brand":[],"product_cat":[851],"product_tag":[1368,1373,1374,1375,1376,1377,1378,1379,1380,1381,1449,1452,1710,2444,1360],"class_list":{"0":"post-489424","1":"product","2":"type-product","3":"status-publish","4":"has-post-thumbnail","6":"product_cat-lifestyle-3","7":"product_tag-groesse-37","8":"product_tag-groesse-38","9":"product_tag-groesse-39","10":"product_tag-groesse-40","11":"product_tag-groesse-41","12":"product_tag-groesse-42","13":"product_tag-groesse-43","14":"product_tag-groesse-44","15":"product_tag-groesse-45","16":"product_tag-groesse-46","17":"product_tag-groesse-47","18":"product_tag-groesse-48","19":"product_tag-groesse-49","20":"product_tag-marke-freet","21":"product_tag-standard","23":"first","24":"instock","25":"taxable","26":"shipping-taxable","27":"purchasable","28":"product-type-variable"},"_links":{"self":[{"href":"https:\/\/schuhewiebarfuss.at\/shop\/wp-json\/wp\/v2\/product\/489424","targetHints":{"allow":["GET"]}}],"collection":[{"href":"https:\/\/schuhewiebarfuss.at\/shop\/wp-json\/wp\/v2\/product"}],"about":[{"href":"https:\/\/schuhewiebarfuss.at\/shop\/wp-json\/wp\/v2\/types\/product"}],"replies":[{"embeddable":true,"href":"https:\/\/schuhewiebarfuss.at\/shop\/wp-json\/wp\/v2\/comments?post=489424"}],"wp:featuredmedia":[{"embeddable":true,"href":"https:\/\/schuhewiebarfuss.at\/shop\/wp-json\/wp\/v2\/media\/489423"}],"wp:attachment":[{"href":"https:\/\/schuhewiebarfuss.at\/shop\/wp-json\/wp\/v2\/media?parent=489424"}],"wp:term":[{"taxonomy":"product_brand","embeddable":true,"href":"https:\/\/schuhewiebarfuss.at\/shop\/wp-json\/wp\/v2\/product_brand?post=489424"},{"taxonomy":"product_cat","embeddable":true,"href":"https:\/\/schuhewiebarfuss.at\/shop\/wp-json\/wp\/v2\/product_cat?post=489424"},{"taxonomy":"product_tag","embeddable":true,"href":"https:\/\/schuhewiebarfuss.at\/shop\/wp-json\/wp\/v2\/product_tag?post=489424"}],"curies":[{"name":"wp","href":"https:\/\/api.w.org\/{rel}","templated":true}]}}