{"id":489338,"date":"2024-04-12T13:41:54","date_gmt":"2024-04-12T11:41:54","guid":{"rendered":"https:\/\/schuhewiebarfuss.at\/shop\/produkt\/fx-trainer-4-sandale-schwarz-rot\/"},"modified":"2026-03-11T19:52:11","modified_gmt":"2026-03-11T18:52:11","slug":"fx-trainer-4-sandale-schwarz-rot","status":"publish","type":"product","link":"https:\/\/schuhewiebarfuss.at\/shop\/produkt\/fx-trainer-4-sandale-schwarz-rot\/","title":{"rendered":"FX Trainer 4 Sandale Schwarz\/Rot"},"content":{"rendered":"<p>Die FX Trainer Sandale ist die konsequente Umsetzung der seit Jahren erfolgreichen FX Trainer Versionen. Das Obermaterial besteht aus robustem Leder und die 6mm Laufsohle mit bietet einen sicheren Halt.<br \/>\nL\u00e4nge und Weite des Schuhs sind identisch zu den bekannten FX Trainer Modellen.<br \/>\nMit seiner Schn\u00fcrung sitzt die Sandale sicher am Fu\u00df.<br \/>\nDabei st\u00fctzt er nicht und erm\u00f6glicht somit ein gesch\u00fctztes barfu\u00df laufen, fast wie auf der eigenen Fu\u00dfsohle.<\/p>\n<p>Da ein Fu\u00df im Schuh beim Gehen immer noch etwas nach vorn rutscht, bitte zu der gemessenen Fu\u00dfl\u00e4nge noch ca. 3-5 mm addieren.<br \/>\nBei einer Zwischengr\u00f6\u00dfe kannst Du gern die kleinere Gr\u00f6\u00dfe w\u00e4hlen.<\/p>\n<p><b>Audio-Beschreibung<\/b><br \/><audio controls src=\"https:\/\/schuhewiebarfuss.at\/shop\/wp-content\/uploads\/lk\/5139_audio.wav\"><br \/>\n                                            Ihr Browser unterst\u00fctzt diese Audio-Ausgabe leider nicht.<br \/>\n                                            <\/ audio ><\/p>\n","protected":false},"excerpt":{"rendered":"<p>Obermaterial: Stoff\/Veloursleder<br \/>\nVerschluss: Schnellverschluss<br \/>\nForm: Extraweit f\u00fcr kr\u00e4ftige F\u00fc\u00dfe. Vorn weit geschnitten. Die Zehen haben optimale Bewegungsfreiheit<br \/>\nLaufsohle: ca. 6mm Gummi, Non Marking (nicht abf\u00e4rbend).<br \/>\nErlaubt einen m\u00f6glichst direkten Kontakt zum Boden. Fast wie Gehen auf der eigenen Fu\u00dfsohle.<\/p>\n","protected":false},"featured_media":489337,"comment_status":"open","ping_status":"closed","template":"","meta":[],"product_brand":[],"product_cat":[3121],"product_tag":[1362,1368,1373,1374,1375,1376,1377,1378,1379,1380,1381,1449,2449,1450],"class_list":{"0":"post-489338","1":"product","2":"type-product","3":"status-publish","4":"has-post-thumbnail","6":"product_cat-sale","7":"product_tag-groesse-36","8":"product_tag-groesse-37","9":"product_tag-groesse-38","10":"product_tag-groesse-39","11":"product_tag-groesse-40","12":"product_tag-groesse-41","13":"product_tag-groesse-42","14":"product_tag-groesse-43","15":"product_tag-groesse-44","16":"product_tag-groesse-45","17":"product_tag-groesse-46","18":"product_tag-groesse-47","19":"product_tag-marke-sole-runner","20":"product_tag-sale","22":"first","23":"instock","24":"taxable","25":"shipping-taxable","26":"purchasable","27":"product-type-variable"},"_links":{"self":[{"href":"https:\/\/schuhewiebarfuss.at\/shop\/wp-json\/wp\/v2\/product\/489338","targetHints":{"allow":["GET"]}}],"collection":[{"href":"https:\/\/schuhewiebarfuss.at\/shop\/wp-json\/wp\/v2\/product"}],"about":[{"href":"https:\/\/schuhewiebarfuss.at\/shop\/wp-json\/wp\/v2\/types\/product"}],"replies":[{"embeddable":true,"href":"https:\/\/schuhewiebarfuss.at\/shop\/wp-json\/wp\/v2\/comments?post=489338"}],"wp:featuredmedia":[{"embeddable":true,"href":"https:\/\/schuhewiebarfuss.at\/shop\/wp-json\/wp\/v2\/media\/489337"}],"wp:attachment":[{"href":"https:\/\/schuhewiebarfuss.at\/shop\/wp-json\/wp\/v2\/media?parent=489338"}],"wp:term":[{"taxonomy":"product_brand","embeddable":true,"href":"https:\/\/schuhewiebarfuss.at\/shop\/wp-json\/wp\/v2\/product_brand?post=489338"},{"taxonomy":"product_cat","embeddable":true,"href":"https:\/\/schuhewiebarfuss.at\/shop\/wp-json\/wp\/v2\/product_cat?post=489338"},{"taxonomy":"product_tag","embeddable":true,"href":"https:\/\/schuhewiebarfuss.at\/shop\/wp-json\/wp\/v2\/product_tag?post=489338"}],"curies":[{"name":"wp","href":"https:\/\/api.w.org\/{rel}","templated":true}]}}