{"id":489315,"date":"2024-04-12T13:40:55","date_gmt":"2024-04-12T11:40:55","guid":{"rendered":"https:\/\/schuhewiebarfuss.at\/shop\/produkt\/tracker-forest-esc-herren-braun\/"},"modified":"2026-04-17T18:06:42","modified_gmt":"2026-04-17T16:06:42","slug":"tracker-forest-esc-herren-braun","status":"publish","type":"product","link":"https:\/\/schuhewiebarfuss.at\/shop\/produkt\/tracker-forest-esc-herren-braun\/","title":{"rendered":"Tracker Forest ESC Herren Braun"},"content":{"rendered":"<p>Mit unserem neuen Wanderschuh Tracker Forest ESC steht Dir und Deinen Abenteuern in der Natur nichts mehr im Wege. Der Tracker ESC Forest ist leicht und ultraflexibel konstruiert.<br \/>\nDas weiche Innenleben und die neue Einlegesohle aus \u201eSandwich-Mesh\u201c sorgen f\u00fcr eine optimale Luftzirkulation am Fu\u00df und sch\u00fctzen vor Feuchtigkeit. Das flexible Obermaterial aus Wild Hide Leder ist wasserabweisend und atmungsaktiv. Perfekt f\u00fcr Kalt, Warm und Nass.<br \/>\nDie von unserem TEMPEST bew\u00e4hrte Offroad Sohle, welche in Kooperation mit Michelin entstanden ist, bietet durch ihre Flexibilit\u00e4t und die weit auseinanderliegenden Lamellen optimalen Halt auf den anspruchsvollsten Untergr\u00fcnden. Der weite Einstieg und die simple Schn\u00fcrung mit robusten \u00d6sen erm\u00f6glichen ein einfaches An- und Ausziehen.<br \/>\nMit unserem Tracker Forest ESC haben wir einen leichten und ultraflexiblen Wanderschuh geschaffen, mit dem Du die Natur wie barfu\u00df erleben kannst.<\/p>\n<p><b>Audio-Beschreibung<\/b><br \/><audio controls src=\"https:\/\/schuhewiebarfuss.at\/shop\/wp-content\/uploads\/lk\/4905_audio.wav\"><br \/>\n                                            Ihr Browser unterst\u00fctzt diese Audio-Ausgabe leider nicht.<br \/>\n                                            <\/ audio ><\/p>\n","protected":false},"excerpt":{"rendered":"<p>Obermaterial: WILD HIDE Leder von frei lebenden Rindern<br \/>\nInnenmaterial: Sandwich- Mesh aus recyceltem Polyester<br \/>\nInnensohle: neue, atmungsaktive 3mm Mesh-Einlegesohle, herausnehmbar<br \/>\nSohle: Neue, in Zusammenarbeit mit Michelin entwickelte MICHELIN-ESC-Sohle. 2,5mm mit 7mm Noppen f\u00fcr ultimativen Grip. Durchsto\u00df-  und rutschfest.<\/p>\n","protected":false},"featured_media":489314,"comment_status":"open","ping_status":"closed","template":"","meta":[],"product_brand":[],"product_cat":[839],"product_tag":[1375,1376,1377,1378,1379,1380,1381,1449,2451],"class_list":{"0":"post-489315","1":"product","2":"type-product","3":"status-publish","4":"has-post-thumbnail","6":"product_cat-wanderschuhe-2","7":"product_tag-groesse-40","8":"product_tag-groesse-41","9":"product_tag-groesse-42","10":"product_tag-groesse-43","11":"product_tag-groesse-44","12":"product_tag-groesse-45","13":"product_tag-groesse-46","14":"product_tag-groesse-47","15":"product_tag-marke-vivobarefoot","17":"first","18":"instock","19":"taxable","20":"shipping-taxable","21":"purchasable","22":"product-type-variable"},"_links":{"self":[{"href":"https:\/\/schuhewiebarfuss.at\/shop\/wp-json\/wp\/v2\/product\/489315","targetHints":{"allow":["GET"]}}],"collection":[{"href":"https:\/\/schuhewiebarfuss.at\/shop\/wp-json\/wp\/v2\/product"}],"about":[{"href":"https:\/\/schuhewiebarfuss.at\/shop\/wp-json\/wp\/v2\/types\/product"}],"replies":[{"embeddable":true,"href":"https:\/\/schuhewiebarfuss.at\/shop\/wp-json\/wp\/v2\/comments?post=489315"}],"wp:featuredmedia":[{"embeddable":true,"href":"https:\/\/schuhewiebarfuss.at\/shop\/wp-json\/wp\/v2\/media\/489314"}],"wp:attachment":[{"href":"https:\/\/schuhewiebarfuss.at\/shop\/wp-json\/wp\/v2\/media?parent=489315"}],"wp:term":[{"taxonomy":"product_brand","embeddable":true,"href":"https:\/\/schuhewiebarfuss.at\/shop\/wp-json\/wp\/v2\/product_brand?post=489315"},{"taxonomy":"product_cat","embeddable":true,"href":"https:\/\/schuhewiebarfuss.at\/shop\/wp-json\/wp\/v2\/product_cat?post=489315"},{"taxonomy":"product_tag","embeddable":true,"href":"https:\/\/schuhewiebarfuss.at\/shop\/wp-json\/wp\/v2\/product_tag?post=489315"}],"curies":[{"name":"wp","href":"https:\/\/api.w.org\/{rel}","templated":true}]}}