{"id":489288,"date":"2024-04-12T13:39:42","date_gmt":"2024-04-12T11:39:42","guid":{"rendered":"https:\/\/schuhewiebarfuss.at\/shop\/produkt\/aqua-cloud-damen\/"},"modified":"2026-05-13T20:47:28","modified_gmt":"2026-05-13T18:47:28","slug":"aqua-cloud-damen","status":"publish","type":"product","link":"https:\/\/schuhewiebarfuss.at\/shop\/produkt\/aqua-cloud-damen\/","title":{"rendered":"Aqua Cloud Damen"},"content":{"rendered":"<p>Nimm die superleichte Aqua Cloud mit auf dein n\u00e4chstes nasses oder trockenes Abenteuer, und du wirst auf Wolke sieben schweben. Das Update von Xeros kultiger Cloud-Sandale verf\u00fcgt \u00fcber ihre flexible, langlebige FeelTrue-Sohle mit verbesserter Traktion und einem rutschfesten Gummi f\u00fcr zus\u00e4tzlichen Halt beim Wassersport. Eine eingebettete, strukturierte 3 mm dicke BareFoam-Schicht erstreckt sich jetzt \u00fcber das gesamte Fu\u00dfbett und sorgt f\u00fcr zus\u00e4tzlichen Komfort, und die geformte Fersenkappe sch\u00fctzt vor Schmutz. Das patentierte Schn\u00fcrsystem beseitigt die Druckstellen herk\u00f6mmlicher Zehenstegsandalen und sorgt f\u00fcr sicheren Halt, wo immer du auch hingehst. Jetzt kannst du nass und wild werden, w\u00e4hrend du die Vorteile des nat\u00fcrlichen Komforts genie\u00dfen kannst!<\/p>\n<p><b>Audio-Beschreibung<\/b><br \/><audio controls src=\"https:\/\/schuhewiebarfuss.at\/shop\/wp-content\/uploads\/lk\/5965_audio.wav\"><br \/>\n                                            Ihr Browser unterst\u00fctzt diese Audio-Ausgabe leider nicht.<br \/>\n                                            <\/ audio ><\/p>\n","protected":false},"excerpt":{"rendered":"<p>Art: Sandale<br \/>\nObermaterial: Synthetik<br \/>\nSohle: Gummi<br \/>\nVerschlusssystem: patentiertes Schn\u00fcrsystem ohne Druckstellen<\/p>\n","protected":false},"featured_media":489287,"comment_status":"open","ping_status":"closed","template":"","meta":[],"product_brand":[],"product_cat":[3121],"product_tag":[1479,1408,2312,2314,2315,1525,2316,1526,2317,2446,1450],"class_list":{"0":"post-489288","1":"product","2":"type-product","3":"status-publish","4":"has-post-thumbnail","6":"product_cat-sale","7":"product_tag-farbe-blau","8":"product_tag-farbe-schwarz","9":"product_tag-groesse-35-5","10":"product_tag-groesse-36-5","11":"product_tag-groesse-37-5","12":"product_tag-groesse-38-5","13":"product_tag-groesse-39-5","14":"product_tag-groesse-40-5","15":"product_tag-groesse-41-5","16":"product_tag-marke-xero","17":"product_tag-sale","19":"first","20":"instock","21":"sale","22":"taxable","23":"shipping-taxable","24":"purchasable","25":"product-type-variable"},"_links":{"self":[{"href":"https:\/\/schuhewiebarfuss.at\/shop\/wp-json\/wp\/v2\/product\/489288","targetHints":{"allow":["GET"]}}],"collection":[{"href":"https:\/\/schuhewiebarfuss.at\/shop\/wp-json\/wp\/v2\/product"}],"about":[{"href":"https:\/\/schuhewiebarfuss.at\/shop\/wp-json\/wp\/v2\/types\/product"}],"replies":[{"embeddable":true,"href":"https:\/\/schuhewiebarfuss.at\/shop\/wp-json\/wp\/v2\/comments?post=489288"}],"wp:featuredmedia":[{"embeddable":true,"href":"https:\/\/schuhewiebarfuss.at\/shop\/wp-json\/wp\/v2\/media\/489287"}],"wp:attachment":[{"href":"https:\/\/schuhewiebarfuss.at\/shop\/wp-json\/wp\/v2\/media?parent=489288"}],"wp:term":[{"taxonomy":"product_brand","embeddable":true,"href":"https:\/\/schuhewiebarfuss.at\/shop\/wp-json\/wp\/v2\/product_brand?post=489288"},{"taxonomy":"product_cat","embeddable":true,"href":"https:\/\/schuhewiebarfuss.at\/shop\/wp-json\/wp\/v2\/product_cat?post=489288"},{"taxonomy":"product_tag","embeddable":true,"href":"https:\/\/schuhewiebarfuss.at\/shop\/wp-json\/wp\/v2\/product_tag?post=489288"}],"curies":[{"name":"wp","href":"https:\/\/api.w.org\/{rel}","templated":true}]}}