{"id":489228,"date":"2024-04-12T13:35:12","date_gmt":"2024-04-12T11:35:12","guid":{"rendered":"https:\/\/schuhewiebarfuss.at\/shop\/produkt\/salamandra-velours\/"},"modified":"2026-03-06T18:47:58","modified_gmt":"2026-03-06T17:47:58","slug":"salamandra-velours","status":"publish","type":"product","link":"https:\/\/schuhewiebarfuss.at\/shop\/produkt\/salamandra-velours\/","title":{"rendered":"Salamandra Velours"},"content":{"rendered":"<p>Ab in die Sonne, W\u00e4rme und los geht das Spielen im Freien! Unser SALAMANDRA macht alles mit und verleiht dabei den F\u00fc\u00dfen ein perfektes Barfu\u00dfgef\u00fchl. Die F\u00fc\u00dfe werden sch\u00f6n bel\u00fcftet und sind dennoch gut gesch\u00fctzt \u2013 egal ob die Kleinen stolpern, den Fu\u00df \u00fcber den Boden ziehen oder vielleicht sogar fallen.<\/p>\n<p>Nicht nur, dass die SALAMANDRAs aus nachhaltigem Bio-Veloursleder und weichem, pflanzlich gegerbtem Bio-Leder hergestellt sind, jetzt kommt noch unsere spezielle Erweiterung dazu:  wir passen die Formbreite an, um ein perfekt angenehmes Barfu\u00dfgef\u00fchl f\u00fcr alle Fu\u00dfformen zu bieten.<\/p>\n<p>Material &amp; Pflegehinweis:<\/p>\n<p>Bioleder kann gewissen Merkmale wie Insektenstiche, Kratzer oder leichte Farbunterschiede aufweisen, welche aber zum einmaligen und nat\u00fcrlichen Charakter geh\u00f6ren. Jeder einzelne Schuh ist ein handgefertigtes Unikat, welcher die Handschrift des\/der Mitarbeiter*in tr\u00e4gt. Socken k\u00f6nnen sich bei starkem Schwitzen verf\u00e4rben. Um eine lange Haltbarkeit unseres Bioleders zu gew\u00e4hrleisten, ist ein guter Schutz vor N\u00e4sse und Feuchtigkeit essentiell.<\/p>\n<p>Bitte wasche deinen Schuh nicht in der Waschmaschine und s\u00e4ubere ihn nur mit einem geeigneten Reinigungsmittel. Wir empfehlen die Innensohle regelm\u00e4\u00dfig zum L\u00fcften aus dem Schuh zu nehmen und Staun\u00e4sse somit zu vermeiden. F\u00fcr optimale Produkteigenschaften sollten unsere Schuhe vor dem Einsatz impr\u00e4gniert werden, dies ist vor allem bei Schuhen mit Textilanteil wichtig. Mehr Pflegetipps findest du in unserem Nachhaltigkeitsbereich!<\/p>\n<p><b>Audio-Beschreibung<\/b><br \/><audio controls src=\"https:\/\/schuhewiebarfuss.at\/shop\/wp-content\/uploads\/lk\/5916_audio.wav\"><br \/>\n                                            Ihr Browser unterst\u00fctzt diese Audio-Ausgabe leider nicht.<br \/>\n                                            <\/ audio ><\/p>\n","protected":false},"excerpt":{"rendered":"<p>Obermaterial: Bio-Veloursleder<br \/>\nKragen: Veloursleder<br \/>\nFutter: Weiches Bioleder (pflanzlich gegerbt)<br \/>\nLaufsohle: Gummi (100% synth.)<br \/>\nInnensohle: weiches Bioleder (pflanzlich gegerbt)<br \/>\nPassform: Mittel<br \/>\nProduktionsland: Portugal<br \/>\nWeitere Eigenschaften: Bioleder (pflanzlich gegerbt)<\/p>\n","protected":false},"featured_media":489227,"comment_status":"open","ping_status":"closed","template":"","meta":[],"product_brand":[],"product_cat":[846],"product_tag":[1479,1426,1600,1385,1390,1391,1392,1393,1394,1395,1396,1397,1398,1399,1400,1401,1402,1403,1404,1362,2447],"class_list":{"0":"post-489228","1":"product","2":"type-product","3":"status-publish","4":"has-post-thumbnail","6":"product_cat-sandalen-4","7":"product_tag-farbe-blau","8":"product_tag-farbe-dunkelblau","9":"product_tag-farbe-rot","10":"product_tag-groesse-20","11":"product_tag-groesse-21","12":"product_tag-groesse-22","13":"product_tag-groesse-23","14":"product_tag-groesse-24","15":"product_tag-groesse-25","16":"product_tag-groesse-26","17":"product_tag-groesse-27","18":"product_tag-groesse-28","19":"product_tag-groesse-29","20":"product_tag-groesse-30","21":"product_tag-groesse-31","22":"product_tag-groesse-32","23":"product_tag-groesse-33","24":"product_tag-groesse-34","25":"product_tag-groesse-35","26":"product_tag-groesse-36","27":"product_tag-marke-blifestyle","29":"first","30":"instock","31":"taxable","32":"shipping-taxable","33":"purchasable","34":"product-type-variable"},"_links":{"self":[{"href":"https:\/\/schuhewiebarfuss.at\/shop\/wp-json\/wp\/v2\/product\/489228","targetHints":{"allow":["GET"]}}],"collection":[{"href":"https:\/\/schuhewiebarfuss.at\/shop\/wp-json\/wp\/v2\/product"}],"about":[{"href":"https:\/\/schuhewiebarfuss.at\/shop\/wp-json\/wp\/v2\/types\/product"}],"replies":[{"embeddable":true,"href":"https:\/\/schuhewiebarfuss.at\/shop\/wp-json\/wp\/v2\/comments?post=489228"}],"wp:featuredmedia":[{"embeddable":true,"href":"https:\/\/schuhewiebarfuss.at\/shop\/wp-json\/wp\/v2\/media\/489227"}],"wp:attachment":[{"href":"https:\/\/schuhewiebarfuss.at\/shop\/wp-json\/wp\/v2\/media?parent=489228"}],"wp:term":[{"taxonomy":"product_brand","embeddable":true,"href":"https:\/\/schuhewiebarfuss.at\/shop\/wp-json\/wp\/v2\/product_brand?post=489228"},{"taxonomy":"product_cat","embeddable":true,"href":"https:\/\/schuhewiebarfuss.at\/shop\/wp-json\/wp\/v2\/product_cat?post=489228"},{"taxonomy":"product_tag","embeddable":true,"href":"https:\/\/schuhewiebarfuss.at\/shop\/wp-json\/wp\/v2\/product_tag?post=489228"}],"curies":[{"name":"wp","href":"https:\/\/api.w.org\/{rel}","templated":true}]}}