{"id":489204,"date":"2024-04-12T13:33:53","date_gmt":"2024-04-12T11:33:53","guid":{"rendered":"https:\/\/schuhewiebarfuss.at\/shop\/produkt\/voyager\/"},"modified":"2026-02-28T21:08:29","modified_gmt":"2026-02-28T20:08:29","slug":"voyager","status":"publish","type":"product","link":"https:\/\/schuhewiebarfuss.at\/shop\/produkt\/voyager\/","title":{"rendered":"Voyager"},"content":{"rendered":"<p>Der Voyager zeichnet sich durch seine flexible, aber robuste Sohle aus. Sie ist an mehreren Stellen hochgezogen, um auch im Gel\u00e4nde ausreichend Schutz zu bieten, ohne den Fu\u00df seiner nat\u00fcrlichen St\u00e4rken zu berauben. Die Sohle bietet mit ihren Abflie\u00df\u00f6ffnungen und einem fein perforierten Metallnetz viel Halt, sogar im nassen Element und sch\u00fctzt den Schuh vor Steinen und Kieseln. Durch einen Gummizug am Kn\u00f6chel kann der Schuh individuell an den Fu\u00df angepasst werden. Der Verschluss erm\u00f6glicht ein superschnelles \u00d6ffnen und Schlie\u00dfen.<\/p>\n<p><b>Audio-Beschreibung<\/b><br \/><audio controls src=\"https:\/\/schuhewiebarfuss.at\/shop\/wp-content\/uploads\/lk\/6048_audio.wav\"><br \/>\n                                            Ihr Browser unterst\u00fctzt diese Audio-Ausgabe leider nicht.<br \/>\n                                            <\/ audio ><\/p>\n","protected":false},"excerpt":{"rendered":"<p>Zusammensetzung: DR KNIT LT 4-Spantextile: 84 % Polyester , 16 % Elastan. Sohle: 100 % Rubber, Insole: EVA Foaming Material + Polyester Mesh<br \/>\nin alle Richtungen dehnbares, schnell trocknendes Material<br \/>\nperforierte Au\u00dfensohle f\u00fcr schnelles Abflie\u00dfen des Wassers<br \/>\nQuick-Lock-System<br \/>\nverst\u00e4rkte Ferse f\u00fcr lange Haltbarkeit<\/p>\n","protected":false},"featured_media":489203,"comment_status":"open","ping_status":"closed","template":"","meta":[],"product_brand":[],"product_cat":[3121],"product_tag":[1479,1408,1468,1473,1474,1471,1475,1476,1477,1478,2461,1450],"class_list":{"0":"post-489204","1":"product","2":"type-product","3":"status-publish","4":"has-post-thumbnail","6":"product_cat-sale","7":"product_tag-farbe-blau","8":"product_tag-farbe-schwarz","9":"product_tag-groesse-36-37","10":"product_tag-groesse-37-5-38","11":"product_tag-groesse-38-5-39","12":"product_tag-groesse-40-41","13":"product_tag-groesse-41-5-42-5","14":"product_tag-groesse-43-44","15":"product_tag-groesse-45-5-46","16":"product_tag-groesse-46-5-47","17":"product_tag-marke-ballop","18":"product_tag-sale","20":"first","21":"instock","22":"sale","23":"taxable","24":"shipping-taxable","25":"purchasable","26":"product-type-variable"},"_links":{"self":[{"href":"https:\/\/schuhewiebarfuss.at\/shop\/wp-json\/wp\/v2\/product\/489204","targetHints":{"allow":["GET"]}}],"collection":[{"href":"https:\/\/schuhewiebarfuss.at\/shop\/wp-json\/wp\/v2\/product"}],"about":[{"href":"https:\/\/schuhewiebarfuss.at\/shop\/wp-json\/wp\/v2\/types\/product"}],"replies":[{"embeddable":true,"href":"https:\/\/schuhewiebarfuss.at\/shop\/wp-json\/wp\/v2\/comments?post=489204"}],"wp:featuredmedia":[{"embeddable":true,"href":"https:\/\/schuhewiebarfuss.at\/shop\/wp-json\/wp\/v2\/media\/489203"}],"wp:attachment":[{"href":"https:\/\/schuhewiebarfuss.at\/shop\/wp-json\/wp\/v2\/media?parent=489204"}],"wp:term":[{"taxonomy":"product_brand","embeddable":true,"href":"https:\/\/schuhewiebarfuss.at\/shop\/wp-json\/wp\/v2\/product_brand?post=489204"},{"taxonomy":"product_cat","embeddable":true,"href":"https:\/\/schuhewiebarfuss.at\/shop\/wp-json\/wp\/v2\/product_cat?post=489204"},{"taxonomy":"product_tag","embeddable":true,"href":"https:\/\/schuhewiebarfuss.at\/shop\/wp-json\/wp\/v2\/product_tag?post=489204"}],"curies":[{"name":"wp","href":"https:\/\/api.w.org\/{rel}","templated":true}]}}