{"id":489188,"date":"2024-04-12T13:32:34","date_gmt":"2024-04-12T11:32:34","guid":{"rendered":"https:\/\/schuhewiebarfuss.at\/shop\/produkt\/primus-trail-knit-fg-herren\/"},"modified":"2026-03-01T07:28:09","modified_gmt":"2026-03-01T06:28:09","slug":"primus-trail-knit-fg-herren","status":"publish","type":"product","link":"https:\/\/schuhewiebarfuss.at\/shop\/produkt\/primus-trail-knit-fg-herren\/","title":{"rendered":"Primus Trail Knit FG Herren"},"content":{"rendered":"<p>Durch das atmungsaktive, aus recycelten Polyesterfasern gewebte Obermaterial, welches vom Tragegef\u00fchl an eine Socke erinnert, bietet der neue PRIMUS TRAIL KNIT FG einen hohen Komfort.  Das an den Zehen und Seiten verst\u00e4rkte Material sch\u00fctzt vor St\u00f6\u00dfen.<\/p>\n<p>Mit der schnell-Verschluss-Schn\u00fcrung dieses Sportschuhes geh\u00f6ren offene Schuhb\u00e4nder der Vergangenheit an.<\/p>\n<p>Egal ob Asphalt, Forststra\u00dfe oder Waldweg &#8211; unsere patentierte Firm Ground Sohle gew\u00e4hrleistet optimalen Halt. Erlebe mit dem PRIMUS TRAIL KNIT FG die Umwelt fast wie barfu\u00df, so wie es die Natur vorgesehen hat!<\/p>\n<p><b>Audio-Beschreibung<\/b><br \/><audio controls src=\"https:\/\/schuhewiebarfuss.at\/shop\/wp-content\/uploads\/lk\/6199_audio.wav\"><br \/>\n                                            Ihr Browser unterst\u00fctzt diese Audio-Ausgabe leider nicht.<br \/>\n                                            <\/ audio ><\/p>\n","protected":false},"excerpt":{"rendered":"<p>Obermaterial: Recycelte Polyesterfasern, atmungsaktiv.<br \/>\nSohle: Patentierte, durchsto\u00dffeste, PRO5 Firm Ground Sohle. 3mm d\u00fcnn mit 3mm Stollen f\u00fcr besten Halt.<br \/>\nSchn\u00fcrung: Schnellverschluss System<br \/>\n100% Vegan<\/p>\n","protected":false},"featured_media":489187,"comment_status":"open","ping_status":"closed","template":"","meta":[],"product_brand":[],"product_cat":[3121],"product_tag":[1479,1651,1375,1376,1377,1378,1379,1380,1381,1449,2451,1450],"class_list":{"0":"post-489188","1":"product","2":"type-product","3":"status-publish","4":"has-post-thumbnail","6":"product_cat-sale","7":"product_tag-farbe-blau","8":"product_tag-farbe-weiss","9":"product_tag-groesse-40","10":"product_tag-groesse-41","11":"product_tag-groesse-42","12":"product_tag-groesse-43","13":"product_tag-groesse-44","14":"product_tag-groesse-45","15":"product_tag-groesse-46","16":"product_tag-groesse-47","17":"product_tag-marke-vivobarefoot","18":"product_tag-sale","20":"first","21":"instock","22":"sale","23":"taxable","24":"shipping-taxable","25":"purchasable","26":"product-type-variable"},"_links":{"self":[{"href":"https:\/\/schuhewiebarfuss.at\/shop\/wp-json\/wp\/v2\/product\/489188","targetHints":{"allow":["GET"]}}],"collection":[{"href":"https:\/\/schuhewiebarfuss.at\/shop\/wp-json\/wp\/v2\/product"}],"about":[{"href":"https:\/\/schuhewiebarfuss.at\/shop\/wp-json\/wp\/v2\/types\/product"}],"replies":[{"embeddable":true,"href":"https:\/\/schuhewiebarfuss.at\/shop\/wp-json\/wp\/v2\/comments?post=489188"}],"wp:featuredmedia":[{"embeddable":true,"href":"https:\/\/schuhewiebarfuss.at\/shop\/wp-json\/wp\/v2\/media\/489187"}],"wp:attachment":[{"href":"https:\/\/schuhewiebarfuss.at\/shop\/wp-json\/wp\/v2\/media?parent=489188"}],"wp:term":[{"taxonomy":"product_brand","embeddable":true,"href":"https:\/\/schuhewiebarfuss.at\/shop\/wp-json\/wp\/v2\/product_brand?post=489188"},{"taxonomy":"product_cat","embeddable":true,"href":"https:\/\/schuhewiebarfuss.at\/shop\/wp-json\/wp\/v2\/product_cat?post=489188"},{"taxonomy":"product_tag","embeddable":true,"href":"https:\/\/schuhewiebarfuss.at\/shop\/wp-json\/wp\/v2\/product_tag?post=489188"}],"curies":[{"name":"wp","href":"https:\/\/api.w.org\/{rel}","templated":true}]}}