{"id":489152,"date":"2024-04-12T13:30:44","date_gmt":"2024-04-12T11:30:44","guid":{"rendered":"https:\/\/schuhewiebarfuss.at\/shop\/produkt\/aqua-x-sport-herren\/"},"modified":"2026-02-28T19:31:34","modified_gmt":"2026-02-28T18:31:34","slug":"aqua-x-sport-herren","status":"publish","type":"product","link":"https:\/\/schuhewiebarfuss.at\/shop\/produkt\/aqua-x-sport-herren\/","title":{"rendered":"Aqua X Sport Herren"},"content":{"rendered":"<p>Der Aqua X Sport von Xero Shoes ist ein wasserfreundlicher Schuh, der ebenso gut an Land funktioniert. Er ist leicht und luftig, trocknet schnell und f\u00fchlt sich auch nass angenehm an. Durch sein unkompliziertes Schnellschn\u00fcrsystem ist der Aqua X Sport sehr angenehm barfu\u00df zu tragen und damit auch der ideale Begleiter an hei\u00dfen Tagen. <\/p>\n<p>Die Sohle ist beim Aqua X Sport die gleiche 5,5mm d\u00fcnne FeelTrue\u00ae Sohle wie auch beim Mesa Trail von Xero Shoes &#8211; genau das richtige Ma\u00df an Schutz und Komfort bei gleichzeitig kompromissloser Flexibilit\u00e4t.<\/p>\n<p><b>Audio-Beschreibung<\/b><br \/><audio controls src=\"https:\/\/schuhewiebarfuss.at\/shop\/wp-content\/uploads\/lk\/5966_audio.wav\"><br \/>\n                                            Ihr Browser unterst\u00fctzt diese Audio-Ausgabe leider nicht.<br \/>\n                                            <\/ audio ><\/p>\n","protected":false},"excerpt":{"rendered":"<p>Obermaterial: Mesh<br \/>\nSohle: Gummi<br \/>\n100% Vegan<br \/>\nVerschlussart: Gummizug <\/p>\n","protected":false},"featured_media":489151,"comment_status":"open","ping_status":"closed","template":"","meta":[],"product_brand":[],"product_cat":[839],"product_tag":[1479,1426,1371,2563,1408,1375,1376,1377,1378,1379,1380,1381,1449,2446],"class_list":{"0":"post-489152","1":"product","2":"type-product","3":"status-publish","4":"has-post-thumbnail","6":"product_cat-wanderschuhe-2","7":"product_tag-farbe-blau","8":"product_tag-farbe-dunkelblau","9":"product_tag-farbe-grau","10":"product_tag-farbe-hellblau","11":"product_tag-farbe-schwarz","12":"product_tag-groesse-40","13":"product_tag-groesse-41","14":"product_tag-groesse-42","15":"product_tag-groesse-43","16":"product_tag-groesse-44","17":"product_tag-groesse-45","18":"product_tag-groesse-46","19":"product_tag-groesse-47","20":"product_tag-marke-xero","22":"first","23":"instock","24":"taxable","25":"shipping-taxable","26":"purchasable","27":"product-type-variable"},"_links":{"self":[{"href":"https:\/\/schuhewiebarfuss.at\/shop\/wp-json\/wp\/v2\/product\/489152","targetHints":{"allow":["GET"]}}],"collection":[{"href":"https:\/\/schuhewiebarfuss.at\/shop\/wp-json\/wp\/v2\/product"}],"about":[{"href":"https:\/\/schuhewiebarfuss.at\/shop\/wp-json\/wp\/v2\/types\/product"}],"replies":[{"embeddable":true,"href":"https:\/\/schuhewiebarfuss.at\/shop\/wp-json\/wp\/v2\/comments?post=489152"}],"wp:featuredmedia":[{"embeddable":true,"href":"https:\/\/schuhewiebarfuss.at\/shop\/wp-json\/wp\/v2\/media\/489151"}],"wp:attachment":[{"href":"https:\/\/schuhewiebarfuss.at\/shop\/wp-json\/wp\/v2\/media?parent=489152"}],"wp:term":[{"taxonomy":"product_brand","embeddable":true,"href":"https:\/\/schuhewiebarfuss.at\/shop\/wp-json\/wp\/v2\/product_brand?post=489152"},{"taxonomy":"product_cat","embeddable":true,"href":"https:\/\/schuhewiebarfuss.at\/shop\/wp-json\/wp\/v2\/product_cat?post=489152"},{"taxonomy":"product_tag","embeddable":true,"href":"https:\/\/schuhewiebarfuss.at\/shop\/wp-json\/wp\/v2\/product_tag?post=489152"}],"curies":[{"name":"wp","href":"https:\/\/api.w.org\/{rel}","templated":true}]}}