{"id":489135,"date":"2024-04-12T13:28:04","date_gmt":"2024-04-12T11:28:04","guid":{"rendered":"https:\/\/schuhewiebarfuss.at\/shop\/produkt\/pan-braun-schwarz\/"},"modified":"2026-02-28T18:16:28","modified_gmt":"2026-02-28T17:16:28","slug":"pan-braun-schwarz","status":"publish","type":"product","link":"https:\/\/schuhewiebarfuss.at\/shop\/produkt\/pan-braun-schwarz\/","title":{"rendered":"Pan Braun\/Schwarz"},"content":{"rendered":"<p>Kinder haben einen nat\u00fcrlichen Hang zum Toben oder herum laufen.<br \/>\nDabei sollte der Fu\u00df nicht eingeengt sein. Viele Kleinkinderf\u00fc\u00dfe sind zudem recht kr\u00e4ftig und ben\u00f6tigen schon deshalb mehr Platz im Schuh.<br \/>\nDa Kinder mit dem Gehen auf eine nat\u00fcrliche Art beginnen, und nicht wie Erwachsene mit der Ferse auftreten, sollte der nat\u00fcrliche Gang auch beim Gehen mit Schuhen nicht eingeengt werden.<\/p>\n<p>Um das nat\u00fcrliche Gehen auch im Winter beizubehalten, hat Sole Runner\u00ae die Kinderkollektion erweitert. <\/p>\n<p>Obermaterial: Ziegenleder hydrophobiert (Wasser abweisend)<br \/>\nInnenmaterial: w\u00e4rmendes Mikrofaser Fleece<br \/>\nVerschluss: Senkel<br \/>\nForm: Weit. vorn breit geschnitten. Die Zehen haben optimale Bewegungsfreiheit<br \/>\nGewicht: 95 gr. Gr. 34<br \/>\nLaufsohle: ca. 6mm Gummi, Non Marking (nicht abf\u00e4rbend).<br \/>\nErlaubt einen m\u00f6glichst direkten Kontakt zum Boden. Fast wie Gehen auf der eigenen Fu\u00dfsohle<br \/>\nEin eventuell leicht sichtbarer &#8222;transparente Film&#8220; am Sohlen\u00fcbergang ist Silikonfinish und kein Kleberest.<\/p>\n<p><b>Audio-Beschreibung<\/b><br \/><audio controls src=\"https:\/\/schuhewiebarfuss.at\/shop\/wp-content\/uploads\/lk\/5106_audio.wav\"><br \/>\n                                            Ihr Browser unterst\u00fctzt diese Audio-Ausgabe leider nicht.<br \/>\n                                            <\/ audio ><\/p>\n","protected":false},"excerpt":{"rendered":"<p>Obermaterial: Ziegenleder hydrophobiert (Wasser abweisend)<br \/>\nInnenmaterial: w\u00e4rmendes Mikrofaser Fleece<br \/>\nVerschluss: Senkel<br \/>\nForm: Weit. vorn breit geschnitten. Die Zehen haben optimale Bewegungsfreiheit<br \/>\nGewicht: 95 gr. Gr. 34<br \/>\nLaufsohle: ca. 6mm Gummi, Non Marking (nicht abf\u00e4rbend).<br \/>\nErlaubt einen m\u00f6glichst direkten Kontakt zum Boden. Fast wie Gehen auf der eigenen Fu\u00dfsohle<br \/>\nEin eventuell leicht sichtbarer &#8222;transparente Film&#8220; am Sohlen\u00fcbergang ist Silikonfinish und kein Kleberest.<\/p>\n","protected":false},"featured_media":489134,"comment_status":"open","ping_status":"closed","template":"","meta":[],"product_brand":[],"product_cat":[3121],"product_tag":[3018,1544,3080,1408,1394,1395,1396,1397,1398,1399,1400,1401,1402,1403,1404,2449,1450],"class_list":{"0":"post-489135","1":"product","2":"type-product","3":"status-publish","4":"has-post-thumbnail","6":"product_cat-sale","7":"product_tag-farbe-black","8":"product_tag-farbe-braun","9":"product_tag-farbe-red","10":"product_tag-farbe-schwarz","11":"product_tag-groesse-25","12":"product_tag-groesse-26","13":"product_tag-groesse-27","14":"product_tag-groesse-28","15":"product_tag-groesse-29","16":"product_tag-groesse-30","17":"product_tag-groesse-31","18":"product_tag-groesse-32","19":"product_tag-groesse-33","20":"product_tag-groesse-34","21":"product_tag-groesse-35","22":"product_tag-marke-sole-runner","23":"product_tag-sale","25":"first","26":"instock","27":"sale","28":"taxable","29":"shipping-taxable","30":"purchasable","31":"product-type-variable"},"_links":{"self":[{"href":"https:\/\/schuhewiebarfuss.at\/shop\/wp-json\/wp\/v2\/product\/489135","targetHints":{"allow":["GET"]}}],"collection":[{"href":"https:\/\/schuhewiebarfuss.at\/shop\/wp-json\/wp\/v2\/product"}],"about":[{"href":"https:\/\/schuhewiebarfuss.at\/shop\/wp-json\/wp\/v2\/types\/product"}],"replies":[{"embeddable":true,"href":"https:\/\/schuhewiebarfuss.at\/shop\/wp-json\/wp\/v2\/comments?post=489135"}],"wp:featuredmedia":[{"embeddable":true,"href":"https:\/\/schuhewiebarfuss.at\/shop\/wp-json\/wp\/v2\/media\/489134"}],"wp:attachment":[{"href":"https:\/\/schuhewiebarfuss.at\/shop\/wp-json\/wp\/v2\/media?parent=489135"}],"wp:term":[{"taxonomy":"product_brand","embeddable":true,"href":"https:\/\/schuhewiebarfuss.at\/shop\/wp-json\/wp\/v2\/product_brand?post=489135"},{"taxonomy":"product_cat","embeddable":true,"href":"https:\/\/schuhewiebarfuss.at\/shop\/wp-json\/wp\/v2\/product_cat?post=489135"},{"taxonomy":"product_tag","embeddable":true,"href":"https:\/\/schuhewiebarfuss.at\/shop\/wp-json\/wp\/v2\/product_tag?post=489135"}],"curies":[{"name":"wp","href":"https:\/\/api.w.org\/{rel}","templated":true}]}}