{"id":488998,"date":"2024-04-12T13:19:43","date_gmt":"2024-04-12T11:19:43","guid":{"rendered":"https:\/\/schuhewiebarfuss.at\/shop\/produkt\/wyn-kinder-leder-schwarz\/"},"modified":"2026-02-28T18:07:34","modified_gmt":"2026-02-28T17:07:34","slug":"wyn-kinder-leder-schwarz","status":"publish","type":"product","link":"https:\/\/schuhewiebarfuss.at\/shop\/produkt\/wyn-kinder-leder-schwarz\/","title":{"rendered":"Wyn Kinder Leder Schwarz"},"content":{"rendered":"<p>Der WYN SCHOOL Kids ist unserem Klassiker Mary-Jane nachempfunden. Mit einem Klettverschluss System ist ein Einfaches und schnelles an und ausziehen m\u00f6glich. Das Obermaterial aus Afrikanischem Pittards Leder ist sehr robust und das Innenmaterial aus Mesh Gewebe f\u00fchlt sich am Fu\u00df sehr geschmeidig an. Unsere durchsto\u00dffeste, 3mm d\u00fcnne Kids Sohle erlaubt es den Kinderf\u00fc\u00dfen sich nat\u00fcrlich zu entwickeln und bietet guten Halt.<\/p>\n<p>Mit dem WYN verbringt Ihr Kind den Schultag oder die Abenteuer mit Freunden am Spielplatz bestens gesch\u00fctzt, sondern auch so wie es die Natur vorgesehen hat \u2013 Barfu\u00df. <\/p>\n<p><b>Audio-Beschreibung<\/b><br \/><audio controls src=\"https:\/\/schuhewiebarfuss.at\/shop\/wp-content\/uploads\/lk\/5085_audio.wav\"><br \/>\n                                            Ihr Browser unterst\u00fctzt diese Audio-Ausgabe leider nicht.<br \/>\n                                            <\/ audio ><\/p>\n","protected":false},"excerpt":{"rendered":"<p>Obermaterial: Afrikanisches Pittards-Leder von frei lebenden Rindern<br \/>\nInnenmaterial: Anschmiegsames Mesh-Gewebe<br \/>\nPatentierte 3mm PRO5 Kids-Multi-Terrain Sohle, dursto\u00dffeste, Vivobarefoot Kids Sohle<br \/>\nVerschluss: Klettverschluss<\/p>\n","protected":false},"featured_media":488997,"comment_status":"open","ping_status":"closed","template":"","meta":[],"product_brand":[],"product_cat":[3121],"product_tag":[1394,1395,1396,1397,1398,1399,1400,1401,1402,1403,1404,2451,1450],"class_list":{"0":"post-488998","1":"product","2":"type-product","3":"status-publish","4":"has-post-thumbnail","6":"product_cat-sale","7":"product_tag-groesse-25","8":"product_tag-groesse-26","9":"product_tag-groesse-27","10":"product_tag-groesse-28","11":"product_tag-groesse-29","12":"product_tag-groesse-30","13":"product_tag-groesse-31","14":"product_tag-groesse-32","15":"product_tag-groesse-33","16":"product_tag-groesse-34","17":"product_tag-groesse-35","18":"product_tag-marke-vivobarefoot","19":"product_tag-sale","21":"first","22":"instock","23":"taxable","24":"shipping-taxable","25":"purchasable","26":"product-type-variable"},"_links":{"self":[{"href":"https:\/\/schuhewiebarfuss.at\/shop\/wp-json\/wp\/v2\/product\/488998","targetHints":{"allow":["GET"]}}],"collection":[{"href":"https:\/\/schuhewiebarfuss.at\/shop\/wp-json\/wp\/v2\/product"}],"about":[{"href":"https:\/\/schuhewiebarfuss.at\/shop\/wp-json\/wp\/v2\/types\/product"}],"replies":[{"embeddable":true,"href":"https:\/\/schuhewiebarfuss.at\/shop\/wp-json\/wp\/v2\/comments?post=488998"}],"wp:featuredmedia":[{"embeddable":true,"href":"https:\/\/schuhewiebarfuss.at\/shop\/wp-json\/wp\/v2\/media\/488997"}],"wp:attachment":[{"href":"https:\/\/schuhewiebarfuss.at\/shop\/wp-json\/wp\/v2\/media?parent=488998"}],"wp:term":[{"taxonomy":"product_brand","embeddable":true,"href":"https:\/\/schuhewiebarfuss.at\/shop\/wp-json\/wp\/v2\/product_brand?post=488998"},{"taxonomy":"product_cat","embeddable":true,"href":"https:\/\/schuhewiebarfuss.at\/shop\/wp-json\/wp\/v2\/product_cat?post=488998"},{"taxonomy":"product_tag","embeddable":true,"href":"https:\/\/schuhewiebarfuss.at\/shop\/wp-json\/wp\/v2\/product_tag?post=488998"}],"curies":[{"name":"wp","href":"https:\/\/api.w.org\/{rel}","templated":true}]}}