{"id":488947,"date":"2024-04-12T13:16:42","date_gmt":"2024-04-12T11:16:42","guid":{"rendered":"https:\/\/schuhewiebarfuss.at\/shop\/produkt\/hfs-herren\/"},"modified":"2026-03-10T18:40:53","modified_gmt":"2026-03-10T17:40:53","slug":"hfs-herren","status":"publish","type":"product","link":"https:\/\/schuhewiebarfuss.at\/shop\/produkt\/hfs-herren\/","title":{"rendered":"HFS Herren"},"content":{"rendered":"<p>Der HFS ist der neue noch leichtere und noch sportlichere Bruder des altbew\u00e4hrten Prios! Er besteht aus atmungsaktivem Mesh-Au\u00dfenmaterial und ist als Stra\u00dfen-Laufschuh konzipiert. Nat\u00fcrlich kann man mit dem HFS aber noch viel mehr machen.<\/p>\n<p>Was bedeutet die Abk\u00fcrzung HFS?<\/p>\n<p>Hoch Flexible Sohle, es k\u00f6nnte bei dem guten Design aber auch Happy-Face-Shoe hei\u00dfen.<\/p>\n<p>Die Xero Shoes HFS sind leichte Barfu\u00dflaufschuhe und vermitteln durch ihre d\u00fcnne, flexible Sohle in Verbindung mit flacher Fu\u00dfposition direkten Bodenkontakt. Egal, ob als Laufschuh oder als Sneaker, der minimalistische Schuh erm\u00f6glicht eine neutrale K\u00f6rperhaltung und unterst\u00fctzt die nat\u00fcrliche Schrittbewegung sowie Fu\u00dfsensorik optimal.<\/p>\n<p>F\u00fcr minimalistischen Schutz vor Verletzungen durch spitze Steine und andere, unangenehme Unebenheiten sorgt die mit einem leichten Profil ausgestatteten Sohle. Die F\u00fc\u00dfe k\u00f6nnen den Untergrund aber trotzdem sehr sensibel wahrnehmen &#8211; eine wichtige Voraussetzung f\u00fcr die schnelle und pr\u00e4zise Bewegungskoordination. Zudem wird eine optimale Kr\u00e4ftigung von Fu\u00df- und Beinmuskulatur gef\u00f6rdert.<\/p>\n<p>Trotz einfachem Konzept, socken\u00e4hnlichem Sitz, ger\u00e4umiger Zehenbox leichtem, atmungsaktivem und schnell trocknendem Material besitzt der HFS mit seiner &#8222;Hoch Flexiblen Sohle&#8220; ausreichend Grip und Schutz f\u00fcr kurze, intensive Trainingseinheiten im Park.<\/p>\n<p><b>Audio-Beschreibung<\/b><br \/><audio controls src=\"https:\/\/schuhewiebarfuss.at\/shop\/wp-content\/uploads\/lk\/5974_audio.wav\"><br \/>\n                                            Ihr Browser unterst\u00fctzt diese Audio-Ausgabe leider nicht.<br \/>\n                                            <\/ audio ><\/p>\n","protected":false},"excerpt":{"rendered":"<p>Null Sprengung \u2013 die Ferse ist nicht wie bei anderen Sportschuhen gehoben und ged\u00e4mpft sondern, der Prio hat entsprechend dem Zero-Drop-Prinzip keinen H\u00f6henunterschied in der Sohle<br \/>\nbreite Zehenbox \u2013 der weite Schnitt am Vorderfu\u00df l\u00e4sst den Zehen Platz sich zu bewegen und bei der Laufbewegung aufzufechern f\u00fcr Stabilit\u00e4t<br \/>\nflexible Sohle mit Garantie\u2013 die d\u00fcnne 5,5mm-FeelTrue\u00ae-Sohle des HFS verspricht minimalistisches Barfu\u00dfgef\u00fchl und l\u00e4sst dem Fu\u00df die Freiheit sich nat\u00fcrlich abrollen, biegen und beween zu k\u00f6nnen.<br \/>\n5000-Meilen Garantie \u2013\u00a0der Hersteller gibt ein Garantie auf die Sohle, sowie auf die Verarbeitung in den ersten 24 Monaten ab dem Kauf<br \/>\nHuarache-Sandalen-Inspiration weil Xero mit Sandalen begonnen hat, bleibt dieses Markenzeichen, der einstellbare Strap,bei jedem Schuh als Eyecatcher und um den Schuh gegebenenfalls am Mittelfu\u00df enger zu machen, erhalten<br \/>\nso leicht -ein Schuh der HFS-Serie wiegt unter 200g<br \/>\nveganfriendly \u2013 Kunstleder und Mesh \u2013 100% vegan<\/p>\n","protected":false},"featured_media":488946,"comment_status":"open","ping_status":"closed","template":"","meta":[],"product_brand":[],"product_cat":[838],"product_tag":[1479,1426,1427,1371,1570,1600,1408,1651,1375,1376,1377,1378,1379,1380,1381,1449,2446],"class_list":{"0":"post-488947","1":"product","2":"type-product","3":"status-publish","4":"has-post-thumbnail","6":"product_cat-sport-3","7":"product_tag-farbe-blau","8":"product_tag-farbe-dunkelblau","9":"product_tag-farbe-gelb","10":"product_tag-farbe-grau","11":"product_tag-farbe-gruen","12":"product_tag-farbe-rot","13":"product_tag-farbe-schwarz","14":"product_tag-farbe-weiss","15":"product_tag-groesse-40","16":"product_tag-groesse-41","17":"product_tag-groesse-42","18":"product_tag-groesse-43","19":"product_tag-groesse-44","20":"product_tag-groesse-45","21":"product_tag-groesse-46","22":"product_tag-groesse-47","23":"product_tag-marke-xero","25":"first","26":"instock","27":"taxable","28":"shipping-taxable","29":"purchasable","30":"product-type-variable"},"_links":{"self":[{"href":"https:\/\/schuhewiebarfuss.at\/shop\/wp-json\/wp\/v2\/product\/488947","targetHints":{"allow":["GET"]}}],"collection":[{"href":"https:\/\/schuhewiebarfuss.at\/shop\/wp-json\/wp\/v2\/product"}],"about":[{"href":"https:\/\/schuhewiebarfuss.at\/shop\/wp-json\/wp\/v2\/types\/product"}],"replies":[{"embeddable":true,"href":"https:\/\/schuhewiebarfuss.at\/shop\/wp-json\/wp\/v2\/comments?post=488947"}],"wp:featuredmedia":[{"embeddable":true,"href":"https:\/\/schuhewiebarfuss.at\/shop\/wp-json\/wp\/v2\/media\/488946"}],"wp:attachment":[{"href":"https:\/\/schuhewiebarfuss.at\/shop\/wp-json\/wp\/v2\/media?parent=488947"}],"wp:term":[{"taxonomy":"product_brand","embeddable":true,"href":"https:\/\/schuhewiebarfuss.at\/shop\/wp-json\/wp\/v2\/product_brand?post=488947"},{"taxonomy":"product_cat","embeddable":true,"href":"https:\/\/schuhewiebarfuss.at\/shop\/wp-json\/wp\/v2\/product_cat?post=488947"},{"taxonomy":"product_tag","embeddable":true,"href":"https:\/\/schuhewiebarfuss.at\/shop\/wp-json\/wp\/v2\/product_tag?post=488947"}],"curies":[{"name":"wp","href":"https:\/\/api.w.org\/{rel}","templated":true}]}}