{"id":488892,"date":"2024-04-12T13:12:52","date_gmt":"2024-04-12T11:12:52","guid":{"rendered":"https:\/\/schuhewiebarfuss.at\/shop\/produkt\/gecko\/"},"modified":"2026-02-28T20:17:49","modified_gmt":"2026-02-28T19:17:49","slug":"gecko","status":"publish","type":"product","link":"https:\/\/schuhewiebarfuss.at\/shop\/produkt\/gecko\/","title":{"rendered":"Gecko"},"content":{"rendered":"<p>Der Herbst ist da und bringt und Wind, Bl\u00e4tter und Regenwetter!<\/p>\n<p>Perfekt ausger\u00fcstet f\u00fcr die k\u00fchleren Tage mit unserem Gecko &#8211; ob toben in feuchtem Laub oder perfekt gewappnet f\u00fcr die ersten sonnigen Wintertage. Das klassische Graphit-Grau l\u00e4sst sich wunderbar in jede Alltagssituation kombinieren, die sportlich gr\u00fcne Schn\u00fcrung bringt unseren Gecko zum Strahlen.<\/p>\n<p>Das robuste Veloursleder ist Wasser abweisend, sch\u00fctzt unsere kleinen Abenteurer optimal vor Morgentau und feuchtem Gras. Das kuschelige Fleecefutter h\u00e4lt den Fu\u00df wollig warm. Der seitliche Reflector unterst\u00fctzt die Sichtbarkeit an dunklen Tagen im Stra\u00dfenverkehr.<\/p>\n<p>Die sehr weiche und hoch-abriebfeste Kautschuksohle ist auch f\u00fcr Allergiker geeignet, da diese kein Latex beinhaltet. Nat\u00fcrlich haben alle unsere Schuhe keinen Fersenabsatz und auch kein Fu\u00dfbett.<\/p>\n<p>Unsere Innensohle ist nat\u00fcrlich herausnehmbar und erm\u00f6glicht somit leicht die Kontrolle bei Wachstumssch\u00fcben.<\/p>\n<p><b>Audio-Beschreibung<\/b><br \/><audio controls src=\"https:\/\/schuhewiebarfuss.at\/shop\/wp-content\/uploads\/lk\/6050_audio.wav\"><br \/>\n                                            Ihr Browser unterst\u00fctzt diese Audio-Ausgabe leider nicht.<br \/>\n                                            <\/ audio ><\/p>\n","protected":false},"excerpt":{"rendered":"<p>Obermaterial: Velourleder<br \/>\nInnenmaterial: Fleecefutter<br \/>\nSohle: Kautschuk<br \/>\nVerschlussart: Schn\u00fcrung<br \/>\nWasserabweisend<br \/>\nFr\u00fchling, Herbst <\/p>\n","protected":false},"featured_media":488891,"comment_status":"open","ping_status":"closed","template":"","meta":[],"product_brand":[],"product_cat":[3121],"product_tag":[1371,1570,1481,1483,1385,1390,1391,1392,1393,1394,1395,1396,1397,2463,1450],"class_list":{"0":"post-488892","1":"product","2":"type-product","3":"status-publish","4":"has-post-thumbnail","6":"product_cat-sale","7":"product_tag-farbe-grau","8":"product_tag-farbe-gruen","9":"product_tag-farbe-pink","10":"product_tag-groesse-19","11":"product_tag-groesse-20","12":"product_tag-groesse-21","13":"product_tag-groesse-22","14":"product_tag-groesse-23","15":"product_tag-groesse-24","16":"product_tag-groesse-25","17":"product_tag-groesse-26","18":"product_tag-groesse-27","19":"product_tag-groesse-28","20":"product_tag-marke-filii","21":"product_tag-sale","23":"first","24":"instock","25":"taxable","26":"shipping-taxable","27":"purchasable","28":"product-type-variable"},"_links":{"self":[{"href":"https:\/\/schuhewiebarfuss.at\/shop\/wp-json\/wp\/v2\/product\/488892","targetHints":{"allow":["GET"]}}],"collection":[{"href":"https:\/\/schuhewiebarfuss.at\/shop\/wp-json\/wp\/v2\/product"}],"about":[{"href":"https:\/\/schuhewiebarfuss.at\/shop\/wp-json\/wp\/v2\/types\/product"}],"replies":[{"embeddable":true,"href":"https:\/\/schuhewiebarfuss.at\/shop\/wp-json\/wp\/v2\/comments?post=488892"}],"wp:featuredmedia":[{"embeddable":true,"href":"https:\/\/schuhewiebarfuss.at\/shop\/wp-json\/wp\/v2\/media\/488891"}],"wp:attachment":[{"href":"https:\/\/schuhewiebarfuss.at\/shop\/wp-json\/wp\/v2\/media?parent=488892"}],"wp:term":[{"taxonomy":"product_brand","embeddable":true,"href":"https:\/\/schuhewiebarfuss.at\/shop\/wp-json\/wp\/v2\/product_brand?post=488892"},{"taxonomy":"product_cat","embeddable":true,"href":"https:\/\/schuhewiebarfuss.at\/shop\/wp-json\/wp\/v2\/product_cat?post=488892"},{"taxonomy":"product_tag","embeddable":true,"href":"https:\/\/schuhewiebarfuss.at\/shop\/wp-json\/wp\/v2\/product_tag?post=488892"}],"curies":[{"name":"wp","href":"https:\/\/api.w.org\/{rel}","templated":true}]}}