{"id":488745,"date":"2024-04-12T12:53:54","date_gmt":"2024-04-12T10:53:54","guid":{"rendered":"https:\/\/schuhewiebarfuss.at\/shop\/produkt\/geo-racer-herren-schwarz\/"},"modified":"2026-03-01T17:27:35","modified_gmt":"2026-03-01T16:27:35","slug":"geo-racer-herren-schwarz","status":"publish","type":"product","link":"https:\/\/schuhewiebarfuss.at\/shop\/produkt\/geo-racer-herren-schwarz\/","title":{"rendered":"Geo Racer Herren Schwarz"},"content":{"rendered":"<p>Dieser vegane Schuh besteht aus atmungsaktiven, recyceltem Polyester Mesh Obermaterial. Unsere patentierte, durchsto\u00dffeste 3mm Sohle erlaubt beste Propriozeption und besten halt auf allen B\u00f6den. Die beiliegende, herausnehmbare 3mm PERFORMANCE Einlegesohle hilft Barfu\u00dfschuh-Einsteigern oder an k\u00e4lteren Tagen vor k\u00fchlen Bodentemperaturen.<\/p>\n<p>Mit dem GEO RACER kann man den Tag vom B\u00fcro, Sport oder den Pub-Besuch wie barfu\u00df erleben! <\/p>\n<p><b>Audio-Beschreibung<\/b><br \/><audio controls src=\"https:\/\/schuhewiebarfuss.at\/shop\/wp-content\/uploads\/lk\/6151_audio.wav\"><br \/>\n                                            Ihr Browser unterst\u00fctzt diese Audio-Ausgabe leider nicht.<br \/>\n                                            <\/ audio ><\/p>\n","protected":false},"excerpt":{"rendered":"<p>Obermaterial: Mesh<br \/>\nMaterial: Vegan<br \/>\nSohle: 3mm, Glatt<br \/>\nFarbe: Schwarz\/Wei\u00df<br \/>\nH\u00f6he: Halbschuh<br \/>\nSchn\u00fcrschuh <\/p>\n","protected":false},"featured_media":488744,"comment_status":"open","ping_status":"closed","template":"","meta":[],"product_brand":[],"product_cat":[3121],"product_tag":[1375,1376,1377,1378,1379,1380,1381,1449,2451,1450],"class_list":{"0":"post-488745","1":"product","2":"type-product","3":"status-publish","4":"has-post-thumbnail","6":"product_cat-sale","7":"product_tag-groesse-40","8":"product_tag-groesse-41","9":"product_tag-groesse-42","10":"product_tag-groesse-43","11":"product_tag-groesse-44","12":"product_tag-groesse-45","13":"product_tag-groesse-46","14":"product_tag-groesse-47","15":"product_tag-marke-vivobarefoot","16":"product_tag-sale","18":"first","19":"outofstock","20":"taxable","21":"shipping-taxable","22":"product-type-variable"},"_links":{"self":[{"href":"https:\/\/schuhewiebarfuss.at\/shop\/wp-json\/wp\/v2\/product\/488745","targetHints":{"allow":["GET"]}}],"collection":[{"href":"https:\/\/schuhewiebarfuss.at\/shop\/wp-json\/wp\/v2\/product"}],"about":[{"href":"https:\/\/schuhewiebarfuss.at\/shop\/wp-json\/wp\/v2\/types\/product"}],"replies":[{"embeddable":true,"href":"https:\/\/schuhewiebarfuss.at\/shop\/wp-json\/wp\/v2\/comments?post=488745"}],"wp:featuredmedia":[{"embeddable":true,"href":"https:\/\/schuhewiebarfuss.at\/shop\/wp-json\/wp\/v2\/media\/488744"}],"wp:attachment":[{"href":"https:\/\/schuhewiebarfuss.at\/shop\/wp-json\/wp\/v2\/media?parent=488745"}],"wp:term":[{"taxonomy":"product_brand","embeddable":true,"href":"https:\/\/schuhewiebarfuss.at\/shop\/wp-json\/wp\/v2\/product_brand?post=488745"},{"taxonomy":"product_cat","embeddable":true,"href":"https:\/\/schuhewiebarfuss.at\/shop\/wp-json\/wp\/v2\/product_cat?post=488745"},{"taxonomy":"product_tag","embeddable":true,"href":"https:\/\/schuhewiebarfuss.at\/shop\/wp-json\/wp\/v2\/product_tag?post=488745"}],"curies":[{"name":"wp","href":"https:\/\/api.w.org\/{rel}","templated":true}]}}