{"id":488701,"date":"2024-04-12T12:51:36","date_gmt":"2024-04-12T10:51:36","guid":{"rendered":"https:\/\/schuhewiebarfuss.at\/shop\/produkt\/faro\/"},"modified":"2026-03-01T19:28:57","modified_gmt":"2026-03-01T18:28:57","slug":"faro","status":"publish","type":"product","link":"https:\/\/schuhewiebarfuss.at\/shop\/produkt\/faro\/","title":{"rendered":"Faro"},"content":{"rendered":"<p>Koel Faro Black Boots sind stilvolle Winterstiefel mit Obermaterial aus Hydroleder. Diese Lederart macht die Stiefel atmungsaktiv, geschmeidig, langlebig und wasserabweisend. Das Futter besteht aus Wolle, was diese Stiefel perfekt f\u00fcr kalte Wintertage macht. Alle Metall\u00f6sen sind nickelfrei. Faro-Stiefel lassen sich dank des Rei\u00dfverschlusses sehr einfach anziehen. Der Zehenbereich ist breit und die Gummisohle sorgt daf\u00fcr, dass sich Ihr Fu\u00df auf nat\u00fcrliche Weise beugen, bewegen, und f\u00fchlen kann.<\/p>\n<p>Wo zu tragen: Koel Faro Black-Stiefel eignen sich sowohl f\u00fcr die Stra\u00dfe als auch f\u00fcr den Wald. Ihr wasserabweisendes Obermaterial trocknet auch nach Abenteuern unter nassen Bedingungen schnell.<br \/>\nDiese h\u00fcbschen Stiefel von Koel f\u00fcr die ganz Gro\u00dfen sind warm gef\u00fcttert und stark wasserabweisend. Nasskalte Wintertage sind somit kein Problem. <\/p>\n<p>Diese Stiefel haben eine sch\u00f6n d\u00fcnne und flexible Minimalsohle. Die hohe Schn\u00fcrung sorgt f\u00fcr besten Halt im Schuh.<\/p>\n<p>Angaben zum Schaft:<\/p>\n<p>    Gr. 36 &#8211; H\u00f6he ca. 175 mm<br \/>\n    Gr. 39 &#8211; H\u00f6he ca. 190 mm<br \/>\n    Gr. 43 &#8211; H\u00f6he ca. 205 mm<\/p>\n<p>Die Schuhe haben eine d\u00fcnne und flexible Minimalsohle, die im Gebrauch noch viel weicher wird.<\/p>\n<p>Alle Leder von Koel-Produkten werden in einer LWG zertifizierten Gerberei eingekauft.<\/p>\n<p>Eigenschaften:<\/p>\n<p>Obermaterial: Hydro-Leder<br \/>\nInnenmaterial: chromfreies Leder und Lammwolle<br \/>\nSohle: 100 % Naturkautschuk, dicke der Sohle betr\u00e4gt 0,5 mm<br \/>\nAbsatz: v\u00f6llig flacher Schuh, keine Fersenerh\u00f6hung<br \/>\nEinlegesohle: Herausnehmbar und recycelt<br \/>\nVerschluss: Rei\u00dfverschluss und Schn\u00fcrsenkel<br \/>\nPassform: f\u00fcr F\u00fc\u00dfe mittlerer Breite und mittleren Spanns geeignet<br \/>\nPflege: Wir empfehlen Spray f\u00fcr Lederstiefel<br \/>\nHergestellt: in Portugal<\/p>\n<p>Sie zeichnen sich aus durch:<\/p>\n<p>Breite Zehenbox, die der nat\u00fcrlichen Form der Zehen folgt<br \/>\nKeine Absenkung von der Ferse bis zu den Zehen<br \/>\nKeine Fu\u00dfgew\u00f6lbeunterst\u00fctzung<br \/>\nEine flexible und d\u00fcnne Sohle<br \/>\nLeicht<\/p>\n<p>Pflege diesen Schuh regelm\u00e4\u00dfig, damit du l\u00e4nger was von ihm hast.<\/p>\n<p>Wartung:<\/p>\n<p>Um Schmutz zu entfernen, wischen Sie die Schuhe vorsichtig mit einem feuchten Tuch ab. Vermeiden Sie die Verwendung scharfer Chemikalien oder Scheuermittel, da diese die Materialien besch\u00e4digen k\u00f6nnen. Bei Nichtgebrauch an einem k\u00fchlen, trockenen Ort ohne direkte Sonneneinstrahlung aufbewahren. Vermeiden Sie es, schwere Gegenst\u00e4nde darauf zu legen, um ihre Form zu erhalten.<\/p>\n<p><b>Audio-Beschreibung<\/b><br \/><audio controls src=\"https:\/\/schuhewiebarfuss.at\/shop\/wp-content\/uploads\/lk\/6133_audio.wav\"><br \/>\n                                            Ihr Browser unterst\u00fctzt diese Audio-Ausgabe leider nicht.<br \/>\n                                            <\/ audio ><\/p>\n","protected":false},"excerpt":{"rendered":"<p>Minimalistische wasserabweisende Lederstiefel mit chromfreiem Leder- und Wollfutter f\u00fcr kalte Wintertage.<\/p>\n<p>Obermaterial: Hydro-Leder<br \/>\nFutter: Lammwolle<br \/>\nSohle: 100 % Naturkautschuk<br \/>\nEinlegesohle: Herausnehmbar<br \/>\nVerschluss: Schn\u00fcrung und Rei\u00dfverschluss<br \/>\nFlache Sohle: 0,5 mm<\/p>\n","protected":false},"featured_media":680579,"comment_status":"open","ping_status":"closed","template":"","meta":[],"product_brand":[],"product_cat":[3121],"product_tag":[1479,1544,2233,2563,1408,1368,1373,1374,1375,1376,1377,1378,2778,1450],"class_list":{"0":"post-488701","1":"product","2":"type-product","3":"status-publish","4":"has-post-thumbnail","6":"product_cat-sale","7":"product_tag-farbe-blau","8":"product_tag-farbe-braun","9":"product_tag-farbe-dunkelrot","10":"product_tag-farbe-hellblau","11":"product_tag-farbe-schwarz","12":"product_tag-groesse-37","13":"product_tag-groesse-38","14":"product_tag-groesse-39","15":"product_tag-groesse-40","16":"product_tag-groesse-41","17":"product_tag-groesse-42","18":"product_tag-groesse-43","19":"product_tag-marke-koel-shoes-international","20":"product_tag-sale","22":"first","23":"instock","24":"sale","25":"taxable","26":"shipping-taxable","27":"purchasable","28":"product-type-variable"},"_links":{"self":[{"href":"https:\/\/schuhewiebarfuss.at\/shop\/wp-json\/wp\/v2\/product\/488701","targetHints":{"allow":["GET"]}}],"collection":[{"href":"https:\/\/schuhewiebarfuss.at\/shop\/wp-json\/wp\/v2\/product"}],"about":[{"href":"https:\/\/schuhewiebarfuss.at\/shop\/wp-json\/wp\/v2\/types\/product"}],"replies":[{"embeddable":true,"href":"https:\/\/schuhewiebarfuss.at\/shop\/wp-json\/wp\/v2\/comments?post=488701"}],"wp:featuredmedia":[{"embeddable":true,"href":"https:\/\/schuhewiebarfuss.at\/shop\/wp-json\/wp\/v2\/media\/680579"}],"wp:attachment":[{"href":"https:\/\/schuhewiebarfuss.at\/shop\/wp-json\/wp\/v2\/media?parent=488701"}],"wp:term":[{"taxonomy":"product_brand","embeddable":true,"href":"https:\/\/schuhewiebarfuss.at\/shop\/wp-json\/wp\/v2\/product_brand?post=488701"},{"taxonomy":"product_cat","embeddable":true,"href":"https:\/\/schuhewiebarfuss.at\/shop\/wp-json\/wp\/v2\/product_cat?post=488701"},{"taxonomy":"product_tag","embeddable":true,"href":"https:\/\/schuhewiebarfuss.at\/shop\/wp-json\/wp\/v2\/product_tag?post=488701"}],"curies":[{"name":"wp","href":"https:\/\/api.w.org\/{rel}","templated":true}]}}