{"id":488647,"date":"2024-04-12T12:49:13","date_gmt":"2024-04-12T10:49:13","guid":{"rendered":"https:\/\/schuhewiebarfuss.at\/shop\/produkt\/primus-lite-iii-all-weather-damen\/"},"modified":"2026-03-01T17:28:52","modified_gmt":"2026-03-01T16:28:52","slug":"primus-lite-iii-all-weather-damen","status":"publish","type":"product","link":"https:\/\/schuhewiebarfuss.at\/shop\/produkt\/primus-lite-iii-all-weather-damen\/","title":{"rendered":"Primus Lite III All Weather Damen"},"content":{"rendered":"<p>Der neue PRIMUS LITE III ALL WEATHER entstand aus unserer Vision, den leichtesten Schuh am Markt zu kreieren.<\/p>\n<p>Mit einem neuen, wasserabweisenden Mesh-Obermaterial aus recycelten PET Flaschen bietet dieser Schuh an kalten und nassen Tagen besten Schutz. Unsere patentierte, durchsto\u00dffeste 3mm On-Road Sohle erm\u00f6glicht bestes Barfu\u00dfgef\u00fchl, auch in der kalten Jahreszeit. Die herausnehmbare 3mm Ortholite Einlegesohle erlaubt durch ihre leichte Polsterung \u201eBarfu\u00dfschuh-Anf\u00e4ngern\u201c einen einfacheren Einstieg in die Welt des Barfu\u00dfgehens.<\/p>\n<p>Der PRIMUS LITE III ALL WEATHER ist der ideale Schuh f\u00fcr alle, die zu jeder Jahreszeit den Komfort eines leichten Barfu\u00df-Sneakers nicht missen wollen!<\/p>\n<p><b>Audio-Beschreibung<\/b><br \/><audio controls src=\"https:\/\/schuhewiebarfuss.at\/shop\/wp-content\/uploads\/lk\/6176_audio.wav\"><br \/>\n                                            Ihr Browser unterst\u00fctzt diese Audio-Ausgabe leider nicht.<br \/>\n                                            <\/ audio ><\/p>\n","protected":false},"excerpt":{"rendered":"<p>Obermaterial: Atmungsaktives, wasserabweisendes Mesh aus recycelten PET Flaschen.<br \/>\nInnensohle: Herausnehmbare, 3mm Ortholite Einlegesohle aus recycelten Materialien.<br \/>\nAu\u00dfensohle: patentierte, durchsto\u00dffeste, 3mm On-Road PRO5 ACTIV-SOLE<br \/>\nSchn\u00fcrschuh<br \/>\n100% Vegan<br \/>\nWinterfest<\/p>\n","protected":false},"featured_media":488646,"comment_status":"open","ping_status":"closed","template":"","meta":[],"product_brand":[],"product_cat":[3121],"product_tag":[1462,1371,1600,1408,1362,1368,1373,1374,1375,1376,1377,2451,1450],"class_list":{"0":"post-488647","1":"product","2":"type-product","3":"status-publish","4":"has-post-thumbnail","6":"product_cat-sale","7":"product_tag-farbe-dunkelgrau","8":"product_tag-farbe-grau","9":"product_tag-farbe-rot","10":"product_tag-farbe-schwarz","11":"product_tag-groesse-36","12":"product_tag-groesse-37","13":"product_tag-groesse-38","14":"product_tag-groesse-39","15":"product_tag-groesse-40","16":"product_tag-groesse-41","17":"product_tag-groesse-42","18":"product_tag-marke-vivobarefoot","19":"product_tag-sale","21":"first","22":"instock","23":"taxable","24":"shipping-taxable","25":"purchasable","26":"product-type-variable"},"_links":{"self":[{"href":"https:\/\/schuhewiebarfuss.at\/shop\/wp-json\/wp\/v2\/product\/488647","targetHints":{"allow":["GET"]}}],"collection":[{"href":"https:\/\/schuhewiebarfuss.at\/shop\/wp-json\/wp\/v2\/product"}],"about":[{"href":"https:\/\/schuhewiebarfuss.at\/shop\/wp-json\/wp\/v2\/types\/product"}],"replies":[{"embeddable":true,"href":"https:\/\/schuhewiebarfuss.at\/shop\/wp-json\/wp\/v2\/comments?post=488647"}],"wp:featuredmedia":[{"embeddable":true,"href":"https:\/\/schuhewiebarfuss.at\/shop\/wp-json\/wp\/v2\/media\/488646"}],"wp:attachment":[{"href":"https:\/\/schuhewiebarfuss.at\/shop\/wp-json\/wp\/v2\/media?parent=488647"}],"wp:term":[{"taxonomy":"product_brand","embeddable":true,"href":"https:\/\/schuhewiebarfuss.at\/shop\/wp-json\/wp\/v2\/product_brand?post=488647"},{"taxonomy":"product_cat","embeddable":true,"href":"https:\/\/schuhewiebarfuss.at\/shop\/wp-json\/wp\/v2\/product_cat?post=488647"},{"taxonomy":"product_tag","embeddable":true,"href":"https:\/\/schuhewiebarfuss.at\/shop\/wp-json\/wp\/v2\/product_tag?post=488647"}],"curies":[{"name":"wp","href":"https:\/\/api.w.org\/{rel}","templated":true}]}}