{"id":488620,"date":"2024-04-12T12:47:51","date_gmt":"2024-04-12T10:47:51","guid":{"rendered":"https:\/\/schuhewiebarfuss.at\/shop\/produkt\/prio-damen\/"},"modified":"2026-03-01T16:38:37","modified_gmt":"2026-03-01T15:38:37","slug":"prio-damen","status":"publish","type":"product","link":"https:\/\/schuhewiebarfuss.at\/shop\/produkt\/prio-damen\/","title":{"rendered":"Prio Damen"},"content":{"rendered":"<p>Der Prio ist das sportliche Multitalent von Xero Shoes. Als Fitness- oder Workoutschuh, beim Crossfit, Radfahren oder auf leichten Wanderungen und Trails \u2013 der Prio macht immer eine gute Figur. Die 5,5mm d\u00fcnne FeelTrue\u00ae Sohle sorgt f\u00fcr die ideale Kombination aus Schutz und Bewegungsfreude, die durch das geringe Gewicht und die breite Zehenbox des Prio noch gesteigert wird. Die 2mm d\u00fcnne Innensohle des Prio l\u00e4sst sich herausnehmen, was Dich den Boden unter den F\u00fc\u00dfen noch intensiver sp\u00fcren l\u00e4sst.<\/p>\n<p><b>Audio-Beschreibung<\/b><br \/><audio controls src=\"https:\/\/schuhewiebarfuss.at\/shop\/wp-content\/uploads\/lk\/5982_audio.wav\"><br \/>\n                                            Ihr Browser unterst\u00fctzt diese Audio-Ausgabe leider nicht.<br \/>\n                                            <\/ audio ><\/p>\n","protected":false},"excerpt":{"rendered":"<p>Obermaterial: Textil\/Mesh<br \/>\nInnenmaterial: Textil\/Mesh<br \/>\nInnensohle: Herausnehmbar<br \/>\nSohle: FeelTrue &#8211; Gummi<br \/>\nVerschlussart: Schn\u00fcrung <\/p>\n","protected":false},"featured_media":488619,"comment_status":"open","ping_status":"closed","template":"","meta":[],"product_brand":[],"product_cat":[3121],"product_tag":[1479,3160,1371,2563,2629,1408,3039,1651,1362,2314,1368,2315,1373,1374,1375,1376,2317,1377,2446,1450],"class_list":{"0":"post-488620","1":"product","2":"type-product","3":"status-publish","4":"has-post-thumbnail","6":"product_cat-sale","7":"product_tag-farbe-blau","8":"product_tag-farbe-delphinum-blue","9":"product_tag-farbe-grau","10":"product_tag-farbe-hellblau","11":"product_tag-farbe-lila","12":"product_tag-farbe-schwarz","13":"product_tag-farbe-violet","14":"product_tag-farbe-weiss","15":"product_tag-groesse-36","16":"product_tag-groesse-36-5","17":"product_tag-groesse-37","18":"product_tag-groesse-37-5","19":"product_tag-groesse-38","20":"product_tag-groesse-39","21":"product_tag-groesse-40","22":"product_tag-groesse-41","23":"product_tag-groesse-41-5","24":"product_tag-groesse-42","25":"product_tag-marke-xero","26":"product_tag-sale","28":"first","29":"instock","30":"taxable","31":"shipping-taxable","32":"purchasable","33":"product-type-variable"},"_links":{"self":[{"href":"https:\/\/schuhewiebarfuss.at\/shop\/wp-json\/wp\/v2\/product\/488620","targetHints":{"allow":["GET"]}}],"collection":[{"href":"https:\/\/schuhewiebarfuss.at\/shop\/wp-json\/wp\/v2\/product"}],"about":[{"href":"https:\/\/schuhewiebarfuss.at\/shop\/wp-json\/wp\/v2\/types\/product"}],"replies":[{"embeddable":true,"href":"https:\/\/schuhewiebarfuss.at\/shop\/wp-json\/wp\/v2\/comments?post=488620"}],"wp:featuredmedia":[{"embeddable":true,"href":"https:\/\/schuhewiebarfuss.at\/shop\/wp-json\/wp\/v2\/media\/488619"}],"wp:attachment":[{"href":"https:\/\/schuhewiebarfuss.at\/shop\/wp-json\/wp\/v2\/media?parent=488620"}],"wp:term":[{"taxonomy":"product_brand","embeddable":true,"href":"https:\/\/schuhewiebarfuss.at\/shop\/wp-json\/wp\/v2\/product_brand?post=488620"},{"taxonomy":"product_cat","embeddable":true,"href":"https:\/\/schuhewiebarfuss.at\/shop\/wp-json\/wp\/v2\/product_cat?post=488620"},{"taxonomy":"product_tag","embeddable":true,"href":"https:\/\/schuhewiebarfuss.at\/shop\/wp-json\/wp\/v2\/product_tag?post=488620"}],"curies":[{"name":"wp","href":"https:\/\/api.w.org\/{rel}","templated":true}]}}