{"id":488610,"date":"2024-04-12T12:47:32","date_gmt":"2024-04-12T10:47:32","guid":{"rendered":"https:\/\/schuhewiebarfuss.at\/shop\/produkt\/primus-hi-viz-damen-schwarz\/"},"modified":"2026-02-28T19:05:03","modified_gmt":"2026-02-28T18:05:03","slug":"primus-hi-viz-damen-schwarz","status":"publish","type":"product","link":"https:\/\/schuhewiebarfuss.at\/shop\/produkt\/primus-hi-viz-damen-schwarz\/","title":{"rendered":"Primus Hi-Viz Damen Schwarz"},"content":{"rendered":"<p>Diese brandneue Version des bew\u00e4hrten Laufschuhs Primus ist ein weiteres Highlight in dieser Saison: Der Primus HiViz hat ein reflektierendes Obermaterial f\u00fcr eine besonders gute Sichtbarkeit im Dunkeln. Das Modell ist als Lauf- und Sportschuh konzipiert und sorgt daf\u00fcr, dass du deine Laufrunden auch in den dunklen Wintermonaten problemlos meisterst. Das Modell verf\u00fcgt \u00fcber unsere Thermo-Einlegesohle mit der genialen Outlast-Technologie, die thermoregulierend wirkt, so dass du weder frierst, noch schwitzt. Unser leichtestes Laufmodell ist ein absolutes Muss f\u00fcr jeden Barfu\u00dfl\u00e4ufer. Primus HiViz bietet dir auch in der kalten Jahreszeit mehr Barfu\u00dfgef\u00fchl f\u00fcr den Sport als je zuvor! Der Allrounder wurde f\u00fcr festen Untergrund entwickelt und bringt die besten Voraussetzungen f\u00fcr dein Training mit. Das Obermaterial ist ein neuartiges Mesh mit der patentierten HiViz-Technologie f\u00fcr starke Reflektierung im Dunkeln. Eine Laminierung am gro\u00dfen Zeh sorgt f\u00fcr zus\u00e4tzlichen Sto\u00dfschutz. Primus HiViz ist mit unserer bew\u00e4hrten, 3mm d\u00fcnnen patentierten Onroad-Barfu\u00dfsohle ausgestattet. Der Primus Lite ist das leichteste und flexibelste Laufschuhmodell, das es bislang von VIVOBAREFOOT gegeben hat. Mit dem Primus HiViz wird deine t\u00e4gliche Laufrunde auch im Winter zu einem echten Barfu\u00dferlebnis. Ein Muss f\u00fcr alle L\u00e4ufer, die maximale Freiheit f\u00fcr die F\u00fc\u00dfe bei gleichzeitigem Schutz suchen.<\/p>\n<p><b>Audio-Beschreibung<\/b><br \/><audio controls src=\"https:\/\/schuhewiebarfuss.at\/shop\/wp-content\/uploads\/lk\/5761_audio.wav\"><br \/>\n                                            Ihr Browser unterst\u00fctzt diese Audio-Ausgabe leider nicht.<br \/>\n                                            <\/ audio ><\/p>\n","protected":false},"excerpt":{"rendered":"<p>\u2022Obermaterial: atmungsaktives Mesh\/ HiViz<br \/>\n\u2022100% vegan<br \/>\n\u2022Pro 5: durchstichfeste Sohle<br \/>\n\u2022VIVOBAREFOOT V-Logo an der Seite<br \/>\n\u2022herausnehmbare Thermoeinlegesohle mit Outlast-Technologie<br \/>\n\u2022patentierte 3mm d\u00fcnne Performance-Au\u00dfensohle<br \/>\n\u2022Gewicht pro Schuh: 250g (Gr.42)<\/p>\n","protected":false},"featured_media":488609,"comment_status":"open","ping_status":"closed","template":"","meta":[],"product_brand":[],"product_cat":[3121],"product_tag":[1362,1368,1375,1376,1377,2451,1450],"class_list":{"0":"post-488610","1":"product","2":"type-product","3":"status-publish","4":"has-post-thumbnail","6":"product_cat-sale","7":"product_tag-groesse-36","8":"product_tag-groesse-37","9":"product_tag-groesse-40","10":"product_tag-groesse-41","11":"product_tag-groesse-42","12":"product_tag-marke-vivobarefoot","13":"product_tag-sale","15":"first","16":"instock","17":"sale","18":"taxable","19":"shipping-taxable","20":"purchasable","21":"product-type-variable"},"_links":{"self":[{"href":"https:\/\/schuhewiebarfuss.at\/shop\/wp-json\/wp\/v2\/product\/488610","targetHints":{"allow":["GET"]}}],"collection":[{"href":"https:\/\/schuhewiebarfuss.at\/shop\/wp-json\/wp\/v2\/product"}],"about":[{"href":"https:\/\/schuhewiebarfuss.at\/shop\/wp-json\/wp\/v2\/types\/product"}],"replies":[{"embeddable":true,"href":"https:\/\/schuhewiebarfuss.at\/shop\/wp-json\/wp\/v2\/comments?post=488610"}],"wp:featuredmedia":[{"embeddable":true,"href":"https:\/\/schuhewiebarfuss.at\/shop\/wp-json\/wp\/v2\/media\/488609"}],"wp:attachment":[{"href":"https:\/\/schuhewiebarfuss.at\/shop\/wp-json\/wp\/v2\/media?parent=488610"}],"wp:term":[{"taxonomy":"product_brand","embeddable":true,"href":"https:\/\/schuhewiebarfuss.at\/shop\/wp-json\/wp\/v2\/product_brand?post=488610"},{"taxonomy":"product_cat","embeddable":true,"href":"https:\/\/schuhewiebarfuss.at\/shop\/wp-json\/wp\/v2\/product_cat?post=488610"},{"taxonomy":"product_tag","embeddable":true,"href":"https:\/\/schuhewiebarfuss.at\/shop\/wp-json\/wp\/v2\/product_tag?post=488610"}],"curies":[{"name":"wp","href":"https:\/\/api.w.org\/{rel}","templated":true}]}}