{"id":488519,"date":"2024-04-12T12:44:31","date_gmt":"2024-04-12T10:44:31","guid":{"rendered":"https:\/\/schuhewiebarfuss.at\/shop\/produkt\/gracie\/"},"modified":"2026-03-10T20:38:51","modified_gmt":"2026-03-10T19:38:51","slug":"gracie","status":"publish","type":"product","link":"https:\/\/schuhewiebarfuss.at\/shop\/produkt\/gracie\/","title":{"rendered":"Gracie"},"content":{"rendered":"<p>Suchst Du einen l\u00e4ssigen Freizeitstiefel, in den man in sekundenschnelle reingeschl\u00fcpft ist und der auch noch zu fast jedem Outfit passt? Dann ist der Ashland-Boot von Xero Shoes genau der richtige f\u00fcr Dich. Gummistiefel von Xero?! Auch das geht! Der &#8222;Gracie&#8220; punktet nicht nur durch die bekannte Xero-Optik sondern auch durch seine Funktionalit\u00e4t. Einfach zum Rein- und Rausschl\u00fcpfen und vollst\u00e4ndig wasserdicht. Halbhoch und im Look erinnernd an einen Chelsea-Boot passt der Schuh auch zu nahezu jedem Outfit. <\/p>\n<p><b>Audio-Beschreibung<\/b><br \/><audio controls src=\"https:\/\/schuhewiebarfuss.at\/shop\/wp-content\/uploads\/lk\/5968_audio.wav\"><br \/>\n                                            Ihr Browser unterst\u00fctzt diese Audio-Ausgabe leider nicht.<br \/>\n                                            <\/ audio ><\/p>\n","protected":false},"excerpt":{"rendered":"<p>Obermaterial: Gummi<br \/>\nInnematerial: Textil, angerauht (Polyester)<br \/>\nwiderstandsf\u00e4hige, flexible FeelTrue-Sohle<br \/>\nSchlaufe zum easy An- und Ausziehen<br \/>\nvegan<\/p>\n","protected":false},"featured_media":488518,"comment_status":"open","ping_status":"closed","template":"","meta":[],"product_brand":[],"product_cat":[830],"product_tag":[2561,1427,1408,2312,2314,2315,1525,2316,1526,2317,2412,2446],"class_list":{"0":"post-488519","1":"product","2":"type-product","3":"status-publish","4":"has-post-thumbnail","6":"product_cat-lifestyle-4","7":"product_tag-farbe-dunkelgruen","8":"product_tag-farbe-gelb","9":"product_tag-farbe-schwarz","10":"product_tag-groesse-35-5","11":"product_tag-groesse-36-5","12":"product_tag-groesse-37-5","13":"product_tag-groesse-38-5","14":"product_tag-groesse-39-5","15":"product_tag-groesse-40-5","16":"product_tag-groesse-41-5","17":"product_tag-groesse-42-5","18":"product_tag-marke-xero","20":"first","21":"instock","22":"taxable","23":"shipping-taxable","24":"purchasable","25":"product-type-variable"},"_links":{"self":[{"href":"https:\/\/schuhewiebarfuss.at\/shop\/wp-json\/wp\/v2\/product\/488519","targetHints":{"allow":["GET"]}}],"collection":[{"href":"https:\/\/schuhewiebarfuss.at\/shop\/wp-json\/wp\/v2\/product"}],"about":[{"href":"https:\/\/schuhewiebarfuss.at\/shop\/wp-json\/wp\/v2\/types\/product"}],"replies":[{"embeddable":true,"href":"https:\/\/schuhewiebarfuss.at\/shop\/wp-json\/wp\/v2\/comments?post=488519"}],"wp:featuredmedia":[{"embeddable":true,"href":"https:\/\/schuhewiebarfuss.at\/shop\/wp-json\/wp\/v2\/media\/488518"}],"wp:attachment":[{"href":"https:\/\/schuhewiebarfuss.at\/shop\/wp-json\/wp\/v2\/media?parent=488519"}],"wp:term":[{"taxonomy":"product_brand","embeddable":true,"href":"https:\/\/schuhewiebarfuss.at\/shop\/wp-json\/wp\/v2\/product_brand?post=488519"},{"taxonomy":"product_cat","embeddable":true,"href":"https:\/\/schuhewiebarfuss.at\/shop\/wp-json\/wp\/v2\/product_cat?post=488519"},{"taxonomy":"product_tag","embeddable":true,"href":"https:\/\/schuhewiebarfuss.at\/shop\/wp-json\/wp\/v2\/product_tag?post=488519"}],"curies":[{"name":"wp","href":"https:\/\/api.w.org\/{rel}","templated":true}]}}