{"id":488407,"date":"2024-04-12T12:34:26","date_gmt":"2024-04-12T10:34:26","guid":{"rendered":"https:\/\/schuhewiebarfuss.at\/shop\/produkt\/falke-cotton-step-damen\/"},"modified":"2026-04-17T18:29:51","modified_gmt":"2026-04-17T16:29:51","slug":"falke-cotton-step-damen","status":"publish","type":"product","link":"https:\/\/schuhewiebarfuss.at\/shop\/produkt\/falke-cotton-step-damen\/","title":{"rendered":"Falke Cotton Step Damen"},"content":{"rendered":"<p>Die F\u00fc\u00dflinge von FALKE sind aus einer Materialmischung mit Baumwoll- und Stretch-Anteil gefertigt. Sie kommen mit elastischen B\u00fcndchen und Anti-Slip-System.<\/p>\n<p>&#8211; Damen F\u00fc\u00dflinge von FALKE<br \/>\n&#8211; Materialmischung mit Baumwoll- und Stretch-Anteil<br \/>\n&#8211; Low Cut<br \/>\n&#8211; Elastische B\u00fcndchen<br \/>\n&#8211; Anti-Slip-System<br \/>\n&#8211; Hauptmaterial 1: 55% Polyamid, 35% Baumwolle, 10% Elasthan<br \/>\n&#8211; Keine chemische Reinigung<br \/>\n&#8211; Handw\u00e4sche oder Schonwaschgang 30\u00b0<br \/>\n&#8211; Kein Trockner<br \/>\n&#8211; Nicht b\u00fcgeln<br \/>\n&#8211; Nicht bleichen<\/p>\n<p><b>Audio-Beschreibung<\/b><br \/><audio controls src=\"https:\/\/schuhewiebarfuss.at\/shop\/wp-content\/uploads\/lk\/6115_audio.wav\"><br \/>\n                                            Ihr Browser unterst\u00fctzt diese Audio-Ausgabe leider nicht.<br \/>\n                                            <\/ audio ><\/p>\n","protected":false},"excerpt":{"rendered":"<p>Material Zusammensetzung: 55 % Polyamid, 35 % Baumwolle, 10 % Elastan<br \/>\nPflegehinweise: Handw\u00e4sche oder Schonwaschgang 30\u00b0<\/p>\n<p>1 Paar Packung<br \/>\nAnti-Rutsch-System um die Ferse<br \/>\nElastische B\u00fcndchen<br \/>\nPasst perfekt<\/p>\n","protected":false},"featured_media":488406,"comment_status":"open","ping_status":"closed","template":"","meta":[],"product_brand":[],"product_cat":[856],"product_tag":[1544,1408,1646,1644,2742],"class_list":{"0":"post-488407","1":"product","2":"type-product","3":"status-publish","4":"has-post-thumbnail","6":"product_cat-damen-2","7":"product_tag-farbe-braun","8":"product_tag-farbe-schwarz","9":"product_tag-groesse-35-38","10":"product_tag-groesse-39-42","11":"product_tag-marke-falke","13":"first","14":"instock","15":"taxable","16":"shipping-taxable","17":"purchasable","18":"product-type-variable"},"_links":{"self":[{"href":"https:\/\/schuhewiebarfuss.at\/shop\/wp-json\/wp\/v2\/product\/488407","targetHints":{"allow":["GET"]}}],"collection":[{"href":"https:\/\/schuhewiebarfuss.at\/shop\/wp-json\/wp\/v2\/product"}],"about":[{"href":"https:\/\/schuhewiebarfuss.at\/shop\/wp-json\/wp\/v2\/types\/product"}],"replies":[{"embeddable":true,"href":"https:\/\/schuhewiebarfuss.at\/shop\/wp-json\/wp\/v2\/comments?post=488407"}],"wp:featuredmedia":[{"embeddable":true,"href":"https:\/\/schuhewiebarfuss.at\/shop\/wp-json\/wp\/v2\/media\/488406"}],"wp:attachment":[{"href":"https:\/\/schuhewiebarfuss.at\/shop\/wp-json\/wp\/v2\/media?parent=488407"}],"wp:term":[{"taxonomy":"product_brand","embeddable":true,"href":"https:\/\/schuhewiebarfuss.at\/shop\/wp-json\/wp\/v2\/product_brand?post=488407"},{"taxonomy":"product_cat","embeddable":true,"href":"https:\/\/schuhewiebarfuss.at\/shop\/wp-json\/wp\/v2\/product_cat?post=488407"},{"taxonomy":"product_tag","embeddable":true,"href":"https:\/\/schuhewiebarfuss.at\/shop\/wp-json\/wp\/v2\/product_tag?post=488407"}],"curies":[{"name":"wp","href":"https:\/\/api.w.org\/{rel}","templated":true}]}}