{"id":488348,"date":"2024-04-12T12:33:18","date_gmt":"2024-04-12T10:33:18","guid":{"rendered":"https:\/\/schuhewiebarfuss.at\/shop\/produkt\/froddo-flexy-wooly\/"},"modified":"2026-03-17T18:46:49","modified_gmt":"2026-03-17T17:46:49","slug":"froddo-flexy-wooly","status":"publish","type":"product","link":"https:\/\/schuhewiebarfuss.at\/shop\/produkt\/froddo-flexy-wooly\/","title":{"rendered":"Froddo Flexy Wooly"},"content":{"rendered":"<p>Die extra leichten Hausschuhe FLEXY WOOLY BAREFOOT in grey von froddo\u00ae lassen die Kinderf\u00fc\u00dfe atmen, st\u00e4rken die Fu\u00dfmuskeln und verleihen mit dem warmen Material ein komfortables Tragegef\u00fchl. Die Barfu\u00dfschuhe verf\u00fcgen \u00fcber eine ultra weiche Gummisohle und Klettriemen, \u00fcber die sich die Passform optimal regulieren l\u00e4sst. Der Zehenbereich ist weit geschnitten, sodass die F\u00fc\u00dfe genug Platz haben und sich die Zehen f\u00fcr mehr Stabilit\u00e4t besser bewegen k\u00f6nnen.<\/p>\n<p>Barfu\u00dfschuhe f\u00fcr zu Hause, Schule und Kindergarten<br \/>\nw\u00e4rmendes Wollmaterial<br \/>\nrutschhemmend, weiche Gummisohle<br \/>\nKlettriemen<br \/>\nweiter Zehenbereich<br \/>\nextra leicht gestaltet<br \/>\nhergestellt in Europa<\/p>\n<p>Das Filz aus 50 % regenerierter Wollfaser. Leicht und atmungsaktiv. Temperatur regulierende Materialien. Flexible Hausschuhe mit Gummisohle.<br \/>\nTipps zur Schuhpflege: Hausschuhe wird am besten mit einer weichen B\u00fcrste trocken gereinigt.<\/p>\n<p><b>Audio-Beschreibung<\/b><br \/><audio controls src=\"https:\/\/schuhewiebarfuss.at\/shop\/wp-content\/uploads\/lk\/6073_audio.wav\"><br \/>\n                                            Ihr Browser unterst\u00fctzt diese Audio-Ausgabe leider nicht.<br \/>\n                                            <\/ audio ><\/p>\n","protected":false},"excerpt":{"rendered":"<p>Flexy Wooly &#8211; ideal als Hausschuhe f\u00fcr Schule und Kindergarten<\/p>\n<p>Obermaterial: Wolle<br \/>\nFutter und Einlegesohle &#8211; Wolle<br \/>\nSohle &#8211; Gummi<br \/>\nUniverselle passform &#8211; f\u00fcr alle Fu\u00dfbreiten geeignet<\/p>\n","protected":false},"featured_media":488347,"comment_status":"open","ping_status":"closed","template":"","meta":[],"product_brand":[],"product_cat":[843],"product_tag":[2026,1479,1426,1371,1600,1392,1393,1394,1395,1396,1397,1398,1399,1400,1401,1402,2450],"class_list":{"0":"post-488348","1":"product","2":"type-product","3":"status-publish","4":"has-post-thumbnail","6":"product_cat-hausschuhe-3","7":"product_tag-farbe-beige","8":"product_tag-farbe-blau","9":"product_tag-farbe-dunkelblau","10":"product_tag-farbe-grau","11":"product_tag-farbe-rot","12":"product_tag-groesse-23","13":"product_tag-groesse-24","14":"product_tag-groesse-25","15":"product_tag-groesse-26","16":"product_tag-groesse-27","17":"product_tag-groesse-28","18":"product_tag-groesse-29","19":"product_tag-groesse-30","20":"product_tag-groesse-31","21":"product_tag-groesse-32","22":"product_tag-groesse-33","23":"product_tag-marke-froddo-ivancia-d-d","25":"first","26":"instock","27":"taxable","28":"shipping-taxable","29":"purchasable","30":"product-type-variable"},"_links":{"self":[{"href":"https:\/\/schuhewiebarfuss.at\/shop\/wp-json\/wp\/v2\/product\/488348","targetHints":{"allow":["GET"]}}],"collection":[{"href":"https:\/\/schuhewiebarfuss.at\/shop\/wp-json\/wp\/v2\/product"}],"about":[{"href":"https:\/\/schuhewiebarfuss.at\/shop\/wp-json\/wp\/v2\/types\/product"}],"replies":[{"embeddable":true,"href":"https:\/\/schuhewiebarfuss.at\/shop\/wp-json\/wp\/v2\/comments?post=488348"}],"wp:featuredmedia":[{"embeddable":true,"href":"https:\/\/schuhewiebarfuss.at\/shop\/wp-json\/wp\/v2\/media\/488347"}],"wp:attachment":[{"href":"https:\/\/schuhewiebarfuss.at\/shop\/wp-json\/wp\/v2\/media?parent=488348"}],"wp:term":[{"taxonomy":"product_brand","embeddable":true,"href":"https:\/\/schuhewiebarfuss.at\/shop\/wp-json\/wp\/v2\/product_brand?post=488348"},{"taxonomy":"product_cat","embeddable":true,"href":"https:\/\/schuhewiebarfuss.at\/shop\/wp-json\/wp\/v2\/product_cat?post=488348"},{"taxonomy":"product_tag","embeddable":true,"href":"https:\/\/schuhewiebarfuss.at\/shop\/wp-json\/wp\/v2\/product_tag?post=488348"}],"curies":[{"name":"wp","href":"https:\/\/api.w.org\/{rel}","templated":true}]}}