{"id":488296,"date":"2024-04-12T12:32:35","date_gmt":"2024-04-12T10:32:35","guid":{"rendered":"https:\/\/schuhewiebarfuss.at\/shop\/produkt\/vikunja\/"},"modified":"2026-03-01T17:46:29","modified_gmt":"2026-03-01T16:46:29","slug":"vikunja","status":"publish","type":"product","link":"https:\/\/schuhewiebarfuss.at\/shop\/produkt\/vikunja\/","title":{"rendered":"Vikunja"},"content":{"rendered":"<p>Ganz neu im Sortiment: Unser super s\u00fc\u00dfer Herbststiefel VIKUNJA! Das rein pflanzlich gegerbte Bio-Nappaleder sorgt f\u00fcr eine schlichte und sehr elegante Optik, der elastische Einsatz sorgt f\u00fcr einen dennoch modernen Look. Der eingearbeitete seitliche Rei\u00dfverschluss erleichtert das An- und Ausziehen des Stiefels und das Futter aus Wollvlies h\u00e4lt den Fu\u00df kuschlig warm. Eine gesunde Entwicklung der F\u00fc\u00dfe der Kinder ist uns besonders wichtig, daher beh\u00e4lt der Schuh nat\u00fcrlich garantierte Flexibilit\u00e4t und absolutes Barfu\u00dfgef\u00fchl. <\/p>\n<p>Material &amp; Pflegehinweis:<br \/>\nBioleder kann gewissen Merkmale wie Insektenstiche, Kratzer oder leichte Farbunterschiede aufweisen, welche aber zum einmaligen und nat\u00fcrlichen Charakter geh\u00f6ren. Jeder einzelne Schuh ist ein handgefertigtes Unikat, welcher die Handschrift des\/der Mitarbeiter*in tr\u00e4gt. Socken k\u00f6nnen sich bei starkem Schwitzen verf\u00e4rben. Um eine lange Haltbarkeit unseres Bioleders zu gew\u00e4hrleisten, ist ein guter Schutz vor N\u00e4sse und Feuchtigkeit essentiell.<\/p>\n<p>Bitte wasche deinen Schuh nicht in der Waschmaschine und s\u00e4ubere ihn nur mit einem geeigneten Reinigungsmittel. Wir empfehlen die Innensohle regelm\u00e4\u00dfig zum L\u00fcften aus dem Schuh zu nehmen und Staun\u00e4sse somit zu vermeiden. F\u00fcr optimale Produkteigenschaften sollten unsere Schuhe vor dem Einsatz impr\u00e4gniert werden, dies ist vor allem bei Schuhen mit Textilanteil wichtig. Mehr Pflegetipps findest du in unserem Nachhaltigkeitsbereich! <\/p>\n<p><b>Audio-Beschreibung<\/b><br \/><audio controls src=\"https:\/\/schuhewiebarfuss.at\/shop\/wp-content\/uploads\/lk\/5087_audio.wav\"><br \/>\n                                            Ihr Browser unterst\u00fctzt diese Audio-Ausgabe leider nicht.<br \/>\n                                            <\/ audio ><\/p>\n","protected":false},"excerpt":{"rendered":"<p>Funktion: atmungsaktiv, pflegeleicht<br \/>\nFutter: Wollvlies<br \/>\nInnensohle: Wollvlies<br \/>\nLaufsohle: Gummi (60% synth.\/40% organic)<br \/>\nObermaterial: Bio-Nappaleder<br \/>\nPassform: Mittel<br \/>\nProduktionsland: Portugal<br \/>\nWeitere Eigenschaften: Bioleder (pflanzlich gegerbt)<\/p>\n","protected":false},"featured_media":488295,"comment_status":"open","ping_status":"closed","template":"","meta":[],"product_brand":[],"product_cat":[848],"product_tag":[2629,2308,1393,1394,1395,1396,1397,1398,1399,1400,1401,1402,1403,1404,2447],"class_list":{"0":"post-488296","1":"product","2":"type-product","3":"status-publish","4":"has-post-thumbnail","6":"product_cat-winterschuhe-1","7":"product_tag-farbe-lila","8":"product_tag-farbe-rosa","9":"product_tag-groesse-24","10":"product_tag-groesse-25","11":"product_tag-groesse-26","12":"product_tag-groesse-27","13":"product_tag-groesse-28","14":"product_tag-groesse-29","15":"product_tag-groesse-30","16":"product_tag-groesse-31","17":"product_tag-groesse-32","18":"product_tag-groesse-33","19":"product_tag-groesse-34","20":"product_tag-groesse-35","21":"product_tag-marke-blifestyle","23":"first","24":"instock","25":"taxable","26":"shipping-taxable","27":"purchasable","28":"product-type-variable"},"_links":{"self":[{"href":"https:\/\/schuhewiebarfuss.at\/shop\/wp-json\/wp\/v2\/product\/488296","targetHints":{"allow":["GET"]}}],"collection":[{"href":"https:\/\/schuhewiebarfuss.at\/shop\/wp-json\/wp\/v2\/product"}],"about":[{"href":"https:\/\/schuhewiebarfuss.at\/shop\/wp-json\/wp\/v2\/types\/product"}],"replies":[{"embeddable":true,"href":"https:\/\/schuhewiebarfuss.at\/shop\/wp-json\/wp\/v2\/comments?post=488296"}],"wp:featuredmedia":[{"embeddable":true,"href":"https:\/\/schuhewiebarfuss.at\/shop\/wp-json\/wp\/v2\/media\/488295"}],"wp:attachment":[{"href":"https:\/\/schuhewiebarfuss.at\/shop\/wp-json\/wp\/v2\/media?parent=488296"}],"wp:term":[{"taxonomy":"product_brand","embeddable":true,"href":"https:\/\/schuhewiebarfuss.at\/shop\/wp-json\/wp\/v2\/product_brand?post=488296"},{"taxonomy":"product_cat","embeddable":true,"href":"https:\/\/schuhewiebarfuss.at\/shop\/wp-json\/wp\/v2\/product_cat?post=488296"},{"taxonomy":"product_tag","embeddable":true,"href":"https:\/\/schuhewiebarfuss.at\/shop\/wp-json\/wp\/v2\/product_tag?post=488296"}],"curies":[{"name":"wp","href":"https:\/\/api.w.org\/{rel}","templated":true}]}}