{"id":488129,"date":"2024-04-12T12:24:43","date_gmt":"2024-04-12T10:24:43","guid":{"rendered":"https:\/\/schuhewiebarfuss.at\/shop\/produkt\/play\/"},"modified":"2026-03-04T23:51:33","modified_gmt":"2026-03-04T22:51:33","slug":"play","status":"publish","type":"product","link":"https:\/\/schuhewiebarfuss.at\/shop\/produkt\/play\/","title":{"rendered":"Play"},"content":{"rendered":"<p>Barfu\u00dfschuhe Be Lenka Play sind perfekt f\u00fcr t\u00e4gliche Spazierg\u00e4nge im Park und zum Spielen auf dem Spielplatz geeignet.<\/p>\n<p>Maximaler Komfort f\u00fcr Kinderf\u00fc\u00dfe wird durch die Verwendung von hochwertigen Materialien gew\u00e4hrleistet.<\/p>\n<p>Das Obermaterial ist aus feinem Nubukleder hergestellt. Der Leder macht die Schuhpflege einfacher und das Futter aus Textil sorgt f\u00fcr die ordnungsgem\u00e4\u00dfe Luftregulation. Nach der Impr\u00e4gnierung sind die Schuhe auch feuchtigkeitsbest\u00e4ndig.<\/p>\n<p>Die 6-mm-Sohle garantiert den maximalen Bodenkontakt und trainiert die R\u00fccken- und Fu\u00dfmuskeln des Kindes. Die Sohle ist besonders flexibel, hat ein feines, perforiertes Profil und ist f\u00fcr normale Kinderaktivit\u00e4ten gut geeignet.<\/p>\n<p>Der Vorderfu\u00df der Schuhe ist breit geschnitten, der den Kinderf\u00fc\u00dfen maximalen Fu\u00dfkomfort und nat\u00fcrliche Bewegungsfreiheit ohne jegliche Einschr\u00e4nkungen garantiert. Die F\u00fc\u00dfe werden beim Tragen von Schuhen in keiner Weise gedr\u00fcckt, gepresst oder verformt.<\/p>\n<p>Die Schuhe sind f\u00fcr normale und breite F\u00fc\u00dfe mit normaler bis hoher Risth\u00f6he geeignet. Dank des elastischen Materials am Schaft sie passen auch Kindern mit schmalen Fersen und Kn\u00f6cheln.<\/p>\n<p>Dank des praktischen Klettverschlusses lassen sich die Schuhe sehr gut \u00fcber den Kn\u00f6chel anziehen und so passen sie auch Kindern mit schmalen F\u00fc\u00dfen, mit dominanter Fu\u00dfzehe oder Flipper-Fu\u00dftyp.<\/p>\n<p>Die Schuhe sind nicht f\u00fcr Sport bestimmt. Insbesondere ist es nicht empfehlenswert die Schuhe beim Radfahren, Rollerfahren und anderen Aktivit\u00e4ten, bei denen die Sohle stark beansprucht wird, zu tragen, denn es zu mechanischen Sch\u00e4den an der Sohle kommen kann.<\/p>\n<p>Das Muster auf dem Schuh kann beim Tragen durch Abrieb besch\u00e4digt werden. Die Schuhe selbst werden dadurch aber nicht beeintr\u00e4chtigt. <\/p>\n<p><b>Audio-Beschreibung<\/b><br \/><audio controls src=\"https:\/\/schuhewiebarfuss.at\/shop\/wp-content\/uploads\/lk\/6005_audio.wav\"><br \/>\n                                            Ihr Browser unterst\u00fctzt diese Audio-Ausgabe leider nicht.<br \/>\n                                            <\/ audio ><\/p>\n","protected":false},"excerpt":{"rendered":"<p>Obermaterial: Leder<br \/>\nInnensohle: Textil<br \/>\nSohle: Gummi<\/p>\n","protected":false},"featured_media":488128,"comment_status":"open","ping_status":"closed","template":"","meta":[],"product_brand":[],"product_cat":[3121],"product_tag":[1479,3068,3072,2912,3069,1427,1371,1600,3070,1394,1395,1396,1397,1398,1399,1400,1401,1402,1403,1404,2452,1450],"class_list":{"0":"post-488129","1":"product","2":"type-product","3":"status-publish","4":"has-post-thumbnail","6":"product_cat-sale","7":"product_tag-farbe-blau","8":"product_tag-farbe-blueberry","9":"product_tag-farbe-bubblegum","10":"product_tag-farbe-cognac","11":"product_tag-farbe-dark-pink","12":"product_tag-farbe-gelb","13":"product_tag-farbe-grau","14":"product_tag-farbe-rot","15":"product_tag-farbe-sparkle","16":"product_tag-groesse-25","17":"product_tag-groesse-26","18":"product_tag-groesse-27","19":"product_tag-groesse-28","20":"product_tag-groesse-29","21":"product_tag-groesse-30","22":"product_tag-groesse-31","23":"product_tag-groesse-32","24":"product_tag-groesse-33","25":"product_tag-groesse-34","26":"product_tag-groesse-35","27":"product_tag-marke-be-lenka","28":"product_tag-sale","30":"first","31":"instock","32":"sale","33":"taxable","34":"shipping-taxable","35":"purchasable","36":"product-type-variable"},"_links":{"self":[{"href":"https:\/\/schuhewiebarfuss.at\/shop\/wp-json\/wp\/v2\/product\/488129","targetHints":{"allow":["GET"]}}],"collection":[{"href":"https:\/\/schuhewiebarfuss.at\/shop\/wp-json\/wp\/v2\/product"}],"about":[{"href":"https:\/\/schuhewiebarfuss.at\/shop\/wp-json\/wp\/v2\/types\/product"}],"replies":[{"embeddable":true,"href":"https:\/\/schuhewiebarfuss.at\/shop\/wp-json\/wp\/v2\/comments?post=488129"}],"wp:featuredmedia":[{"embeddable":true,"href":"https:\/\/schuhewiebarfuss.at\/shop\/wp-json\/wp\/v2\/media\/488128"}],"wp:attachment":[{"href":"https:\/\/schuhewiebarfuss.at\/shop\/wp-json\/wp\/v2\/media?parent=488129"}],"wp:term":[{"taxonomy":"product_brand","embeddable":true,"href":"https:\/\/schuhewiebarfuss.at\/shop\/wp-json\/wp\/v2\/product_brand?post=488129"},{"taxonomy":"product_cat","embeddable":true,"href":"https:\/\/schuhewiebarfuss.at\/shop\/wp-json\/wp\/v2\/product_cat?post=488129"},{"taxonomy":"product_tag","embeddable":true,"href":"https:\/\/schuhewiebarfuss.at\/shop\/wp-json\/wp\/v2\/product_tag?post=488129"}],"curies":[{"name":"wp","href":"https:\/\/api.w.org\/{rel}","templated":true}]}}