{"id":488035,"date":"2024-04-12T12:19:21","date_gmt":"2024-04-12T10:19:21","guid":{"rendered":"https:\/\/schuhewiebarfuss.at\/shop\/produkt\/tracker-ii-fg-damen\/"},"modified":"2026-03-05T00:20:32","modified_gmt":"2026-03-04T23:20:32","slug":"tracker-ii-fg-damen","status":"publish","type":"product","link":"https:\/\/schuhewiebarfuss.at\/shop\/produkt\/tracker-ii-fg-damen\/","title":{"rendered":"Tracker II FG Damen"},"content":{"rendered":"<p>Der TRACKER FG (Firm Ground) besitzt eine neue, robuste All-Round Sohle, die auch auf steinigem oder hartem Untergrund wie Asphalt problemlos getragen werden kann. Die neue 2,5mm dicke V-Treck Sohle mit 4,5mm hohen, f\u00fcr Langlebigkeit geformten Noppen, bietet auf rutschigem Terrain und auch auf harten B\u00f6den festen Halt. Zusammen mit dem weichen Leder-Obermaterial schmiegt sich der Tracker bequem an den Fu\u00df und bietet durch die Flexibilit\u00e4t des Schuhes unser gewohntes Barfu\u00dfgef\u00fchl.<\/p>\n<p>Mit seinem Innenmaterial aus wasserabweisendem HydroGuard-Futter kann der Schuh zu allen Jahreszeiten getragen werden. Leichtes Ein- und Aussteigen wird durch die Anordnung der oberen \u00d6sen gew\u00e4hrleistet und durch die Kreuzschn\u00fcrung mit einem rei\u00dffesten Schuhband wird ein fester Halt im Schuh erreicht. Eine entfernbare Thermo-Einlegesohle bietet im Winter Schutz vor kaltem Untergrund.<\/p>\n<p>HINWEIS: Pflegen und Impr\u00e4gnieren sie den Wanderschuh regelm\u00e4\u00dfig damit es l\u00e4nger Wasserfest bleibt!<\/p>\n<p>ACHTUNG: Wie bei einem Wanderschuh \u00fcblich, empfehlen wir, eine Nummer gr\u00f6\u00dfer zu w\u00e4hlen!<\/p>\n<p><b>Audio-Beschreibung<\/b><br \/><audio controls src=\"https:\/\/schuhewiebarfuss.at\/shop\/wp-content\/uploads\/lk\/6208_audio.wav\"><br \/>\n                                            Ihr Browser unterst\u00fctzt diese Audio-Ausgabe leider nicht.<br \/>\n                                            <\/ audio ><\/p>\n","protected":false},"excerpt":{"rendered":"<p>Obermaterial: pflanzlich gegerbtes Leder mit Nylon-Eins\u00e4tzen an der Zunge<br \/>\nSohle: neue PRO 5 Firm-Ground-Sohle, 2,5mm mit 4,5mm Noppen, durchsto\u00dffest<br \/>\nInnenmaterial: Atmungsaktives, winter- und wasserfestes HydroGuard Futter<br \/>\nInnensohle: entfernbare 3mm Thermo Einlagesohle<br \/>\nSchn\u00fcrschuh<\/p>\n","protected":false},"featured_media":488034,"comment_status":"open","ping_status":"closed","template":"","meta":[],"product_brand":[],"product_cat":[3121],"product_tag":[2232,1570,1408,1362,1368,1373,1374,1375,1376,1377,2451,1450],"class_list":{"0":"post-488035","1":"product","2":"type-product","3":"status-publish","4":"has-post-thumbnail","6":"product_cat-sale","7":"product_tag-farbe-dunkelbraun","8":"product_tag-farbe-gruen","9":"product_tag-farbe-schwarz","10":"product_tag-groesse-36","11":"product_tag-groesse-37","12":"product_tag-groesse-38","13":"product_tag-groesse-39","14":"product_tag-groesse-40","15":"product_tag-groesse-41","16":"product_tag-groesse-42","17":"product_tag-marke-vivobarefoot","18":"product_tag-sale","20":"first","21":"instock","22":"sale","23":"taxable","24":"shipping-taxable","25":"purchasable","26":"product-type-variable"},"_links":{"self":[{"href":"https:\/\/schuhewiebarfuss.at\/shop\/wp-json\/wp\/v2\/product\/488035","targetHints":{"allow":["GET"]}}],"collection":[{"href":"https:\/\/schuhewiebarfuss.at\/shop\/wp-json\/wp\/v2\/product"}],"about":[{"href":"https:\/\/schuhewiebarfuss.at\/shop\/wp-json\/wp\/v2\/types\/product"}],"replies":[{"embeddable":true,"href":"https:\/\/schuhewiebarfuss.at\/shop\/wp-json\/wp\/v2\/comments?post=488035"}],"wp:featuredmedia":[{"embeddable":true,"href":"https:\/\/schuhewiebarfuss.at\/shop\/wp-json\/wp\/v2\/media\/488034"}],"wp:attachment":[{"href":"https:\/\/schuhewiebarfuss.at\/shop\/wp-json\/wp\/v2\/media?parent=488035"}],"wp:term":[{"taxonomy":"product_brand","embeddable":true,"href":"https:\/\/schuhewiebarfuss.at\/shop\/wp-json\/wp\/v2\/product_brand?post=488035"},{"taxonomy":"product_cat","embeddable":true,"href":"https:\/\/schuhewiebarfuss.at\/shop\/wp-json\/wp\/v2\/product_cat?post=488035"},{"taxonomy":"product_tag","embeddable":true,"href":"https:\/\/schuhewiebarfuss.at\/shop\/wp-json\/wp\/v2\/product_tag?post=488035"}],"curies":[{"name":"wp","href":"https:\/\/api.w.org\/{rel}","templated":true}]}}