{"id":487994,"date":"2024-04-12T12:10:23","date_gmt":"2024-04-12T10:10:23","guid":{"rendered":"https:\/\/schuhewiebarfuss.at\/shop\/produkt\/einlegesohle-tobo-alutherm\/"},"modified":"2026-02-28T18:32:26","modified_gmt":"2026-02-28T17:32:26","slug":"einlegesohle-tobo-alutherm","status":"publish","type":"product","link":"https:\/\/schuhewiebarfuss.at\/shop\/produkt\/einlegesohle-tobo-alutherm\/","title":{"rendered":"Einlegesohle Tobo Alutherm"},"content":{"rendered":"<p>Aluminiumsohle mit gestepptem Lammfell f\u00fcr mittlere K\u00e4lte<br \/>\nAluminium Thermal bietet bew\u00e4hrten K\u00e4lteschutz. Ein gro\u00dfartiger W\u00e4rmekomfort f\u00fcr m\u00e4\u00dfig kalte Bedingungen. Mit Antirutsch f\u00fcr sicheren Halt im Schuh.<\/p>\n<p><b>Audio-Beschreibung<\/b><br \/><audio controls src=\"https:\/\/schuhewiebarfuss.at\/shop\/wp-content\/uploads\/lk\/5872_audio.wav\"><br \/>\n                                            Ihr Browser unterst\u00fctzt diese Audio-Ausgabe leider nicht.<br \/>\n                                            <\/ audio ><\/p>\n","protected":false},"excerpt":{"rendered":"<p>Einlagesohle aus gesteppter Lammwolle<br \/>\nAlu K\u00e4lte- und Feuchtigkeitsstop<br \/>\nAntirutschfunktion<\/p>\n","protected":false},"featured_media":487993,"comment_status":"open","ping_status":"closed","template":"","meta":[],"product_brand":[],"product_cat":[3121],"product_tag":[1362,1381,1449,2451,1450],"class_list":{"0":"post-487994","1":"product","2":"type-product","3":"status-publish","4":"has-post-thumbnail","6":"product_cat-sale","7":"product_tag-groesse-36","8":"product_tag-groesse-46","9":"product_tag-groesse-47","10":"product_tag-marke-vivobarefoot","11":"product_tag-sale","13":"first","14":"instock","15":"taxable","16":"shipping-taxable","17":"purchasable","18":"product-type-variable"},"_links":{"self":[{"href":"https:\/\/schuhewiebarfuss.at\/shop\/wp-json\/wp\/v2\/product\/487994","targetHints":{"allow":["GET"]}}],"collection":[{"href":"https:\/\/schuhewiebarfuss.at\/shop\/wp-json\/wp\/v2\/product"}],"about":[{"href":"https:\/\/schuhewiebarfuss.at\/shop\/wp-json\/wp\/v2\/types\/product"}],"replies":[{"embeddable":true,"href":"https:\/\/schuhewiebarfuss.at\/shop\/wp-json\/wp\/v2\/comments?post=487994"}],"wp:featuredmedia":[{"embeddable":true,"href":"https:\/\/schuhewiebarfuss.at\/shop\/wp-json\/wp\/v2\/media\/487993"}],"wp:attachment":[{"href":"https:\/\/schuhewiebarfuss.at\/shop\/wp-json\/wp\/v2\/media?parent=487994"}],"wp:term":[{"taxonomy":"product_brand","embeddable":true,"href":"https:\/\/schuhewiebarfuss.at\/shop\/wp-json\/wp\/v2\/product_brand?post=487994"},{"taxonomy":"product_cat","embeddable":true,"href":"https:\/\/schuhewiebarfuss.at\/shop\/wp-json\/wp\/v2\/product_cat?post=487994"},{"taxonomy":"product_tag","embeddable":true,"href":"https:\/\/schuhewiebarfuss.at\/shop\/wp-json\/wp\/v2\/product_tag?post=487994"}],"curies":[{"name":"wp","href":"https:\/\/api.w.org\/{rel}","templated":true}]}}