{"id":487986,"date":"2024-04-12T12:10:09","date_gmt":"2024-04-12T10:10:09","guid":{"rendered":"https:\/\/schuhewiebarfuss.at\/shop\/produkt\/einlegesohle-vivobarefoot-standard\/"},"modified":"2026-03-01T09:54:39","modified_gmt":"2026-03-01T08:54:39","slug":"einlegesohle-vivobarefoot-standard","status":"publish","type":"product","link":"https:\/\/schuhewiebarfuss.at\/shop\/produkt\/einlegesohle-vivobarefoot-standard\/","title":{"rendered":"Einlegesohle Vivobarefoot Standard"},"content":{"rendered":"<p>Die Einlegesohlen bieten zus\u00e4tzliche W\u00e4rme f\u00fcr k\u00e4ltere Tage und sind sehr wichtig, um sich als Barfu\u00dflauf-Einsteiger langsam an das Barfu\u00dflaufen zu gew\u00f6hnen. Die Sohlen k\u00f6nnen im Wechsel und f\u00fcr mehr Barfu\u00dflaufgef\u00fchl herausgenommen werden.<\/p>\n<p>Material: antibakterielles Poliyou<\/p>\n<p>3mm d\u00fcnn<\/p>\n<p>geeignet f\u00fcr alle VIVOBAREFOOT-Modelle<\/p>\n<p>100% Vegan<\/p>\n<p>BITTE BEACHTEN SIE:<br \/>\nDie Produktabbildung ist nicht 100% korrekt. Unter den verschiedenen Gr\u00f6\u00dfen dieses Artikels gibt welche mit Muster (wie Abbildung) und welche ohne Muster (ganz in Grau). Die Auswahl der Farbe f\u00fcr dieses Produkt nicht m\u00f6glich!!<\/p>\n<p><b>Audio-Beschreibung<\/b><br \/><audio controls src=\"https:\/\/schuhewiebarfuss.at\/shop\/wp-content\/uploads\/lk\/6284_audio.wav\"><br \/>\n                                            Ihr Browser unterst\u00fctzt diese Audio-Ausgabe leider nicht.<br \/>\n                                            <\/ audio ><\/p>\n","protected":false},"excerpt":{"rendered":"<p>Material: antibakterielles Poliyou<\/p>\n<p>3mm d\u00fcnn<\/p>\n<p>geeignet f\u00fcr alle VIVOBAREFOOT-Modelle<\/p>\n<p>100% Vegan<\/p>\n<p>BITTE BEACHTEN SIE:<br \/>\nDie Produktabbildung ist nicht 100% korrekt. Unter den verschiedenen Gr\u00f6\u00dfen dieses Artikels gibt welche mit Muster (wie Abbildung) und welche ohne Muster (ganz in Grau). Die Auswahl der Farbe f\u00fcr dieses Produkt nicht m\u00f6glich!!<\/p>\n","protected":false},"featured_media":487985,"comment_status":"open","ping_status":"closed","template":"","meta":[],"product_brand":[],"product_cat":[3121],"product_tag":[1362,1374,1376,1452,2451,1450],"class_list":{"0":"post-487986","1":"product","2":"type-product","3":"status-publish","4":"has-post-thumbnail","6":"product_cat-sale","7":"product_tag-groesse-36","8":"product_tag-groesse-39","9":"product_tag-groesse-41","10":"product_tag-groesse-48","11":"product_tag-marke-vivobarefoot","12":"product_tag-sale","14":"first","15":"instock","16":"taxable","17":"shipping-taxable","18":"purchasable","19":"product-type-variable"},"_links":{"self":[{"href":"https:\/\/schuhewiebarfuss.at\/shop\/wp-json\/wp\/v2\/product\/487986","targetHints":{"allow":["GET"]}}],"collection":[{"href":"https:\/\/schuhewiebarfuss.at\/shop\/wp-json\/wp\/v2\/product"}],"about":[{"href":"https:\/\/schuhewiebarfuss.at\/shop\/wp-json\/wp\/v2\/types\/product"}],"replies":[{"embeddable":true,"href":"https:\/\/schuhewiebarfuss.at\/shop\/wp-json\/wp\/v2\/comments?post=487986"}],"wp:featuredmedia":[{"embeddable":true,"href":"https:\/\/schuhewiebarfuss.at\/shop\/wp-json\/wp\/v2\/media\/487985"}],"wp:attachment":[{"href":"https:\/\/schuhewiebarfuss.at\/shop\/wp-json\/wp\/v2\/media?parent=487986"}],"wp:term":[{"taxonomy":"product_brand","embeddable":true,"href":"https:\/\/schuhewiebarfuss.at\/shop\/wp-json\/wp\/v2\/product_brand?post=487986"},{"taxonomy":"product_cat","embeddable":true,"href":"https:\/\/schuhewiebarfuss.at\/shop\/wp-json\/wp\/v2\/product_cat?post=487986"},{"taxonomy":"product_tag","embeddable":true,"href":"https:\/\/schuhewiebarfuss.at\/shop\/wp-json\/wp\/v2\/product_tag?post=487986"}],"curies":[{"name":"wp","href":"https:\/\/api.w.org\/{rel}","templated":true}]}}