{"id":487856,"date":"2024-04-12T11:55:33","date_gmt":"2024-04-12T09:55:33","guid":{"rendered":"https:\/\/schuhewiebarfuss.at\/shop\/produkt\/falke-active-breeze-sneaker-damen\/"},"modified":"2026-03-01T07:04:58","modified_gmt":"2026-03-01T06:04:58","slug":"falke-active-breeze-sneaker-damen","status":"publish","type":"product","link":"https:\/\/schuhewiebarfuss.at\/shop\/produkt\/falke-active-breeze-sneaker-damen\/","title":{"rendered":"Falke Active Breeze Sneaker Damen"},"content":{"rendered":"<p>&#8211; Angenehmes, frisches Fu\u00dfklima durch hohen Feuchtigkeitstransport und besonders atmungsaktives Material<br \/>\n&#8211; FALKE \u2013 WE CARE \u2013 Garnkomposition: ressourcenschonend, sozialvertr\u00e4glich, r\u00fcckverfolgbar<br \/>\n&#8211; TENCEL\u2122 Lyocell aus nachhaltigem Eukalyptus: FSC-zertifiziert, Anbau ohne k\u00fcnstliche Bew\u00e4sserung oder D\u00fcngung,<br \/>\n   frei von chemischen Zus\u00e4tzen<br \/>\n&#8211; Au\u00dfergew\u00f6hnlich glatte und leicht seidige Optik<br \/>\n&#8211; Optimale Haltbarkeit dank verst\u00e4rkter Belastungszonen<br \/>\n&#8211; Perfekte FALKE-Passform <\/p>\n<p>Dieser Sneaker garantiert durch den Einsatz von weichem, hautschmeichelndem TENCEL\u2122 Lyocell ein angenehm frisches Hautgef\u00fchl. Der FALKE Active Breeze punktet aber nicht nur durch den besonderen Tragekomfort, sondern wird zus\u00e4tzlich aus einer nachhaltigen FALKE \u2013 WE CARE \u2013 Garkomposition gefertigt. TENCEL\u2122 Lyocell ist eine biologisch abbaubare Faser, die aus nachhaltig gewachsenem, FSC-zertifiziertem Eukalyptus-Holz gewonnen wird. Das Ergebnis ist ein der Haut schmeichelndes Material, das zudem durch hohe Atmungsaktivit\u00e4t und schnellen Feuchtigkeitstransport besticht. Die au\u00dfergew\u00f6hnlich glatte und leicht seidige Optik des TENCEL\u2122 Lyocell verleihen dem Sneaker eine feminine Note.<\/p>\n<p>&#8211; Keine chemische Reinigung<br \/>\n&#8211; In der Waschmaschine bei 40\u00b0 waschbar<br \/>\n&#8211; Kein Trockner<br \/>\n&#8211; Nicht b\u00fcgeln<br \/>\n&#8211; Nicht bleichen<\/p>\n<p><b>Audio-Beschreibung<\/b><br \/><audio controls src=\"https:\/\/schuhewiebarfuss.at\/shop\/wp-content\/uploads\/lk\/6111_audio.wav\"><br \/>\n                                            Ihr Browser unterst\u00fctzt diese Audio-Ausgabe leider nicht.<br \/>\n                                            <\/ audio ><\/p>\n","protected":false},"excerpt":{"rendered":"<p>K\u00fchlende Wirkung &#8211; Sorgt f\u00fcr ein optimales Wohlf\u00fchlklima.<br \/>\nFeuchtigkeitsregulierend &#8211; Einzigartiges, trockenes Gef\u00fchl auf der Haut durch hohe Feuchtigkeitsaufnahme. <\/p>\n<p>Muster: Uni<br \/>\nMaterial: 75% Lyocell, 24% Polyamid, 1% Elasthan<br \/>\nOptik: glatt<br \/>\nStrumpfl\u00e4nge: Kn\u00f6chel-low<br \/>\nTragegef\u00fchl: hautschmeichelnd<br \/>\nPolsterung: keine<br \/>\nPassform: FALKE-Passform<br \/>\nSohle: Normal<br \/>\nStil: casual<br \/>\nNachhaltigkeit: Ja <\/p>\n","protected":false},"featured_media":487855,"comment_status":"open","ping_status":"closed","template":"","meta":[],"product_brand":[],"product_cat":[856],"product_tag":[1371,1408,1651,1646,1644,2742,1360],"class_list":{"0":"post-487856","1":"product","2":"type-product","3":"status-publish","4":"has-post-thumbnail","6":"product_cat-damen-2","7":"product_tag-farbe-grau","8":"product_tag-farbe-schwarz","9":"product_tag-farbe-weiss","10":"product_tag-groesse-35-38","11":"product_tag-groesse-39-42","12":"product_tag-marke-falke","13":"product_tag-standard","15":"first","16":"instock","17":"taxable","18":"shipping-taxable","19":"purchasable","20":"product-type-variable"},"_links":{"self":[{"href":"https:\/\/schuhewiebarfuss.at\/shop\/wp-json\/wp\/v2\/product\/487856","targetHints":{"allow":["GET"]}}],"collection":[{"href":"https:\/\/schuhewiebarfuss.at\/shop\/wp-json\/wp\/v2\/product"}],"about":[{"href":"https:\/\/schuhewiebarfuss.at\/shop\/wp-json\/wp\/v2\/types\/product"}],"replies":[{"embeddable":true,"href":"https:\/\/schuhewiebarfuss.at\/shop\/wp-json\/wp\/v2\/comments?post=487856"}],"wp:featuredmedia":[{"embeddable":true,"href":"https:\/\/schuhewiebarfuss.at\/shop\/wp-json\/wp\/v2\/media\/487855"}],"wp:attachment":[{"href":"https:\/\/schuhewiebarfuss.at\/shop\/wp-json\/wp\/v2\/media?parent=487856"}],"wp:term":[{"taxonomy":"product_brand","embeddable":true,"href":"https:\/\/schuhewiebarfuss.at\/shop\/wp-json\/wp\/v2\/product_brand?post=487856"},{"taxonomy":"product_cat","embeddable":true,"href":"https:\/\/schuhewiebarfuss.at\/shop\/wp-json\/wp\/v2\/product_cat?post=487856"},{"taxonomy":"product_tag","embeddable":true,"href":"https:\/\/schuhewiebarfuss.at\/shop\/wp-json\/wp\/v2\/product_tag?post=487856"}],"curies":[{"name":"wp","href":"https:\/\/api.w.org\/{rel}","templated":true}]}}