{"id":487821,"date":"2024-04-12T11:54:20","date_gmt":"2024-04-12T09:54:20","guid":{"rendered":"https:\/\/schuhewiebarfuss.at\/shop\/produkt\/leguan\/"},"modified":"2026-03-31T18:39:43","modified_gmt":"2026-03-31T16:39:43","slug":"leguan","status":"publish","type":"product","link":"https:\/\/schuhewiebarfuss.at\/shop\/produkt\/leguan\/","title":{"rendered":"Leguan"},"content":{"rendered":"<p>Barfu\u00df durch den Tag? Das ist, was jedes Kind so mag!<br \/>\nGesund und stylish schmiegt sich unser Leguan individuell an jeden Fu\u00df und ist ein richtiger Eyecatcher.<br \/>\nUnser sportliche Leguan ist ein ist ein wahres Multitalent, der alles bietet um allt\u00e4gliche Abenteuer spielend zu meistern. Ob in der Schule, auf dem Spielplatz oder auch zu besonderen Gelegenheiten, immer perfekt ger\u00fcstet. Ebenso begleitet dieser l\u00e4ssige Sneaker ihr Kind optimal und gesund durch den Kindergartentag und ist auch jedem Gro\u00dfstadtabenteuer gewachsen.<br \/>\nDer coole Kletter ist ein richtiger Hingucker und l\u00e4sst sich wunderbar in jede Alltagssituation kombinieren, die klassische Blau Komibination bringt unseren Leguan zum Strahlen.<br \/>\nDurch den praktischen Klettverschluss sind die Kinder ganz selbstst\u00e4ndig und k\u00f6nnen die Schuhe spielend leicht alleine anziehen.<\/p>\n<p>Das Obermaterial ist aus Microfaser und leicht Wasser abweisend. Optisch kommt es dem Veloursleder sehr nahe.<br \/>\nDas hochwertige Futtermaterial ist ebenfalls frei von tierischen Inhaltsstoffen und bietet zus\u00e4tzlich einen au\u00dferordentlich angenehmen Tragekomfort. Modelle aus technischen Materialien sind ebenso sehr leicht.<br \/>\nDas Mikrofasermaterial tr\u00e4gt das &#8222;Textile Vertrauen Oeko-TEX Standard 100&#8220;-Zertifikat und ist somit schadstoffgetestet.<\/p>\n<p><b>Audio-Beschreibung<\/b><br \/><audio controls src=\"https:\/\/schuhewiebarfuss.at\/shop\/wp-content\/uploads\/lk\/6053_audio.wav\"><br \/>\n                                            Ihr Browser unterst\u00fctzt diese Audio-Ausgabe leider nicht.<br \/>\n                                            <\/ audio ><\/p>\n","protected":false},"excerpt":{"rendered":"<p>Obermaterial: Microfaser Oeko-TEX Standard 100&#8243;-Zertifikat<br \/>\nVerschlussart: Klettverschluss<\/p>\n","protected":false},"featured_media":487820,"comment_status":"open","ping_status":"closed","template":"","meta":[],"product_brand":[],"product_cat":[3121],"product_tag":[1479,1481,1483,1385,1390,1391,1392,1393,1394,1395,1396,1397,1398,1399,1400,1401,2463,1450],"class_list":{"0":"post-487821","1":"product","2":"type-product","3":"status-publish","4":"has-post-thumbnail","6":"product_cat-sale","7":"product_tag-farbe-blau","8":"product_tag-farbe-pink","9":"product_tag-groesse-19","10":"product_tag-groesse-20","11":"product_tag-groesse-21","12":"product_tag-groesse-22","13":"product_tag-groesse-23","14":"product_tag-groesse-24","15":"product_tag-groesse-25","16":"product_tag-groesse-26","17":"product_tag-groesse-27","18":"product_tag-groesse-28","19":"product_tag-groesse-29","20":"product_tag-groesse-30","21":"product_tag-groesse-31","22":"product_tag-groesse-32","23":"product_tag-marke-filii","24":"product_tag-sale","26":"first","27":"instock","28":"taxable","29":"shipping-taxable","30":"purchasable","31":"product-type-variable"},"_links":{"self":[{"href":"https:\/\/schuhewiebarfuss.at\/shop\/wp-json\/wp\/v2\/product\/487821","targetHints":{"allow":["GET"]}}],"collection":[{"href":"https:\/\/schuhewiebarfuss.at\/shop\/wp-json\/wp\/v2\/product"}],"about":[{"href":"https:\/\/schuhewiebarfuss.at\/shop\/wp-json\/wp\/v2\/types\/product"}],"replies":[{"embeddable":true,"href":"https:\/\/schuhewiebarfuss.at\/shop\/wp-json\/wp\/v2\/comments?post=487821"}],"wp:featuredmedia":[{"embeddable":true,"href":"https:\/\/schuhewiebarfuss.at\/shop\/wp-json\/wp\/v2\/media\/487820"}],"wp:attachment":[{"href":"https:\/\/schuhewiebarfuss.at\/shop\/wp-json\/wp\/v2\/media?parent=487821"}],"wp:term":[{"taxonomy":"product_brand","embeddable":true,"href":"https:\/\/schuhewiebarfuss.at\/shop\/wp-json\/wp\/v2\/product_brand?post=487821"},{"taxonomy":"product_cat","embeddable":true,"href":"https:\/\/schuhewiebarfuss.at\/shop\/wp-json\/wp\/v2\/product_cat?post=487821"},{"taxonomy":"product_tag","embeddable":true,"href":"https:\/\/schuhewiebarfuss.at\/shop\/wp-json\/wp\/v2\/product_tag?post=487821"}],"curies":[{"name":"wp","href":"https:\/\/api.w.org\/{rel}","templated":true}]}}