{"id":487683,"date":"2024-04-12T11:48:17","date_gmt":"2024-04-12T09:48:17","guid":{"rendered":"https:\/\/schuhewiebarfuss.at\/shop\/produkt\/sportstyle\/"},"modified":"2026-04-25T20:47:52","modified_gmt":"2026-04-25T18:47:52","slug":"sportstyle","status":"publish","type":"product","link":"https:\/\/schuhewiebarfuss.at\/shop\/produkt\/sportstyle\/","title":{"rendered":"sportStyle"},"content":{"rendered":"<p>Dir ist neben dem perfekten Tragegef\u00fchl der sportliche Look deines Sneakers wichtig? Dann ist unser Modell \u201esportSTYLE\u201c genau das richtige f\u00fcr dich. Wie gewohnt ist auch unser sportliches Modell extrem bequem und hat eine d\u00fcnne und flexible Sohle, die f\u00fcr unser geliebtes Barfu\u00dfgef\u00fchl sorgt. Und das Beste: Unser sportliche Schuh ist sogar vegan! Denn als Materialien verwenden wir hier ausschlie\u00dflich nat\u00fcrliche Baumwolle aus kontrolliert biologischem Anbau und atmungsaktive Synthetikfasern.<\/p>\n<p><b>Audio-Beschreibung<\/b><br \/><audio controls src=\"https:\/\/schuhewiebarfuss.at\/shop\/wp-content\/uploads\/lk\/6024_audio.wav\"><br \/>\n                                            Ihr Browser unterst\u00fctzt diese Audio-Ausgabe leider nicht.<br \/>\n                                            <\/ audio ><\/p>\n","protected":false},"excerpt":{"rendered":"<p>Obermaterial: Microfaser \/ Textil<br \/>\nInnenmaterial: Synthetikfasern (atmungsaktiv)<br \/>\nSohle: 100 % synth. Kautschuk<br \/>\nVerschlussart: Sch\u00fcrung <\/p>\n","protected":false},"featured_media":487682,"comment_status":"open","ping_status":"closed","template":"","meta":[],"product_brand":[],"product_cat":[3121],"product_tag":[1479,1371,1570,3152,1600,1368,1373,1374,1375,1376,1377,1378,1379,1380,1381,2447,1450],"class_list":{"0":"post-487683","1":"product","2":"type-product","3":"status-publish","4":"has-post-thumbnail","6":"product_cat-sale","7":"product_tag-farbe-blau","8":"product_tag-farbe-grau","9":"product_tag-farbe-gruen","10":"product_tag-farbe-ocker","11":"product_tag-farbe-rot","12":"product_tag-groesse-37","13":"product_tag-groesse-38","14":"product_tag-groesse-39","15":"product_tag-groesse-40","16":"product_tag-groesse-41","17":"product_tag-groesse-42","18":"product_tag-groesse-43","19":"product_tag-groesse-44","20":"product_tag-groesse-45","21":"product_tag-groesse-46","22":"product_tag-marke-blifestyle","23":"product_tag-sale","25":"first","26":"instock","27":"sale","28":"taxable","29":"shipping-taxable","30":"purchasable","31":"product-type-variable"},"_links":{"self":[{"href":"https:\/\/schuhewiebarfuss.at\/shop\/wp-json\/wp\/v2\/product\/487683","targetHints":{"allow":["GET"]}}],"collection":[{"href":"https:\/\/schuhewiebarfuss.at\/shop\/wp-json\/wp\/v2\/product"}],"about":[{"href":"https:\/\/schuhewiebarfuss.at\/shop\/wp-json\/wp\/v2\/types\/product"}],"replies":[{"embeddable":true,"href":"https:\/\/schuhewiebarfuss.at\/shop\/wp-json\/wp\/v2\/comments?post=487683"}],"wp:featuredmedia":[{"embeddable":true,"href":"https:\/\/schuhewiebarfuss.at\/shop\/wp-json\/wp\/v2\/media\/487682"}],"wp:attachment":[{"href":"https:\/\/schuhewiebarfuss.at\/shop\/wp-json\/wp\/v2\/media?parent=487683"}],"wp:term":[{"taxonomy":"product_brand","embeddable":true,"href":"https:\/\/schuhewiebarfuss.at\/shop\/wp-json\/wp\/v2\/product_brand?post=487683"},{"taxonomy":"product_cat","embeddable":true,"href":"https:\/\/schuhewiebarfuss.at\/shop\/wp-json\/wp\/v2\/product_cat?post=487683"},{"taxonomy":"product_tag","embeddable":true,"href":"https:\/\/schuhewiebarfuss.at\/shop\/wp-json\/wp\/v2\/product_tag?post=487683"}],"curies":[{"name":"wp","href":"https:\/\/api.w.org\/{rel}","templated":true}]}}