{"id":487676,"date":"2024-04-12T11:47:52","date_gmt":"2024-04-12T09:47:52","guid":{"rendered":"https:\/\/schuhewiebarfuss.at\/shop\/produkt\/ultim8-pro-schwarz-weiss\/"},"modified":"2026-02-28T18:27:12","modified_gmt":"2026-02-28T17:27:12","slug":"ultim8-pro-schwarz-weiss","status":"publish","type":"product","link":"https:\/\/schuhewiebarfuss.at\/shop\/produkt\/ultim8-pro-schwarz-weiss\/","title":{"rendered":"Ultim8 Pro Schwarz\/Wei\u00df"},"content":{"rendered":"<p>L\u00e4stiges Riemen einstellen geh\u00f6rt der Vergangenheit an. Mit nur einem Dreh ist die Sandale sicher an deinem Fu\u00df fixiert. Schnell und einfach kann in kleinsten Schritten nachjustiert werden, um den Sitz w\u00e4hrend des Gehens zu optimieren.<\/p>\n<p>Das Obermaterial besteht aus einem speziellen gummierten Textil, welches robust, schmutzabweisend und einfach zu reinigen ist. Das Lycra Textil auf der Innenseite sorgt f\u00fcr den ben\u00f6tigten Komfort und f\u00fchlt sich angenehm weich auf der Haut an.<\/p>\n<p>Die Pro-Series setzt neue Ma\u00dfst\u00e4be in Sachen Handling und Nachhaltigkeit. Die Sohlenplatte und auch alle anderen Bauteile lassen sich einfach austauschen. Mit dem Wechsel der Sohle l\u00e4sst sich die bestehende Sandale schnell deinem Einsatzzweck anpassen. Sollte durch eine \u00dcberbeanspruchung oder altersbedingt ein Bauteil verschlei\u00dfen, k\u00f6nnen Einzelteile nachbestellt und einfach ersetzt werden. Somit ist deine Sandale kosteng\u00fcnstig wieder einsatzbereit.<\/p>\n<p>Der 3-lagige Sohlenaufbau bietet beste Performance und macht die Sohlenplatte \u00e4u\u00dferst flexibel, damit sie sich dem Untergrund und deinem Fu\u00df anschmiegt. Die 6mm Hexa4Grip Light Sohle, gepaart mit der 2mm EVA Mittelsohle, bietet optimalen Komfort auf harten Untergr\u00fcnden. Das 1mm dicke Microfaser Fu\u00dfbett ist rutschhemmend und antibakteriell zugleich.<\/p>\n<p><b>Audio-Beschreibung<\/b><br \/><audio controls src=\"https:\/\/schuhewiebarfuss.at\/shop\/wp-content\/uploads\/lk\/5690_audio.wav\"><br \/>\n                                            Ihr Browser unterst\u00fctzt diese Audio-Ausgabe leider nicht.<br \/>\n                                            <\/ audio ><\/p>\n","protected":false},"excerpt":{"rendered":"<p>Obermaterial: Gummi\/Textil<br \/>\nInnenmaterial: Lycra Textil<br \/>\nSohle: l\u00e4sst sich ausstauschen, auch die einzelteile daf\u00fcr, gibt es zu kaufen.<br \/>\nDer 3-lagige Sohlenaufbau bietet beste Performance und macht die Sohlenplatte \u00e4u\u00dferst flexibel, damit sie sich dem Untergrund und deinem Fu\u00df anschmiegt. Die 6mm Hexa4Grip Light Sohle, gepaart mit der 2mm EVA Mittelsohle, bietet optimalen Komfort auf harten Untergr\u00fcnden. Das 1mm dicke Microfaser Fu\u00dfbett ist rutschhemmend und antibakteriell zugleich.<br \/>\nVerschluss: Drehverschluss, sorgt f\u00fcr einen guten Halt. <\/p>\n","protected":false},"featured_media":487675,"comment_status":"open","ping_status":"closed","template":"","meta":[],"product_brand":[],"product_cat":[852],"product_tag":[1362,1368,1373,1374,1376,1377,1378,1379,1380,2469,1360],"class_list":{"0":"post-487676","1":"product","2":"type-product","3":"status-publish","4":"has-post-thumbnail","6":"product_cat-sandalen-3","7":"product_tag-groesse-36","8":"product_tag-groesse-37","9":"product_tag-groesse-38","10":"product_tag-groesse-39","11":"product_tag-groesse-41","12":"product_tag-groesse-42","13":"product_tag-groesse-43","14":"product_tag-groesse-44","15":"product_tag-groesse-45","16":"product_tag-marke-avo","17":"product_tag-standard","19":"first","20":"instock","21":"taxable","22":"shipping-taxable","23":"purchasable","24":"product-type-variable"},"_links":{"self":[{"href":"https:\/\/schuhewiebarfuss.at\/shop\/wp-json\/wp\/v2\/product\/487676","targetHints":{"allow":["GET"]}}],"collection":[{"href":"https:\/\/schuhewiebarfuss.at\/shop\/wp-json\/wp\/v2\/product"}],"about":[{"href":"https:\/\/schuhewiebarfuss.at\/shop\/wp-json\/wp\/v2\/types\/product"}],"replies":[{"embeddable":true,"href":"https:\/\/schuhewiebarfuss.at\/shop\/wp-json\/wp\/v2\/comments?post=487676"}],"wp:featuredmedia":[{"embeddable":true,"href":"https:\/\/schuhewiebarfuss.at\/shop\/wp-json\/wp\/v2\/media\/487675"}],"wp:attachment":[{"href":"https:\/\/schuhewiebarfuss.at\/shop\/wp-json\/wp\/v2\/media?parent=487676"}],"wp:term":[{"taxonomy":"product_brand","embeddable":true,"href":"https:\/\/schuhewiebarfuss.at\/shop\/wp-json\/wp\/v2\/product_brand?post=487676"},{"taxonomy":"product_cat","embeddable":true,"href":"https:\/\/schuhewiebarfuss.at\/shop\/wp-json\/wp\/v2\/product_cat?post=487676"},{"taxonomy":"product_tag","embeddable":true,"href":"https:\/\/schuhewiebarfuss.at\/shop\/wp-json\/wp\/v2\/product_tag?post=487676"}],"curies":[{"name":"wp","href":"https:\/\/api.w.org\/{rel}","templated":true}]}}