{"id":487577,"date":"2024-04-12T11:42:00","date_gmt":"2024-04-12T09:42:00","guid":{"rendered":"https:\/\/schuhewiebarfuss.at\/shop\/produkt\/ra-ii-lux-herren\/"},"modified":"2026-03-01T07:50:46","modified_gmt":"2026-03-01T06:50:46","slug":"ra-ii-lux-herren","status":"publish","type":"product","link":"https:\/\/schuhewiebarfuss.at\/shop\/produkt\/ra-ii-lux-herren\/","title":{"rendered":"Ra II Lux Herren"},"content":{"rendered":"<p>Unser Barfu\u00df-Oxford-Schn\u00fcrschuh aus Leder, hergestellt in Portugal.<\/p>\n<p>Ra Lux ist unser stilvoller Barfu\u00df-Oxford-Schn\u00fcrschuh, der in Portugal aus hochwertigem lokalem Leder hergestellt wird. Dieser leichte, flexible und atmungsaktive Schuh wurde f\u00fcr einen einfachen \u00dcbergang von der Arbeit zum Spiel entwickelt. Mit einer ultrad\u00fcnnen Sohle ist dieser Style die ideale Mischung aus Barfu\u00dffreiheit und Smart-Casual-Style. Ziehen Sie sich schick f\u00fcr Meetings an oder kleiden Sie sich schick f\u00fcr einen Drink \u2013 Ra Lux ist Ihr ultimativer Begleiter f\u00fcr die Arbeitswoche.<\/p>\n<p>Dezent und stilvoll, f\u00fcr jeden Anlass.<br \/>\nDer Ra Lux ist unser klassischer Oxford-Schn\u00fcrschuh f\u00fcr jeden Tag, der so konzipiert ist, dass Sie ihn mit echtem sensorischen Barfu\u00df-Feedback und Bewegungsfreiheit erkunden k\u00f6nnen.<br \/>\nDieser Schuh wird in Portugal aus lokalem Leder hergestellt.<br \/>\nDer Ra Lux wurde auf unserer d\u00fcnnsten Barfu\u00df-Au\u00dfensohle konstruiert und ist der perfekte Begleiter f\u00fcr Tag und Nacht.<\/p>\n<p><b>Audio-Beschreibung<\/b><br \/><audio controls src=\"https:\/\/schuhewiebarfuss.at\/shop\/wp-content\/uploads\/lk\/6204_audio.wav\"><br \/>\n                                            Ihr Browser unterst\u00fctzt diese Audio-Ausgabe leider nicht.<br \/>\n                                            <\/ audio ><\/p>\n","protected":false},"excerpt":{"rendered":"<p>HAND GESCHNITTEN<br \/>\nTraditionell gefertigtes Lederobermaterial, handwerklich gen\u00e4ht f\u00fcr Qualit\u00e4t und Haltbarkeit.<\/p>\n<p>OBERTEIL AUS LEDER<br \/>\nHergestellt aus nat\u00fcrlichem Rindsleder.<\/p>\n<p>Nat\u00fcrliche Materialien<br \/>\nHergestellt aus nachwachsenden Naturmaterialien.<\/p>\n<p>Keine Einlegesohle<br \/>\nDieses Schuhwerk enth\u00e4lt keine Innensohle, wodurch Sie geerdet bleiben und dem Barfu\u00dfgef\u00fchl noch n\u00e4her kommen.<\/p>\n","protected":false},"featured_media":487576,"comment_status":"open","ping_status":"closed","template":"","meta":[],"product_brand":[],"product_cat":[3121],"product_tag":[1544,1408,1375,1376,1377,1378,1379,1380,1381,1449,2451,1450],"class_list":{"0":"post-487577","1":"product","2":"type-product","3":"status-publish","4":"has-post-thumbnail","6":"product_cat-sale","7":"product_tag-farbe-braun","8":"product_tag-farbe-schwarz","9":"product_tag-groesse-40","10":"product_tag-groesse-41","11":"product_tag-groesse-42","12":"product_tag-groesse-43","13":"product_tag-groesse-44","14":"product_tag-groesse-45","15":"product_tag-groesse-46","16":"product_tag-groesse-47","17":"product_tag-marke-vivobarefoot","18":"product_tag-sale","20":"first","21":"instock","22":"sale","23":"taxable","24":"shipping-taxable","25":"purchasable","26":"product-type-variable"},"_links":{"self":[{"href":"https:\/\/schuhewiebarfuss.at\/shop\/wp-json\/wp\/v2\/product\/487577","targetHints":{"allow":["GET"]}}],"collection":[{"href":"https:\/\/schuhewiebarfuss.at\/shop\/wp-json\/wp\/v2\/product"}],"about":[{"href":"https:\/\/schuhewiebarfuss.at\/shop\/wp-json\/wp\/v2\/types\/product"}],"replies":[{"embeddable":true,"href":"https:\/\/schuhewiebarfuss.at\/shop\/wp-json\/wp\/v2\/comments?post=487577"}],"wp:featuredmedia":[{"embeddable":true,"href":"https:\/\/schuhewiebarfuss.at\/shop\/wp-json\/wp\/v2\/media\/487576"}],"wp:attachment":[{"href":"https:\/\/schuhewiebarfuss.at\/shop\/wp-json\/wp\/v2\/media?parent=487577"}],"wp:term":[{"taxonomy":"product_brand","embeddable":true,"href":"https:\/\/schuhewiebarfuss.at\/shop\/wp-json\/wp\/v2\/product_brand?post=487577"},{"taxonomy":"product_cat","embeddable":true,"href":"https:\/\/schuhewiebarfuss.at\/shop\/wp-json\/wp\/v2\/product_cat?post=487577"},{"taxonomy":"product_tag","embeddable":true,"href":"https:\/\/schuhewiebarfuss.at\/shop\/wp-json\/wp\/v2\/product_tag?post=487577"}],"curies":[{"name":"wp","href":"https:\/\/api.w.org\/{rel}","templated":true}]}}