{"id":487558,"date":"2024-04-12T11:41:18","date_gmt":"2024-04-12T09:41:18","guid":{"rendered":"https:\/\/schuhewiebarfuss.at\/shop\/produkt\/alston-herren-braun\/"},"modified":"2026-03-01T16:26:29","modified_gmt":"2026-03-01T15:26:29","slug":"alston-herren-braun","status":"publish","type":"product","link":"https:\/\/schuhewiebarfuss.at\/shop\/produkt\/alston-herren-braun\/","title":{"rendered":"Alston Herren Braun"},"content":{"rendered":"<p>Der ALSTON ist ein stilvoller \u00dcbergangsschuh, der dem vollnarbigen B\u00fcffelleder seinen besonders rustikalen, originalen Look verdankt. Durch die B\u00e4nder, die von der Ferse \u00fcber die Seiten des Schuhs zu den Schn\u00fcrsenkeln verlaufen und mit diesen verbunden sind, kann man den Schuh wunderbar an den Kn\u00f6chel anpassen. Das Leder und die FeelTrue-Sohle werden nach einer gewissen Zeit deutlich weicher und sorgen so f\u00fcr ein angenehmes Barfu\u00dfgef\u00fchl.<br \/>\nDie Schuhe von Xeroshoes sind ein Tipp f\u00fcr F\u00fc\u00dfe mit hohem Spann &#8211; auch im Zehenbereich sind die Xeroshoes luftig weit geschnitten und erm\u00f6glichen so auch ein leichtes An- und Ausziehen.<\/p>\n<p><b>Audio-Beschreibung<\/b><br \/><audio controls src=\"https:\/\/schuhewiebarfuss.at\/shop\/wp-content\/uploads\/lk\/5489_audio.wav\"><br \/>\n                                            Ihr Browser unterst\u00fctzt diese Audio-Ausgabe leider nicht.<br \/>\n                                            <\/ audio ><\/p>\n","protected":false},"excerpt":{"rendered":"<p>Obermaterial: B\u00fcffelleder<br \/>\nInnenfutter: Leder<br \/>\nSohle: 6 mm FeelTrue &#8211; Gummi Sohle<br \/>\nInnensohle: herausnehmbare 2mm &#8211; Sohle<br \/>\nTyp Verschlussystem: Schn\u00fcrung<\/p>\n","protected":false},"featured_media":487557,"comment_status":"open","ping_status":"closed","template":"","meta":[],"product_brand":[],"product_cat":[836],"product_tag":[1376,1377,1378,1379,1380,1381,1449,2446,1360],"class_list":{"0":"post-487558","1":"product","2":"type-product","3":"status-publish","4":"has-post-thumbnail","6":"product_cat-lifestyle-2","7":"product_tag-groesse-41","8":"product_tag-groesse-42","9":"product_tag-groesse-43","10":"product_tag-groesse-44","11":"product_tag-groesse-45","12":"product_tag-groesse-46","13":"product_tag-groesse-47","14":"product_tag-marke-xero","15":"product_tag-standard","17":"first","18":"instock","19":"taxable","20":"shipping-taxable","21":"purchasable","22":"product-type-variable"},"_links":{"self":[{"href":"https:\/\/schuhewiebarfuss.at\/shop\/wp-json\/wp\/v2\/product\/487558","targetHints":{"allow":["GET"]}}],"collection":[{"href":"https:\/\/schuhewiebarfuss.at\/shop\/wp-json\/wp\/v2\/product"}],"about":[{"href":"https:\/\/schuhewiebarfuss.at\/shop\/wp-json\/wp\/v2\/types\/product"}],"replies":[{"embeddable":true,"href":"https:\/\/schuhewiebarfuss.at\/shop\/wp-json\/wp\/v2\/comments?post=487558"}],"wp:featuredmedia":[{"embeddable":true,"href":"https:\/\/schuhewiebarfuss.at\/shop\/wp-json\/wp\/v2\/media\/487557"}],"wp:attachment":[{"href":"https:\/\/schuhewiebarfuss.at\/shop\/wp-json\/wp\/v2\/media?parent=487558"}],"wp:term":[{"taxonomy":"product_brand","embeddable":true,"href":"https:\/\/schuhewiebarfuss.at\/shop\/wp-json\/wp\/v2\/product_brand?post=487558"},{"taxonomy":"product_cat","embeddable":true,"href":"https:\/\/schuhewiebarfuss.at\/shop\/wp-json\/wp\/v2\/product_cat?post=487558"},{"taxonomy":"product_tag","embeddable":true,"href":"https:\/\/schuhewiebarfuss.at\/shop\/wp-json\/wp\/v2\/product_tag?post=487558"}],"curies":[{"name":"wp","href":"https:\/\/api.w.org\/{rel}","templated":true}]}}