{"id":487417,"date":"2024-04-12T11:34:05","date_gmt":"2024-04-12T09:34:05","guid":{"rendered":"https:\/\/schuhewiebarfuss.at\/shop\/produkt\/lanolin-leder-pflege\/"},"modified":"2026-04-03T18:59:49","modified_gmt":"2026-04-03T16:59:49","slug":"lanolin-leder-pflege","status":"publish","type":"product","link":"https:\/\/schuhewiebarfuss.at\/shop\/produkt\/lanolin-leder-pflege\/","title":{"rendered":"Lanolin Leder Pflege"},"content":{"rendered":"<p>Lederfett \u2013 der optimale Schutz f\u00fcr S\u00e4ttel, Schuhe oder Autositze und vieles mehr:<\/p>\n<p>Eine gr\u00fcndliche Behandlung sowie Schutz vor Wasser, Verunreinigungen und anderen Einfl\u00fcssen erzielen Sie bei Glattlederwaren unterschiedlicher Art durch Lederfett. Das Pflegemittel sorgt f\u00fcr lang anhaltende Sauberkeit und macht das Material geschmeidig und weich. Schnee, N\u00e4sse oder Feuchtigkeit sowie Salz k\u00f6nnen Ihren Lederwaren nach einer Behandlung mit dieser Lederpflege nichts mehr anhaben. Lederfett f\u00fcr Autositze, Pferdes\u00e4ttel oder f\u00fcr Schuhe aus Leder finden Sie in unserem Onlineshop. Es sorgt daf\u00fcr, dass farblos gewordene Oberfl\u00e4chen ihre Farbt\u00f6ne zur\u00fcckerlangen und wieder wie neu aussehen. Gleichzeitig sollte ein hochwertiges Lederpflegemittel leicht aufzutragen sein und schnell einziehen. Egal, welche Waren aus Leder Sie behandeln m\u00f6chten \u2013 unser vielseitiges Sortiment bietet den perfekten Rundum-Schutz und stellt Ihnen das Mittel Ihrer Wahl zur Verf\u00fcgung.<\/p>\n<p>Anwendung und Nutzung von Lederfett:<\/p>\n<p>Bevor Sie mit der Lederpflege Ihre Materialien behandeln, m\u00fcssen diese gr\u00fcndlich gereinigt werden. So verhindern Sie, dass eventuell vorhandene Schmutzpartikel st\u00e4rker in das Leder eingearbeitet und versiegelt werden. F\u00fcr eine sorgf\u00e4ltige S\u00e4uberung eignet sich das Reinigungskonzentrat, das s\u00e4mtliche Verschmutzungen effizient beseitigt. Das Produkt kommt ohne S\u00e4uren oder L\u00f6sungsmittel aus und ist schonend zu Material und Umwelt. Von der Handtasche \u00fcber das Sofa bis zum Stiefel kann es f\u00fcr alle Waren aus Glattleder benutzt werden. Im Anschluss tragen Sie das Fett auf die gew\u00fcnschten Bereiche auf. Verwenden Sie unser Lederfett beispielsweise f\u00fcr Ihre Autositze. Es sorgt daf\u00fcr, dass die urspr\u00fcngliche Farbe wieder st\u00e4rker zur Geltung kommt, und n\u00e4hrt das Leder lang anhaltend auf sanfte Art. \u00dcberdies impr\u00e4gnieren Sie es im gleichen Arbeitsschritt sicher und verl\u00e4sslich. Der Vorteil ist, dass das Pflegemittel, welches keinerlei Wachse oder Silikone enth\u00e4lt, sofort einzieht und Sie somit Ihre Lederwaren direkt danach wieder nutzen k\u00f6nnen<\/p>\n<p>Lederfett auftragen \u2013 leichte und schnelle Pflege:<\/p>\n<p>Die Verwendung des Pflegeproduktes erfordert kaum Aufwand, sodass Sie die Behandlung in k\u00fcrzester Zeit vollziehen. Nutzen Sie ein Tuch oder einen Schwamm und tauchen Sie dieses in die Dose mit dem Mittel ein. Sie ben\u00f6tigen nur eine geringe Menge Lederfett, da es sich um ein hochkonzentriertes Produkt handelt \u2013 so haben Sie lange etwas von Ihrer Lederpflege. Bei Wanderschuhen oder Motorradbekleidung empfiehlt es sich, ein wenig mehr zu verwenden, um der gr\u00f6\u00dferen Gefahr einer Austrocknung entgegenzuwirken. Im Anschluss massieren Sie es vorsichtig in das Leder ein. Da es direkt einzieht, ist der Pflegeprozess hiermit bereits abgeschlossen. \u00dcbrigens: Das Konzentrat ist nicht nur f\u00fcr Leder geeignet \u2013 auch Naturstein, Kunststoffe, Holz sowie Vinyl und T\u00fcrdichtungen behandeln Sie damit gezielt. Lagern Sie das Pflegemittel f\u00fcr Ihre Lederwaren am besten immer bei Zimmertemperatur, dadurch h\u00e4lt es sich unbegrenzt.<\/p>\n<p>Es ist garantiert frei von Giftstoffen und S\u00e4uren, verhindert und entfernt Schnee, Salz und Wasserr\u00e4nder. Ohne Parabene. Unbegrenzt nachhaltig! Wenn Sie mit dem Produkt nicht zufrieden sind, erhalten Sie von Leathercare Ocklenburg eine Geld-zur\u00fcck-Garantie. Zutaten: Lanolin, Avocado\u00f6l, Jojoba\u00f6l, Pflanzenextrakte, Lotusbl\u00fcten-Effekt, sch\u00fctzende Balsame Dieses sch\u00f6ne Produkt n\u00e4hrt und reinigt alle Lederarten. Leathercare kann sicher f\u00fcr alle Lederm\u00f6bel sowie f\u00fcr Autopolster, Geldb\u00f6rsen, Schuhe und Reitausr\u00fcstung sowie f\u00fcr alle Lederfarben verwendet werden. Es ist zweifellos das beste Lederbalsamkonzentrat, das Sie jemals gefunden haben.<\/p>\n<p>Erh\u00e4ltlich in 60 ML und 250 ML Dosen<br \/>\nZu jeder Dose wird 1 Schwamm kostenlos mitgeliefert!<\/p>\n<p><b>Audio-Beschreibung<\/b><br \/><audio controls src=\"https:\/\/schuhewiebarfuss.at\/shop\/wp-content\/uploads\/lk\/6146_audio.wav\"><br \/>\n                                            Ihr Browser unterst\u00fctzt diese Audio-Ausgabe leider nicht.<br \/>\n                                            <\/ audio ><\/p>\n","protected":false},"excerpt":{"rendered":"<p>Unser Lederpflege Konzentrat ist f\u00fcr alle Glattleder und alle Lederfarben geeignet. Es pflegt und n\u00e4hrt das Leder und frischt die originale Farbe wieder auf. In nur einem Arbeitsgang impr\u00e4gnieren Sie wachsfrei Ihr Leder und sch\u00fctzen es vor Schnee und Wasserr\u00e4ndern. Nach dem Auftragen k\u00f6nnen Sie Ihr Leder wieder sofort nutzen, ES ZIEHT SOFORT EIN! Wir empfehlen eine vorherige Reinigung des Leders mit unserem Lederreinigungs \u2013 Konzentrat.<\/p>\n<p>Erh\u00e4ltlich in 60 ML und 250 ML Dosen<br \/>\nZu jeder Dose wird 1 Schwamm kostenlos mitgeliefert!<\/p>\n<p>gro\u00dfe Dose: 250 ML<br \/>\nkleine Dose: 60 ML<\/p>\n","protected":false},"featured_media":487416,"comment_status":"open","ping_status":"closed","template":"","meta":[],"product_brand":[],"product_cat":[824],"product_tag":[1712,1711,2448,1360],"class_list":{"0":"post-487417","1":"product","2":"type-product","3":"status-publish","4":"has-post-thumbnail","6":"product_cat-pflegemittel","7":"product_tag-groesse-gross","8":"product_tag-groesse-klein","9":"product_tag-marke-zubehoer","10":"product_tag-standard","12":"first","13":"instock","14":"taxable","15":"shipping-taxable","16":"purchasable","17":"product-type-variable"},"_links":{"self":[{"href":"https:\/\/schuhewiebarfuss.at\/shop\/wp-json\/wp\/v2\/product\/487417","targetHints":{"allow":["GET"]}}],"collection":[{"href":"https:\/\/schuhewiebarfuss.at\/shop\/wp-json\/wp\/v2\/product"}],"about":[{"href":"https:\/\/schuhewiebarfuss.at\/shop\/wp-json\/wp\/v2\/types\/product"}],"replies":[{"embeddable":true,"href":"https:\/\/schuhewiebarfuss.at\/shop\/wp-json\/wp\/v2\/comments?post=487417"}],"wp:featuredmedia":[{"embeddable":true,"href":"https:\/\/schuhewiebarfuss.at\/shop\/wp-json\/wp\/v2\/media\/487416"}],"wp:attachment":[{"href":"https:\/\/schuhewiebarfuss.at\/shop\/wp-json\/wp\/v2\/media?parent=487417"}],"wp:term":[{"taxonomy":"product_brand","embeddable":true,"href":"https:\/\/schuhewiebarfuss.at\/shop\/wp-json\/wp\/v2\/product_brand?post=487417"},{"taxonomy":"product_cat","embeddable":true,"href":"https:\/\/schuhewiebarfuss.at\/shop\/wp-json\/wp\/v2\/product_cat?post=487417"},{"taxonomy":"product_tag","embeddable":true,"href":"https:\/\/schuhewiebarfuss.at\/shop\/wp-json\/wp\/v2\/product_tag?post=487417"}],"curies":[{"name":"wp","href":"https:\/\/api.w.org\/{rel}","templated":true}]}}