{"id":487386,"date":"2024-04-12T11:33:07","date_gmt":"2024-04-12T09:33:07","guid":{"rendered":"https:\/\/schuhewiebarfuss.at\/shop\/produkt\/dex-shell-waterproof-ultra-thin-socks-schwarz\/"},"modified":"2026-02-28T18:37:54","modified_gmt":"2026-02-28T17:37:54","slug":"dex-shell-waterproof-ultra-thin-socks-schwarz","status":"publish","type":"product","link":"https:\/\/schuhewiebarfuss.at\/shop\/produkt\/dex-shell-waterproof-ultra-thin-socks-schwarz\/","title":{"rendered":"Dex Shell Waterproof Ultra Thin Socks Schwarz"},"content":{"rendered":"<p>Trockene F\u00fc\u00dfe bei Wind und Regen. Komfortable kn\u00f6chelhohe Socken f\u00fcr Sport &amp; Alltag.<\/p>\n<p>100 % wasser- und winddicht<\/p>\n<p>DexShell Ultra Thin Socken bestehen aus einer 3-Lagen-Konstruktion. Zwischen der Innen- und Au\u00dfensocke befindet eine 100 % wasserdichte sowie atmungsaktive Porellen-Membran. Diese sorgt daf\u00fcr, dass die kn\u00f6chelhohen Socken bei Wind und Regen dichthalten. Gleichzeitig bieten sie dem Tr\u00e4ger eine hohe Atmungsaktivit\u00e4t. Im Test hielten die DexShell Fabrikate einer 1000 mm Wassers\u00e4ule stand, ohne Anzeichen von Durchl\u00e4ssigkeit.<\/p>\n<p><b>Audio-Beschreibung<\/b><br \/><audio controls src=\"https:\/\/schuhewiebarfuss.at\/shop\/wp-content\/uploads\/lk\/5348_audio.wav\"><br \/>\n                                            Ihr Browser unterst\u00fctzt diese Audio-Ausgabe leider nicht.<br \/>\n                                            <\/ audio ><\/p>\n","protected":false},"excerpt":{"rendered":"<p>Au\u00dfenmaterial: 75% Modal, 21% Polyamid, 4% Elasthan<br \/>\nInnenmaterial: 70% Viskose, 30% Polyamid<\/p>\n","protected":false},"featured_media":487385,"comment_status":"open","ping_status":"closed","template":"","meta":[],"product_brand":[],"product_cat":[861],"product_tag":[1603,1644,1645,1584,2741,1360],"class_list":{"0":"post-487386","1":"product","2":"type-product","3":"status-publish","4":"has-post-thumbnail","6":"product_cat-unisex-2","7":"product_tag-groesse-36-38","8":"product_tag-groesse-39-42","9":"product_tag-groesse-43-46","10":"product_tag-groesse-47-49","11":"product_tag-marke-dexshell","12":"product_tag-standard","14":"first","15":"instock","16":"taxable","17":"shipping-taxable","18":"purchasable","19":"product-type-variable"},"_links":{"self":[{"href":"https:\/\/schuhewiebarfuss.at\/shop\/wp-json\/wp\/v2\/product\/487386","targetHints":{"allow":["GET"]}}],"collection":[{"href":"https:\/\/schuhewiebarfuss.at\/shop\/wp-json\/wp\/v2\/product"}],"about":[{"href":"https:\/\/schuhewiebarfuss.at\/shop\/wp-json\/wp\/v2\/types\/product"}],"replies":[{"embeddable":true,"href":"https:\/\/schuhewiebarfuss.at\/shop\/wp-json\/wp\/v2\/comments?post=487386"}],"wp:featuredmedia":[{"embeddable":true,"href":"https:\/\/schuhewiebarfuss.at\/shop\/wp-json\/wp\/v2\/media\/487385"}],"wp:attachment":[{"href":"https:\/\/schuhewiebarfuss.at\/shop\/wp-json\/wp\/v2\/media?parent=487386"}],"wp:term":[{"taxonomy":"product_brand","embeddable":true,"href":"https:\/\/schuhewiebarfuss.at\/shop\/wp-json\/wp\/v2\/product_brand?post=487386"},{"taxonomy":"product_cat","embeddable":true,"href":"https:\/\/schuhewiebarfuss.at\/shop\/wp-json\/wp\/v2\/product_cat?post=487386"},{"taxonomy":"product_tag","embeddable":true,"href":"https:\/\/schuhewiebarfuss.at\/shop\/wp-json\/wp\/v2\/product_tag?post=487386"}],"curies":[{"name":"wp","href":"https:\/\/api.w.org\/{rel}","templated":true}]}}