{"id":487330,"date":"2024-04-12T11:32:02","date_gmt":"2024-04-12T09:32:02","guid":{"rendered":"https:\/\/schuhewiebarfuss.at\/shop\/produkt\/falke-ru4-herren-short\/"},"modified":"2026-03-16T18:59:45","modified_gmt":"2026-03-16T17:59:45","slug":"falke-ru4-herren-short","status":"publish","type":"product","link":"https:\/\/schuhewiebarfuss.at\/shop\/produkt\/falke-ru4-herren-short\/","title":{"rendered":"Falke RU4 Herren Short"},"content":{"rendered":"<p>&#8211; Leichte Laufsocken mit mittlerer Polsterung<br \/>\n&#8211; Feuchtigkeitsableitende 3-Lagen-Konstruktion, die die F\u00fc\u00dfe trocken und blasenfrei h\u00e4lt<br \/>\n&#8211; Optimale Passform, angepasst an die spezifischen Anforderungen des jeweiligen Fu\u00dfes (echter L\/R-Fu\u00df)<br \/>\n&#8211; Ultraschnell feuchtigkeitsabsorbierende Baumwollmischung<br \/>\n&#8211; Mittlere Polsterung zum Schutz von Belastungszonen und f\u00fcr Komfort <\/p>\n<p>Mit ihrer mittelstarken Polsterung ist die kn\u00f6chellange Laufsocke &#8222;RU4 Short&#8220; f\u00fcr Herren unsere Allrounder-Socke. Sie sorgt f\u00fcr ausgewogenen Schutz mit mittlerer D\u00e4mpfung sowie guten Schuhkontakt. Die Polsterung bietet au\u00dferdem f\u00fcr Schutz vor Blasen durch Reduzierung der Druckstellen. Schneller Feuchtigkeitstransport sowie die optimale Passform garantieren angenehme und sportliche Jogging-Einheiten.<\/p>\n<p>Material: 45% Polypropylen, 35% Baumwolle, 20% Polyamid<br \/>\nStrumpfl\u00e4nge: Kn\u00f6chel-high<br \/>\nPolsterung: mittelstark<br \/>\nPassform: Anatomisch<br \/>\nSohle: Normal<br \/>\nStil: sportlich <\/p>\n<p><b>Audio-Beschreibung<\/b><br \/><audio controls src=\"https:\/\/schuhewiebarfuss.at\/shop\/wp-content\/uploads\/lk\/6118_audio.wav\"><br \/>\n                                            Ihr Browser unterst\u00fctzt diese Audio-Ausgabe leider nicht.<br \/>\n                                            <\/ audio ><\/p>\n","protected":false},"excerpt":{"rendered":"<p>Feuchtigkeitsregulierend &#8211; Einzigartiges, trockenes Gef\u00fchl auf der Haut durch hohe Feuchtigkeitsaufnahme. <\/p>\n<p>Schnellste R\u00fccktrocknung &#8211; schnell trocknendes Material<\/p>\n<p>D\u00e4mpfende Wirkung &#8211; Maximaler Tragekomfort durch gezielte D\u00e4mpfung des Fu\u00dfes. <\/p>\n","protected":false},"featured_media":487329,"comment_status":"open","ping_status":"closed","template":"","meta":[],"product_brand":[],"product_cat":[857],"product_tag":[1479,1371,1408,1651,1604,1663,1664,1665,1654,2742,1360],"class_list":{"0":"post-487330","1":"product","2":"type-product","3":"status-publish","4":"has-post-thumbnail","6":"product_cat-herren-1","7":"product_tag-farbe-blau","8":"product_tag-farbe-grau","9":"product_tag-farbe-schwarz","10":"product_tag-farbe-weiss","11":"product_tag-groesse-39-41","12":"product_tag-groesse-42-43","13":"product_tag-groesse-44-45","14":"product_tag-groesse-46-48","15":"product_tag-groesse-49-50","16":"product_tag-marke-falke","17":"product_tag-standard","19":"first","20":"instock","21":"taxable","22":"shipping-taxable","23":"purchasable","24":"product-type-variable"},"_links":{"self":[{"href":"https:\/\/schuhewiebarfuss.at\/shop\/wp-json\/wp\/v2\/product\/487330","targetHints":{"allow":["GET"]}}],"collection":[{"href":"https:\/\/schuhewiebarfuss.at\/shop\/wp-json\/wp\/v2\/product"}],"about":[{"href":"https:\/\/schuhewiebarfuss.at\/shop\/wp-json\/wp\/v2\/types\/product"}],"replies":[{"embeddable":true,"href":"https:\/\/schuhewiebarfuss.at\/shop\/wp-json\/wp\/v2\/comments?post=487330"}],"wp:featuredmedia":[{"embeddable":true,"href":"https:\/\/schuhewiebarfuss.at\/shop\/wp-json\/wp\/v2\/media\/487329"}],"wp:attachment":[{"href":"https:\/\/schuhewiebarfuss.at\/shop\/wp-json\/wp\/v2\/media?parent=487330"}],"wp:term":[{"taxonomy":"product_brand","embeddable":true,"href":"https:\/\/schuhewiebarfuss.at\/shop\/wp-json\/wp\/v2\/product_brand?post=487330"},{"taxonomy":"product_cat","embeddable":true,"href":"https:\/\/schuhewiebarfuss.at\/shop\/wp-json\/wp\/v2\/product_cat?post=487330"},{"taxonomy":"product_tag","embeddable":true,"href":"https:\/\/schuhewiebarfuss.at\/shop\/wp-json\/wp\/v2\/product_tag?post=487330"}],"curies":[{"name":"wp","href":"https:\/\/api.w.org\/{rel}","templated":true}]}}