{"id":487227,"date":"2024-04-12T11:28:15","date_gmt":"2024-04-12T09:28:15","guid":{"rendered":"https:\/\/schuhewiebarfuss.at\/shop\/produkt\/klette-blau\/"},"modified":"2026-03-17T18:35:21","modified_gmt":"2026-03-17T17:35:21","slug":"klette-blau","status":"publish","type":"product","link":"https:\/\/schuhewiebarfuss.at\/shop\/produkt\/klette-blau\/","title":{"rendered":"Klette Blau"},"content":{"rendered":"<p>Die Zeit zu Hause ist ein Moment der Erholung und Entlastung der Kinderf\u00fc\u00dfe. Biete Deinem Kind 100% Komfort und w\u00e4hle Hausschuhe mit Stoffeinlage, die weich und flexibel ist. <\/p>\n<p>Hausschuhe f\u00fcr Kinder, die gerne ihre Zeit frei zu Hause verbringen, sollten so bequem wie m\u00f6glich sein. Diese sind mit zus\u00e4tzlichem Material ausgekleidet, das den Komfort der F\u00fc\u00dfe beeintr\u00e4chtigt. <\/p>\n<p><b>Audio-Beschreibung<\/b><br \/><audio controls src=\"https:\/\/schuhewiebarfuss.at\/shop\/wp-content\/uploads\/lk\/5250_audio.wav\"><br \/>\n                                            Ihr Browser unterst\u00fctzt diese Audio-Ausgabe leider nicht.<br \/>\n                                            <\/ audio ><\/p>\n","protected":false},"excerpt":{"rendered":"<p>Obermaterial: Baumwolle<br \/>\nInnenmaterial: Baumwolle<br \/>\nInnensohle: Baumwolle<br \/>\nSohle: Naturkautschuk<br \/>\nSchuhspitze: Rund<br \/>\nVerschluss: Slip on<br \/>\nDetails: Elastisch<\/p>\n","protected":false},"featured_media":487226,"comment_status":"open","ping_status":"closed","template":"","meta":[],"product_brand":[],"product_cat":[843],"product_tag":[1392,1393,1394,1395,1396,1397,1398,1399,1400,1401,1402,1403,1404,1362,2445,1360],"class_list":{"0":"post-487227","1":"product","2":"type-product","3":"status-publish","4":"has-post-thumbnail","6":"product_cat-hausschuhe-3","7":"product_tag-groesse-23","8":"product_tag-groesse-24","9":"product_tag-groesse-25","10":"product_tag-groesse-26","11":"product_tag-groesse-27","12":"product_tag-groesse-28","13":"product_tag-groesse-29","14":"product_tag-groesse-30","15":"product_tag-groesse-31","16":"product_tag-groesse-32","17":"product_tag-groesse-33","18":"product_tag-groesse-34","19":"product_tag-groesse-35","20":"product_tag-groesse-36","21":"product_tag-marke-nanga","22":"product_tag-standard","24":"first","25":"instock","26":"taxable","27":"shipping-taxable","28":"purchasable","29":"product-type-variable"},"_links":{"self":[{"href":"https:\/\/schuhewiebarfuss.at\/shop\/wp-json\/wp\/v2\/product\/487227","targetHints":{"allow":["GET"]}}],"collection":[{"href":"https:\/\/schuhewiebarfuss.at\/shop\/wp-json\/wp\/v2\/product"}],"about":[{"href":"https:\/\/schuhewiebarfuss.at\/shop\/wp-json\/wp\/v2\/types\/product"}],"replies":[{"embeddable":true,"href":"https:\/\/schuhewiebarfuss.at\/shop\/wp-json\/wp\/v2\/comments?post=487227"}],"wp:featuredmedia":[{"embeddable":true,"href":"https:\/\/schuhewiebarfuss.at\/shop\/wp-json\/wp\/v2\/media\/487226"}],"wp:attachment":[{"href":"https:\/\/schuhewiebarfuss.at\/shop\/wp-json\/wp\/v2\/media?parent=487227"}],"wp:term":[{"taxonomy":"product_brand","embeddable":true,"href":"https:\/\/schuhewiebarfuss.at\/shop\/wp-json\/wp\/v2\/product_brand?post=487227"},{"taxonomy":"product_cat","embeddable":true,"href":"https:\/\/schuhewiebarfuss.at\/shop\/wp-json\/wp\/v2\/product_cat?post=487227"},{"taxonomy":"product_tag","embeddable":true,"href":"https:\/\/schuhewiebarfuss.at\/shop\/wp-json\/wp\/v2\/product_tag?post=487227"}],"curies":[{"name":"wp","href":"https:\/\/api.w.org\/{rel}","templated":true}]}}