{"id":487205,"date":"2024-04-12T11:27:34","date_gmt":"2024-04-12T09:27:34","guid":{"rendered":"https:\/\/schuhewiebarfuss.at\/shop\/produkt\/base-kinder\/"},"modified":"2026-03-19T07:41:06","modified_gmt":"2026-03-19T06:41:06","slug":"base-kinder","status":"publish","type":"product","link":"https:\/\/schuhewiebarfuss.at\/shop\/produkt\/base-kinder\/","title":{"rendered":"Base Kinder"},"content":{"rendered":"<p>Barfu\u00dfschuhe im Wassersport f\u00fcr gute Haftung und eine bessere Wahrnehmung im Fu\u00df &#8211; Ideal zum Surfen, f\u00fcr Beachvolleyball im sandigen Untergrund und allen Aktivit\u00e4ten mit Wasserkontakt sind die Kid&#8217;s Base Wassersportschuhe von Ballop!<\/p>\n<p>F\u00fcr guten Grip auf nassen Fl\u00e4chen sorgt die besonders flexible, abriebfeste und rutschsichere Sohle des Schuhs. Der Kid&#8217;s Base hat eine sehr gute, enganliegende Passform und ein nahtloses Design. Die Anziehschlaufe unterst\u00fctzt ein einfaches An-, und Ausziehen der Schuhe. Pflegeleicht und schnelltrocknend sind die Barfu\u00dfschuhe schnell wieder f\u00fcr den n\u00e4chsten Einsatz bereit!<\/p>\n<p><b>Audio-Beschreibung<\/b><br \/><audio controls src=\"https:\/\/schuhewiebarfuss.at\/shop\/wp-content\/uploads\/lk\/6038_audio.wav\"><br \/>\n                                            Ihr Browser unterst\u00fctzt diese Audio-Ausgabe leider nicht.<br \/>\n                                            <\/ audio ><\/p>\n","protected":false},"excerpt":{"rendered":"<p>Obermaterial: Synthetik<br \/>\nSohle: Gummi<br \/>\nVerschlussart: Schl\u00fcpfer<br \/>\nWasserschuh, Sportschuh, Alltag <\/p>\n","protected":false},"featured_media":487204,"comment_status":"open","ping_status":"closed","template":"","meta":[],"product_brand":[],"product_cat":[841],"product_tag":[2461],"class_list":{"0":"post-487205","1":"product","2":"type-product","3":"status-publish","4":"has-post-thumbnail","6":"product_cat-badeschuhe-4","7":"product_tag-marke-ballop","9":"first","10":"instock","11":"taxable","12":"shipping-taxable","13":"purchasable","14":"product-type-simple"},"_links":{"self":[{"href":"https:\/\/schuhewiebarfuss.at\/shop\/wp-json\/wp\/v2\/product\/487205","targetHints":{"allow":["GET"]}}],"collection":[{"href":"https:\/\/schuhewiebarfuss.at\/shop\/wp-json\/wp\/v2\/product"}],"about":[{"href":"https:\/\/schuhewiebarfuss.at\/shop\/wp-json\/wp\/v2\/types\/product"}],"replies":[{"embeddable":true,"href":"https:\/\/schuhewiebarfuss.at\/shop\/wp-json\/wp\/v2\/comments?post=487205"}],"wp:featuredmedia":[{"embeddable":true,"href":"https:\/\/schuhewiebarfuss.at\/shop\/wp-json\/wp\/v2\/media\/487204"}],"wp:attachment":[{"href":"https:\/\/schuhewiebarfuss.at\/shop\/wp-json\/wp\/v2\/media?parent=487205"}],"wp:term":[{"taxonomy":"product_brand","embeddable":true,"href":"https:\/\/schuhewiebarfuss.at\/shop\/wp-json\/wp\/v2\/product_brand?post=487205"},{"taxonomy":"product_cat","embeddable":true,"href":"https:\/\/schuhewiebarfuss.at\/shop\/wp-json\/wp\/v2\/product_cat?post=487205"},{"taxonomy":"product_tag","embeddable":true,"href":"https:\/\/schuhewiebarfuss.at\/shop\/wp-json\/wp\/v2\/product_tag?post=487205"}],"curies":[{"name":"wp","href":"https:\/\/api.w.org\/{rel}","templated":true}]}}