{"id":486922,"date":"2024-04-12T11:19:01","date_gmt":"2024-04-12T09:19:01","guid":{"rendered":"https:\/\/schuhewiebarfuss.at\/shop\/produkt\/maki\/"},"modified":"2026-02-28T21:02:51","modified_gmt":"2026-02-28T20:02:51","slug":"maki","status":"publish","type":"product","link":"https:\/\/schuhewiebarfuss.at\/shop\/produkt\/maki\/","title":{"rendered":"Maki"},"content":{"rendered":"<p>Perfekt f\u00fcr kleine Barfu\u00dffans ist unser Maki. Ob klettern auf dem Spielplatz, Besuch bei Oma oder herumtollen im Kindergarten, mit diesem Modell alles F\u00fc\u00dfe mit einem h\u00f6heren Rist geeignet ist, da der Schuhe in der H\u00f6he mehr Volumen hat. Die Oberfl\u00e4che aus Nappa- und Veloursleder ist unempfindlich, weiches Vlies sowie die flexible Sohle aus Kautschuk mit Echtkork-Anteil sorgen f\u00fcr ein tolles Laufgef\u00fchl. <\/p>\n<p><b>Audio-Beschreibung<\/b><br \/><audio controls src=\"https:\/\/schuhewiebarfuss.at\/shop\/wp-content\/uploads\/lk\/6018_audio.wav\"><br \/>\n                                            Ihr Browser unterst\u00fctzt diese Audio-Ausgabe leider nicht.<br \/>\n                                            <\/ audio ><\/p>\n","protected":false},"excerpt":{"rendered":"<p>Obermaterial: Nappa- \/ Veloursleder<br \/>\nInnenmaterial: Wollvlies<br \/>\nInnensohle: Wollvlies<br \/>\nSohle: 100 % synth. Kautschuk<br \/>\nVerschlussart: Klettverschluss <\/p>\n","protected":false},"featured_media":486921,"comment_status":"open","ping_status":"closed","template":"","meta":[],"product_brand":[],"product_cat":[3121],"product_tag":[1479,1600,1413,1385,1390,1391,1392,1393,1394,1395,1396,1397,1398,1399,1400,1401,1402,2447,1450],"class_list":{"0":"post-486922","1":"product","2":"type-product","3":"status-publish","4":"has-post-thumbnail","6":"product_cat-sale","7":"product_tag-farbe-blau","8":"product_tag-farbe-rot","9":"product_tag-farbe-tuerkis","10":"product_tag-groesse-20","11":"product_tag-groesse-21","12":"product_tag-groesse-22","13":"product_tag-groesse-23","14":"product_tag-groesse-24","15":"product_tag-groesse-25","16":"product_tag-groesse-26","17":"product_tag-groesse-27","18":"product_tag-groesse-28","19":"product_tag-groesse-29","20":"product_tag-groesse-30","21":"product_tag-groesse-31","22":"product_tag-groesse-32","23":"product_tag-groesse-33","24":"product_tag-marke-blifestyle","25":"product_tag-sale","27":"first","28":"instock","29":"taxable","30":"shipping-taxable","31":"purchasable","32":"product-type-variable"},"_links":{"self":[{"href":"https:\/\/schuhewiebarfuss.at\/shop\/wp-json\/wp\/v2\/product\/486922","targetHints":{"allow":["GET"]}}],"collection":[{"href":"https:\/\/schuhewiebarfuss.at\/shop\/wp-json\/wp\/v2\/product"}],"about":[{"href":"https:\/\/schuhewiebarfuss.at\/shop\/wp-json\/wp\/v2\/types\/product"}],"replies":[{"embeddable":true,"href":"https:\/\/schuhewiebarfuss.at\/shop\/wp-json\/wp\/v2\/comments?post=486922"}],"wp:featuredmedia":[{"embeddable":true,"href":"https:\/\/schuhewiebarfuss.at\/shop\/wp-json\/wp\/v2\/media\/486921"}],"wp:attachment":[{"href":"https:\/\/schuhewiebarfuss.at\/shop\/wp-json\/wp\/v2\/media?parent=486922"}],"wp:term":[{"taxonomy":"product_brand","embeddable":true,"href":"https:\/\/schuhewiebarfuss.at\/shop\/wp-json\/wp\/v2\/product_brand?post=486922"},{"taxonomy":"product_cat","embeddable":true,"href":"https:\/\/schuhewiebarfuss.at\/shop\/wp-json\/wp\/v2\/product_cat?post=486922"},{"taxonomy":"product_tag","embeddable":true,"href":"https:\/\/schuhewiebarfuss.at\/shop\/wp-json\/wp\/v2\/product_tag?post=486922"}],"curies":[{"name":"wp","href":"https:\/\/api.w.org\/{rel}","templated":true}]}}