{"id":486725,"date":"2024-04-12T11:10:22","date_gmt":"2024-04-12T09:10:22","guid":{"rendered":"https:\/\/schuhewiebarfuss.at\/shop\/produkt\/fx-trainer-3-schwarz-rot\/"},"modified":"2026-03-31T18:21:27","modified_gmt":"2026-03-31T16:21:27","slug":"fx-trainer-3-schwarz-rot","status":"publish","type":"product","link":"https:\/\/schuhewiebarfuss.at\/shop\/produkt\/fx-trainer-3-schwarz-rot\/","title":{"rendered":"FX Trainer 3 Schwarz\/Rot"},"content":{"rendered":"<p>Der FX Trainer 3 von SOLE RUNNER ist eine Weiterentwicklung des beliebten Modells FX Trainer 2. Wie sein Vorl\u00e4ufermodell besticht auch der FX Trainer 2 durch sein funktionales Schlie\u00dfsystem mit Klettverschluss und zus\u00e4tzlichen Gummiz\u00fcgen, das f\u00fcr einen sicheren Sitz sorgt. Mit seiner nur 2,5 mm d\u00fcnnen abriebfesten Sohle und dem bequemen, atmungsaktiven Obermaterial bietet der Schuh ein perfektes Barfu\u00dferlebnis, das noch verst\u00e4rkt wird durch sein ausgesprochen niedriges Gewicht. Verbessert wurde im Wesentlichen das Obermaterial, das den Schuh nicht nur sch\u00f6n anzusehen ist, sondern auch wasserabweisend und noch atmungsaktiver ist als beim Vorl\u00e4ufermodell.<\/p>\n<p><b>Audio-Beschreibung<\/b><br \/><audio controls src=\"https:\/\/schuhewiebarfuss.at\/shop\/wp-content\/uploads\/lk\/5122_audio.wav\"><br \/>\n                                            Ihr Browser unterst\u00fctzt diese Audio-Ausgabe leider nicht.<br \/>\n                                            <\/ audio ><\/p>\n","protected":false},"excerpt":{"rendered":"<p>F\u00fcr Veganer geeignet<br \/>\nObermaterial: Mesh, schnelle R\u00fccktrocknung, hydrophobiert (Wasser abweisend)<br \/>\nVerschluss: Funktioneller Verschluss: Gummizug und Klettverschluss<br \/>\nForm: Extraweit f\u00fcr kr\u00e4ftige F\u00fc\u00dfe. Vorn weit geschnitten. Die Zehen haben optimale Bewegungsfreiheit<br \/>\nGewicht: ca. 130 gr. Gr. 39, ca. 150 gr. Gr. 41<br \/>\nLaufsohle: ca. 2,5 mm Gummi, Non Marking (nicht abf\u00e4rbend)<\/p>\n","protected":false},"featured_media":486724,"comment_status":"open","ping_status":"closed","template":"","meta":[],"product_brand":[],"product_cat":[3121],"product_tag":[1362,1368,1373,1374,1375,1376,1377,1378,1379,1380,1381,1449,2449,1450],"class_list":{"0":"post-486725","1":"product","2":"type-product","3":"status-publish","4":"has-post-thumbnail","6":"product_cat-sale","7":"product_tag-groesse-36","8":"product_tag-groesse-37","9":"product_tag-groesse-38","10":"product_tag-groesse-39","11":"product_tag-groesse-40","12":"product_tag-groesse-41","13":"product_tag-groesse-42","14":"product_tag-groesse-43","15":"product_tag-groesse-44","16":"product_tag-groesse-45","17":"product_tag-groesse-46","18":"product_tag-groesse-47","19":"product_tag-marke-sole-runner","20":"product_tag-sale","22":"first","23":"instock","24":"taxable","25":"shipping-taxable","26":"purchasable","27":"product-type-variable"},"_links":{"self":[{"href":"https:\/\/schuhewiebarfuss.at\/shop\/wp-json\/wp\/v2\/product\/486725","targetHints":{"allow":["GET"]}}],"collection":[{"href":"https:\/\/schuhewiebarfuss.at\/shop\/wp-json\/wp\/v2\/product"}],"about":[{"href":"https:\/\/schuhewiebarfuss.at\/shop\/wp-json\/wp\/v2\/types\/product"}],"replies":[{"embeddable":true,"href":"https:\/\/schuhewiebarfuss.at\/shop\/wp-json\/wp\/v2\/comments?post=486725"}],"wp:featuredmedia":[{"embeddable":true,"href":"https:\/\/schuhewiebarfuss.at\/shop\/wp-json\/wp\/v2\/media\/486724"}],"wp:attachment":[{"href":"https:\/\/schuhewiebarfuss.at\/shop\/wp-json\/wp\/v2\/media?parent=486725"}],"wp:term":[{"taxonomy":"product_brand","embeddable":true,"href":"https:\/\/schuhewiebarfuss.at\/shop\/wp-json\/wp\/v2\/product_brand?post=486725"},{"taxonomy":"product_cat","embeddable":true,"href":"https:\/\/schuhewiebarfuss.at\/shop\/wp-json\/wp\/v2\/product_cat?post=486725"},{"taxonomy":"product_tag","embeddable":true,"href":"https:\/\/schuhewiebarfuss.at\/shop\/wp-json\/wp\/v2\/product_tag?post=486725"}],"curies":[{"name":"wp","href":"https:\/\/api.w.org\/{rel}","templated":true}]}}