{"id":486706,"date":"2024-04-12T11:08:38","date_gmt":"2024-04-12T09:08:38","guid":{"rendered":"https:\/\/schuhewiebarfuss.at\/shop\/produkt\/skinners-limited-edition\/"},"modified":"2026-03-10T19:24:04","modified_gmt":"2026-03-10T18:24:04","slug":"skinners-limited-edition","status":"publish","type":"product","link":"https:\/\/schuhewiebarfuss.at\/shop\/produkt\/skinners-limited-edition\/","title":{"rendered":"Skinners Limited Edition"},"content":{"rendered":"<p>Barfu\u00df-Gef\u00fchl pur und trotzdem gesch\u00fctzt.<br \/>\nEine Kombination aus Socke und Schuh, welche die Vorteile von Beidem vereint.<br \/>\nDie Fu\u00dfsohle besteht aus einer rutschfesten und wasserdichten Doppelschicht.<br \/>\nEs wurden antibakterielle Garne aus reinem Silber gegen unangenehme Ger\u00fcche verarbeitet.<br \/>\nDas elastische StretchKnit Material bietet hohen Tragekomfort<br \/>\nZusammengerollt passen die SKINNERS Sockenschuhe in jede Hosentasche und k\u00f6nnen \u00fcberall mit hingenommen werden.<br \/>\nHol dir die gesunde Revolution f\u00fcr deine F\u00fc\u00dfe!<\/p>\n<p><b>Audio-Beschreibung<\/b><br \/><audio controls src=\"https:\/\/schuhewiebarfuss.at\/shop\/wp-content\/uploads\/lk\/6086_audio.wav\"><br \/>\n                                            Ihr Browser unterst\u00fctzt diese Audio-Ausgabe leider nicht.<br \/>\n                                            <\/ audio ><\/p>\n","protected":false},"excerpt":{"rendered":"<p>48% Polypropylen<br \/>\n18% Viskose<br \/>\n18% Baumwolle<br \/>\n 9% Elasthan<br \/>\n 4% Polyester<br \/>\n 3% Polyamid<\/p>\n<p>Sohle: phthalatfreie, anti-abrasive Polymermischung<br \/>\nbei 30 Grad in der Waschmaschine waschbar<br \/>\nk\u00f6nnen mit und ohne Socken getragen werden<br \/>\nvegan<\/p>\n","protected":false},"featured_media":486705,"comment_status":"open","ping_status":"closed","template":"","meta":[],"product_brand":[],"product_cat":[3121],"product_tag":[1426,2233,1371,1468,1470,1583,1476,1578,1584,2484,1450],"class_list":{"0":"post-486706","1":"product","2":"type-product","3":"status-publish","4":"has-post-thumbnail","6":"product_cat-sale","7":"product_tag-farbe-dunkelblau","8":"product_tag-farbe-dunkelrot","9":"product_tag-farbe-grau","10":"product_tag-groesse-36-37","11":"product_tag-groesse-38-39","12":"product_tag-groesse-40-42","13":"product_tag-groesse-43-44","14":"product_tag-groesse-45-46","15":"product_tag-groesse-47-49","16":"product_tag-marke-skinners","17":"product_tag-sale","19":"first","20":"instock","21":"taxable","22":"shipping-taxable","23":"purchasable","24":"product-type-variable"},"_links":{"self":[{"href":"https:\/\/schuhewiebarfuss.at\/shop\/wp-json\/wp\/v2\/product\/486706","targetHints":{"allow":["GET"]}}],"collection":[{"href":"https:\/\/schuhewiebarfuss.at\/shop\/wp-json\/wp\/v2\/product"}],"about":[{"href":"https:\/\/schuhewiebarfuss.at\/shop\/wp-json\/wp\/v2\/types\/product"}],"replies":[{"embeddable":true,"href":"https:\/\/schuhewiebarfuss.at\/shop\/wp-json\/wp\/v2\/comments?post=486706"}],"wp:featuredmedia":[{"embeddable":true,"href":"https:\/\/schuhewiebarfuss.at\/shop\/wp-json\/wp\/v2\/media\/486705"}],"wp:attachment":[{"href":"https:\/\/schuhewiebarfuss.at\/shop\/wp-json\/wp\/v2\/media?parent=486706"}],"wp:term":[{"taxonomy":"product_brand","embeddable":true,"href":"https:\/\/schuhewiebarfuss.at\/shop\/wp-json\/wp\/v2\/product_brand?post=486706"},{"taxonomy":"product_cat","embeddable":true,"href":"https:\/\/schuhewiebarfuss.at\/shop\/wp-json\/wp\/v2\/product_cat?post=486706"},{"taxonomy":"product_tag","embeddable":true,"href":"https:\/\/schuhewiebarfuss.at\/shop\/wp-json\/wp\/v2\/product_tag?post=486706"}],"curies":[{"name":"wp","href":"https:\/\/api.w.org\/{rel}","templated":true}]}}