{"id":486460,"date":"2024-04-12T10:50:46","date_gmt":"2024-04-12T08:50:46","guid":{"rendered":"https:\/\/schuhewiebarfuss.at\/shop\/produkt\/porto-rocker-low-herren\/"},"modified":"2026-03-01T18:48:15","modified_gmt":"2026-03-01T17:48:15","slug":"porto-rocker-low-herren","status":"publish","type":"product","link":"https:\/\/schuhewiebarfuss.at\/shop\/produkt\/porto-rocker-low-herren\/","title":{"rendered":"Porto Rocker Low Herren"},"content":{"rendered":"<p>Der beliebte Porto Rocker Low ist ein luxuri\u00f6ser, handgefertigter Casualschuh. Das neue Modell \u00fcberzeugt durch seine einzigartige, abgerundete Ferse, die ein nat\u00fcrliches Abrollen problemlos erm\u00f6glicht. Porto Rocker Low ist ein echtes Designer-Unikat und ist vor allem durch den farblich abgesetzten Fersenbereich mit eingepr\u00e4gtem Logo der Hingucker schelchthin. Du kannst ihn als eleganten Businessschuh zum Anzug tragen, ebenso zu feierlichen Anl\u00e4ssen oder zum stilvollen Outfit in der Freizeit. Sein geb\u00fcrstetes, ungef\u00fcttertes Leder ist von h\u00f6chster Qualit\u00e4t. Alle Modelle der \u2018Made in Portugal\u2018 Kollektion werden in traditioneller Handarbeit in unserer Schuhmanufaktur in Portugal gefertigt. Eines darf nat\u00fcrlich nicht fehlen: das herrliche Barfu\u00dfgef\u00fchl mit der 4mm d\u00fcnnen Handcut-Sohle. Lebe barfu\u00df und biete deinen F\u00fc\u00dfen dabei eine Extraportion Luxus.<\/p>\n<p>ACHTUNG, die Produktabbildungen k\u00f6nnen vom Aussehen der gelieferten Produkte abweichen, insbesondere hinsichtlich der Farbe!<\/p>\n<p><b>Audio-Beschreibung<\/b><br \/><audio controls src=\"https:\/\/schuhewiebarfuss.at\/shop\/wp-content\/uploads\/lk\/6166_audio.wav\"><br \/>\n                                            Ihr Browser unterst\u00fctzt diese Audio-Ausgabe leider nicht.<br \/>\n                                            <\/ audio ><\/p>\n","protected":false},"excerpt":{"rendered":"<p>\u2022Obermaterial: 100% Premium Leder<br \/>\n\u2022100% chromfrei gegerbt<br \/>\n\u2022Innensohle aus Leder<br \/>\n\u2022Made in Portugal<br \/>\n\u2022in traditioneller Handarbeit gefertigt<br \/>\n\u2022patentierte, 4mm d\u00fcnne Premium-Barfu\u00dfsohle<br \/>\n\u2022Pro5: neue durchstichfeste Sohlentechnologie<br \/>\n\u2022atmungsaktiv<br \/>\n\u2022Gewicht pro Paar: 550g (Gr. 42)<\/p>\n<p>ACHTUNG, die Produktabbildungen k\u00f6nnen vom Aussehen der gelieferten Produkte abweichen, insbesondere hinsichtlich der Farbe!<\/p>\n","protected":false},"featured_media":486459,"comment_status":"open","ping_status":"closed","template":"","meta":[],"product_brand":[],"product_cat":[3121],"product_tag":[2232,1408,1375,1376,1377,1378,1379,1380,1381,1449,2451,1450],"class_list":{"0":"post-486460","1":"product","2":"type-product","3":"status-publish","4":"has-post-thumbnail","6":"product_cat-sale","7":"product_tag-farbe-dunkelbraun","8":"product_tag-farbe-schwarz","9":"product_tag-groesse-40","10":"product_tag-groesse-41","11":"product_tag-groesse-42","12":"product_tag-groesse-43","13":"product_tag-groesse-44","14":"product_tag-groesse-45","15":"product_tag-groesse-46","16":"product_tag-groesse-47","17":"product_tag-marke-vivobarefoot","18":"product_tag-sale","20":"first","21":"instock","22":"sale","23":"taxable","24":"shipping-taxable","25":"purchasable","26":"product-type-variable"},"_links":{"self":[{"href":"https:\/\/schuhewiebarfuss.at\/shop\/wp-json\/wp\/v2\/product\/486460","targetHints":{"allow":["GET"]}}],"collection":[{"href":"https:\/\/schuhewiebarfuss.at\/shop\/wp-json\/wp\/v2\/product"}],"about":[{"href":"https:\/\/schuhewiebarfuss.at\/shop\/wp-json\/wp\/v2\/types\/product"}],"replies":[{"embeddable":true,"href":"https:\/\/schuhewiebarfuss.at\/shop\/wp-json\/wp\/v2\/comments?post=486460"}],"wp:featuredmedia":[{"embeddable":true,"href":"https:\/\/schuhewiebarfuss.at\/shop\/wp-json\/wp\/v2\/media\/486459"}],"wp:attachment":[{"href":"https:\/\/schuhewiebarfuss.at\/shop\/wp-json\/wp\/v2\/media?parent=486460"}],"wp:term":[{"taxonomy":"product_brand","embeddable":true,"href":"https:\/\/schuhewiebarfuss.at\/shop\/wp-json\/wp\/v2\/product_brand?post=486460"},{"taxonomy":"product_cat","embeddable":true,"href":"https:\/\/schuhewiebarfuss.at\/shop\/wp-json\/wp\/v2\/product_cat?post=486460"},{"taxonomy":"product_tag","embeddable":true,"href":"https:\/\/schuhewiebarfuss.at\/shop\/wp-json\/wp\/v2\/product_tag?post=486460"}],"curies":[{"name":"wp","href":"https:\/\/api.w.org\/{rel}","templated":true}]}}