{"id":486412,"date":"2024-04-12T10:47:10","date_gmt":"2024-04-12T08:47:10","guid":{"rendered":"https:\/\/schuhewiebarfuss.at\/shop\/produkt\/gobi-hi-iii-damen\/"},"modified":"2026-03-01T17:28:05","modified_gmt":"2026-03-01T16:28:05","slug":"gobi-hi-iii-damen","status":"publish","type":"product","link":"https:\/\/schuhewiebarfuss.at\/shop\/produkt\/gobi-hi-iii-damen\/","title":{"rendered":"Gobi HI III Damen"},"content":{"rendered":"<p>Der VIVOBAREFOOT\u00a0Gobi Hi III, unser beliebtester Winterstiefel in einem neuen, verbesserten und schlankeren Design, gibt Ihnen und Ihren F\u00fc\u00dfen jeden Tag Bewegungsfreiheit. Sie sind aus hochwertigstem Leder und in einem Design, das nicht altert. Das Kunstpelzfutter in Kombination mit der herausnehmbaren Thermo-Innensohle l\u00e4sst Sie die Oberfl\u00e4che unter Ihren F\u00fc\u00dfen sp\u00fcren, ohne dass Ihnen kalt wird.<\/p>\n<p>Mit dem Gobi Hi III bist du perfekt f\u00fcr den Winter ausgestattet. Das hochwertige Pittards Leder sch\u00fctzt deinen Fu\u00df vor Feuchtigkeit, ist gleichzeitig besonders langlebig und kann mit ein wenig Pflege auch nach einem langen, harten Winter wieder geschmeidig gemacht werden. Das Innenfutter aus Kunstfell h\u00e4lt deinen Fu\u00df angenehm warm, die Thermo-Einlegesohle stellt eine isolierende Schicht zwischen Fu\u00df und Boden dar. Die 5mm Sohle mit hexagonalem Profil ist besonders winter- und rutschfest.<\/p>\n<p><b>Audio-Beschreibung<\/b><br \/><audio controls src=\"https:\/\/schuhewiebarfuss.at\/shop\/wp-content\/uploads\/lk\/6153_audio.wav\"><br \/>\n                                            Ihr Browser unterst\u00fctzt diese Audio-Ausgabe leider nicht.<br \/>\n                                            <\/ audio ><\/p>\n","protected":false},"excerpt":{"rendered":"<p>Obermaterial: Pittards\u00ae Premium-Leder<br \/>\nFutter und Decksohle: Isolierung mit Kunstpelz (Textil) + Textildecksohle.<br \/>\nSohle: 5 mm Gummisohle. Sechseckige flexible Sohle f\u00fcr widrige Winterbedingungen (K\u00e4lte, Schnee, Matsch, Regen). Diese Sohle erm\u00f6glicht es Ihnen, das Gel\u00e4nde zu sp\u00fcren, auf dem Sie sich bewegen, insbesondere in den Wintermonaten.<br \/>\nRunde Schn\u00fcrsenkel aus gewachster Baumwolle.<br \/>\nInnenfutter: Kunstpelz<br \/>\nVegan: Nein<\/p>\n","protected":false},"featured_media":486411,"comment_status":"open","ping_status":"closed","template":"","meta":[],"product_brand":[],"product_cat":[3121],"product_tag":[1544,1371,1408,1362,1368,1373,1374,1375,1376,1377,2451,1450],"class_list":{"0":"post-486412","1":"product","2":"type-product","3":"status-publish","4":"has-post-thumbnail","6":"product_cat-sale","7":"product_tag-farbe-braun","8":"product_tag-farbe-grau","9":"product_tag-farbe-schwarz","10":"product_tag-groesse-36","11":"product_tag-groesse-37","12":"product_tag-groesse-38","13":"product_tag-groesse-39","14":"product_tag-groesse-40","15":"product_tag-groesse-41","16":"product_tag-groesse-42","17":"product_tag-marke-vivobarefoot","18":"product_tag-sale","20":"first","21":"instock","22":"taxable","23":"shipping-taxable","24":"purchasable","25":"product-type-variable"},"_links":{"self":[{"href":"https:\/\/schuhewiebarfuss.at\/shop\/wp-json\/wp\/v2\/product\/486412","targetHints":{"allow":["GET"]}}],"collection":[{"href":"https:\/\/schuhewiebarfuss.at\/shop\/wp-json\/wp\/v2\/product"}],"about":[{"href":"https:\/\/schuhewiebarfuss.at\/shop\/wp-json\/wp\/v2\/types\/product"}],"replies":[{"embeddable":true,"href":"https:\/\/schuhewiebarfuss.at\/shop\/wp-json\/wp\/v2\/comments?post=486412"}],"wp:featuredmedia":[{"embeddable":true,"href":"https:\/\/schuhewiebarfuss.at\/shop\/wp-json\/wp\/v2\/media\/486411"}],"wp:attachment":[{"href":"https:\/\/schuhewiebarfuss.at\/shop\/wp-json\/wp\/v2\/media?parent=486412"}],"wp:term":[{"taxonomy":"product_brand","embeddable":true,"href":"https:\/\/schuhewiebarfuss.at\/shop\/wp-json\/wp\/v2\/product_brand?post=486412"},{"taxonomy":"product_cat","embeddable":true,"href":"https:\/\/schuhewiebarfuss.at\/shop\/wp-json\/wp\/v2\/product_cat?post=486412"},{"taxonomy":"product_tag","embeddable":true,"href":"https:\/\/schuhewiebarfuss.at\/shop\/wp-json\/wp\/v2\/product_tag?post=486412"}],"curies":[{"name":"wp","href":"https:\/\/api.w.org\/{rel}","templated":true}]}}