{"id":485721,"date":"2024-04-11T01:05:46","date_gmt":"2024-04-10T23:05:46","guid":{"rendered":"https:\/\/schuhewiebarfuss.at\/shop\/produkt\/eisbaer\/"},"modified":"2026-03-01T16:44:35","modified_gmt":"2026-03-01T15:44:35","slug":"eisbaer","status":"publish","type":"product","link":"https:\/\/schuhewiebarfuss.at\/shop\/produkt\/eisbaer\/","title":{"rendered":"Eisb\u00e4r"},"content":{"rendered":"<p>Das Modell Eisb\u00e4r ist der perfekte Begleiter f\u00fcr Kinderf\u00fc\u00dfe. Der Barfu\u00dfschuh hat eine breite Zehenbox, keine Erh\u00f6hung in der Ferse und ist sehr flexibel. F\u00fcr warme F\u00fc\u00dfe sorgt eine F\u00fctterung aus Wolle. Die Marke bLifestyle setzt zudem auf schadstofffreie Materialien, die einen sehr hohen Standart entsprechen kbA, GOTS,\u00d6ko-Tex, CADS, pflanzlich gegerbtes Bioleder). Alle Materialien sind biologisch abbaubar und kommen aus Europa.<\/p>\n<p><b>Audio-Beschreibung<\/b><br \/><audio controls src=\"https:\/\/schuhewiebarfuss.at\/shop\/wp-content\/uploads\/lk\/6008_audio.wav\"><br \/>\n                                            Ihr Browser unterst\u00fctzt diese Audio-Ausgabe leider nicht.<br \/>\n                                            <\/ audio ><\/p>\n","protected":false},"excerpt":{"rendered":"<p>Obermaterial: Oilskin (Textil)<br \/>\nFutter: 100% Bio Wollfell<br \/>\nAu\u00dfensohle: synth. Gummi<br \/>\nVerschluss: Klett<\/p>\n","protected":false},"featured_media":485720,"comment_status":"open","ping_status":"closed","template":"","meta":[],"product_brand":[],"product_cat":[848],"product_tag":[1570,3023,1481,1600,1385,1390,1391,1392,1393,1394,1395,1396,1397,1398,1399,2447,1360],"class_list":{"0":"post-485721","1":"product","2":"type-product","3":"status-publish","4":"has-post-thumbnail","6":"product_cat-winterschuhe-1","7":"product_tag-farbe-gruen","8":"product_tag-farbe-koenigsblau","9":"product_tag-farbe-pink","10":"product_tag-farbe-rot","11":"product_tag-groesse-20","12":"product_tag-groesse-21","13":"product_tag-groesse-22","14":"product_tag-groesse-23","15":"product_tag-groesse-24","16":"product_tag-groesse-25","17":"product_tag-groesse-26","18":"product_tag-groesse-27","19":"product_tag-groesse-28","20":"product_tag-groesse-29","21":"product_tag-groesse-30","22":"product_tag-marke-blifestyle","23":"product_tag-standard","25":"first","26":"instock","27":"taxable","28":"shipping-taxable","29":"purchasable","30":"product-type-variable"},"_links":{"self":[{"href":"https:\/\/schuhewiebarfuss.at\/shop\/wp-json\/wp\/v2\/product\/485721","targetHints":{"allow":["GET"]}}],"collection":[{"href":"https:\/\/schuhewiebarfuss.at\/shop\/wp-json\/wp\/v2\/product"}],"about":[{"href":"https:\/\/schuhewiebarfuss.at\/shop\/wp-json\/wp\/v2\/types\/product"}],"replies":[{"embeddable":true,"href":"https:\/\/schuhewiebarfuss.at\/shop\/wp-json\/wp\/v2\/comments?post=485721"}],"wp:featuredmedia":[{"embeddable":true,"href":"https:\/\/schuhewiebarfuss.at\/shop\/wp-json\/wp\/v2\/media\/485720"}],"wp:attachment":[{"href":"https:\/\/schuhewiebarfuss.at\/shop\/wp-json\/wp\/v2\/media?parent=485721"}],"wp:term":[{"taxonomy":"product_brand","embeddable":true,"href":"https:\/\/schuhewiebarfuss.at\/shop\/wp-json\/wp\/v2\/product_brand?post=485721"},{"taxonomy":"product_cat","embeddable":true,"href":"https:\/\/schuhewiebarfuss.at\/shop\/wp-json\/wp\/v2\/product_cat?post=485721"},{"taxonomy":"product_tag","embeddable":true,"href":"https:\/\/schuhewiebarfuss.at\/shop\/wp-json\/wp\/v2\/product_tag?post=485721"}],"curies":[{"name":"wp","href":"https:\/\/api.w.org\/{rel}","templated":true}]}}