{"id":485516,"date":"2024-04-11T00:37:44","date_gmt":"2024-04-10T22:37:44","guid":{"rendered":"https:\/\/schuhewiebarfuss.at\/shop\/produkt\/skinners-1-0\/"},"modified":"2026-04-07T22:34:52","modified_gmt":"2026-04-07T20:34:52","slug":"skinners-1-0","status":"publish","type":"product","link":"https:\/\/schuhewiebarfuss.at\/shop\/produkt\/skinners-1-0\/","title":{"rendered":"Skinners 1.0"},"content":{"rendered":"<p>Du l\u00e4ufst am liebsten den ganzen Tag barfu\u00df oder in Socken und qu\u00e4lst deine F\u00fc\u00dfe nur ungerne in festes Schuhwerk? Dann sind die Athleisure Line Socken von Skinners wie gemacht f\u00fcr dich.<\/p>\n<p>Im Prinzip sind die Skinners Socken, die du eigenst\u00e4ndig anstatt deiner Schuhe tr\u00e4gst und die sich selbst keine Grenzen setzen. Auf langen Reisen schlupfst du in sie, um deinen F\u00fc\u00dfen eine Entspannung zu g\u00f6nnen, beim Baden schlenderst du in ihnen \u00fcber hei\u00dfen Sand und harte Steine, beim Spazierengehen trainierst du in ihnen deine Fu\u00dfmuskulatur und ge\u00fcbte Barfu\u00dfl\u00e4ufer trauen sich in ihnen sogar zur Feierabendrunde nach drau\u00dfen. Logischerweise sind die Athleisure Line Socken auch eine Top-Option f\u00fcrs Workout im Fitnessstudio oder die Yoga-Session.<\/p>\n<p>Damit das funktioniert, arbeitet Skinners mit einem hochwertigen 3-lagigen Polymere-Gewebe aus Schweden. Das stretchige Material ist angenehm atmungsaktiv, passt wie eine Socke und ist antibakteriell behandelt. Die Socken sind zudem Klebstoff- und Phthalate-frei und werden in Tschechien handgefertigt.<\/p>\n<p>Du brauchst noch mehr Gr\u00fcnde? Die Sohle ist extra abriebfest und auf viele hundert Kilometer Strecke ausgelegt. Dazu wiegen die Skinners gerademal 80 g und lassen sich praktisch aufrollen. So kannst du sie in ihrem Packsack immer mit dabei haben und wenn deine Schuhe dich nerven, steigst du einfach auf die Athleisure Line Socken um.<\/p>\n<p><b>Audio-Beschreibung<\/b><br \/><audio controls src=\"https:\/\/schuhewiebarfuss.at\/shop\/wp-content\/uploads\/lk\/6087_audio.wav\"><br \/>\n                                            Ihr Browser unterst\u00fctzt diese Audio-Ausgabe leider nicht.<br \/>\n                                            <\/ audio ><\/p>\n","protected":false},"excerpt":{"rendered":"<p>48% Polypropylen<br \/>\n18% Viskose<br \/>\n18% Baumwolle<br \/>\n 9% Elasthan<br \/>\n 4% Polyester<br \/>\n 3% Polyamid<\/p>\n<p>Sohle: phthalatfreie, anti-abrasive Polymermischung<br \/>\nbei 30 Grad in der Waschmaschine waschbar<br \/>\nk\u00f6nnen mit und ohne Socken getragen werden<br \/>\nvegan<\/p>\n","protected":false},"featured_media":485515,"comment_status":"open","ping_status":"closed","template":"","meta":[],"product_brand":[],"product_cat":[3121],"product_tag":[1371,1570,1429,1558,1481,1408,1651,1468,1470,1583,1476,1578,1584,2484,1450],"class_list":{"0":"post-485516","1":"product","2":"type-product","3":"status-publish","4":"has-post-thumbnail","6":"product_cat-sale","7":"product_tag-farbe-grau","8":"product_tag-farbe-gruen","9":"product_tag-farbe-hellgrau","10":"product_tag-farbe-olivegruen","11":"product_tag-farbe-pink","12":"product_tag-farbe-schwarz","13":"product_tag-farbe-weiss","14":"product_tag-groesse-36-37","15":"product_tag-groesse-38-39","16":"product_tag-groesse-40-42","17":"product_tag-groesse-43-44","18":"product_tag-groesse-45-46","19":"product_tag-groesse-47-49","20":"product_tag-marke-skinners","21":"product_tag-sale","23":"first","24":"instock","25":"taxable","26":"shipping-taxable","27":"purchasable","28":"product-type-variable"},"_links":{"self":[{"href":"https:\/\/schuhewiebarfuss.at\/shop\/wp-json\/wp\/v2\/product\/485516","targetHints":{"allow":["GET"]}}],"collection":[{"href":"https:\/\/schuhewiebarfuss.at\/shop\/wp-json\/wp\/v2\/product"}],"about":[{"href":"https:\/\/schuhewiebarfuss.at\/shop\/wp-json\/wp\/v2\/types\/product"}],"replies":[{"embeddable":true,"href":"https:\/\/schuhewiebarfuss.at\/shop\/wp-json\/wp\/v2\/comments?post=485516"}],"wp:featuredmedia":[{"embeddable":true,"href":"https:\/\/schuhewiebarfuss.at\/shop\/wp-json\/wp\/v2\/media\/485515"}],"wp:attachment":[{"href":"https:\/\/schuhewiebarfuss.at\/shop\/wp-json\/wp\/v2\/media?parent=485516"}],"wp:term":[{"taxonomy":"product_brand","embeddable":true,"href":"https:\/\/schuhewiebarfuss.at\/shop\/wp-json\/wp\/v2\/product_brand?post=485516"},{"taxonomy":"product_cat","embeddable":true,"href":"https:\/\/schuhewiebarfuss.at\/shop\/wp-json\/wp\/v2\/product_cat?post=485516"},{"taxonomy":"product_tag","embeddable":true,"href":"https:\/\/schuhewiebarfuss.at\/shop\/wp-json\/wp\/v2\/product_tag?post=485516"}],"curies":[{"name":"wp","href":"https:\/\/api.w.org\/{rel}","templated":true}]}}